{"id":1040,"date":"2018-04-06T08:23:27","date_gmt":"2018-04-06T08:23:27","guid":{"rendered":"https:\/\/thummerer.hu\/borturizmus\/"},"modified":"2021-06-18T14:11:27","modified_gmt":"2021-06-18T14:11:27","slug":"wine-tourism","status":"publish","type":"page","link":"https:\/\/thummerer.hu\/en\/wine-tourism\/","title":{"rendered":"Wine Tourism"},"content":{"rendered":"<p>[vc_row el_class=&#8221;cont mobiloncsere vissza&#8221;][vc_column width=&#8221;1\/2&#8243;][vc_column_text]<\/p>\n<h3>WINE TOURISM CONTACTS<\/h3>\n<p>Guided winery tours and wine tasting events only available after makin a reservation.<\/p>\n<p>Monday,Tuesday: We are closed<\/p>\n<p>Thummerer \u00c9va<br \/>\nPhone: +36 20 946 2178 | <a href=\"\/\/www.magtarfogado.hu\" target=\"_blank\" rel=\"noopener\">www.magtarfogado.hu<\/a><br \/>\nE-mail: <a href=\"mailto:info@thummerer.hu\">info@thummerer.hu<\/a> | <a href=\"mailto:info@magtarfogado.hu\">info@magtarfogado.hu<\/a><br \/>\nWeb: <a href=\"\/\/www.magtarfogado.hu\" target=\"_blank\" rel=\"noopener\">www.magtarfogado.hu<\/a><\/p>\n<p>Attending a cellar visit, the guests get an opportunity to take a walk in the 4200 m2 cellar system, which was carved into a volcanic tuff mountain and see barrel and bottle aging isles, modern technological equipment, stainless steel tanks and the everyday work of the winery. After the walk, the guests can take part in our different wine tasting programs, where we provide the tasting of 6 different types of our wines harmonized with meals. During the guided wine tasting, you can learn about tasting skills and the harmony between the wine and food.[\/vc_column_text][vc_column_text]<\/p>\n<h3>YOU CAN INQUIRE ABOUT WINE TOURISM ALSO BY FILLING OUT THE FOLLOWING FORM:<\/h3>\n<p><script type=\"text\/javascript\">\n\/* <![CDATA[ *\/\nvar gform;gform||(document.addEventListener(\"gform_main_scripts_loaded\",function(){gform.scriptsLoaded=!0}),document.addEventListener(\"gform\/theme\/scripts_loaded\",function(){gform.themeScriptsLoaded=!0}),window.addEventListener(\"DOMContentLoaded\",function(){gform.domLoaded=!0}),gform={domLoaded:!1,scriptsLoaded:!1,themeScriptsLoaded:!1,isFormEditor:()=>\"function\"==typeof InitializeEditor,callIfLoaded:function(o){return!(!gform.domLoaded||!gform.scriptsLoaded||!gform.themeScriptsLoaded&&!gform.isFormEditor()||(gform.isFormEditor()&&console.warn(\"The use of gform.initializeOnLoaded() is deprecated in the form editor context and will be removed in Gravity Forms 3.1.\"),o(),0))},initializeOnLoaded:function(o){gform.callIfLoaded(o)||(document.addEventListener(\"gform_main_scripts_loaded\",()=>{gform.scriptsLoaded=!0,gform.callIfLoaded(o)}),document.addEventListener(\"gform\/theme\/scripts_loaded\",()=>{gform.themeScriptsLoaded=!0,gform.callIfLoaded(o)}),window.addEventListener(\"DOMContentLoaded\",()=>{gform.domLoaded=!0,gform.callIfLoaded(o)}))},hooks:{action:{},filter:{}},addAction:function(o,r,e,t){gform.addHook(\"action\",o,r,e,t)},addFilter:function(o,r,e,t){gform.addHook(\"filter\",o,r,e,t)},doAction:function(o){gform.doHook(\"action\",o,arguments)},applyFilters:function(o){return gform.doHook(\"filter\",o,arguments)},removeAction:function(o,r){gform.removeHook(\"action\",o,r)},removeFilter:function(o,r,e){gform.removeHook(\"filter\",o,r,e)},addHook:function(o,r,e,t,n){null==gform.hooks[o][r]&&(gform.hooks[o][r]=[]);var d=gform.hooks[o][r];null==n&&(n=r+\"_\"+d.length),gform.hooks[o][r].push({tag:n,callable:e,priority:t=null==t?10:t})},doHook:function(r,o,e){var t;if(e=Array.prototype.slice.call(e,1),null!=gform.hooks[r][o]&&((o=gform.hooks[r][o]).sort(function(o,r){return o.priority-r.priority}),o.forEach(function(o){\"function\"!=typeof(t=o.callable)&&(t=window[t]),\"action\"==r?t.apply(null,e):e[0]=t.apply(null,e)})),\"filter\"==r)return e[0]},removeHook:function(o,r,t,n){var e;null!=gform.hooks[o][r]&&(e=(e=gform.hooks[o][r]).filter(function(o,r,e){return!!(null!=n&&n!=o.tag||null!=t&&t!=o.priority)}),gform.hooks[o][r]=e)}});\n\/* ]]> *\/\n<\/script>\n\n                <div class='gf_browser_gecko gform_wrapper gform_legacy_markup_wrapper gform-theme--no-framework urlap-borturizmus_wrapper' data-form-theme='legacy' data-form-index='0' id='gform_wrapper_4' ><div id='gf_4' class='gform_anchor' tabindex='-1'><\/div><form method='post' enctype='multipart\/form-data' target='gform_ajax_frame_4' id='gform_4' class='urlap-borturizmus' action='\/en\/wp-json\/wp\/v2\/pages\/1040#gf_4' data-formid='4' novalidate><div class='gf_invisible ginput_recaptchav3' data-sitekey='6LejzdkrAAAAADzCdgPwtU_tcj0sHXfziNAskXoa' data-tabindex='49'><input id=\"input_35be03f21148cf7daf00d9edcddf7231\" class=\"gfield_recaptcha_response\" type=\"hidden\" name=\"input_35be03f21148cf7daf00d9edcddf7231\" value=\"\"\/><\/div>\n                        <div class='gform-body gform_body'><ul id='gform_fields_4' class='gform_fields top_label form_sublabel_below description_below validation_below'><li id=\"field_4_1\" class=\"gfield gfield--type-text gfield--input-type-text gfield_contains_required field_sublabel_below gfield--no-description field_description_below hidden_label field_validation_below gfield_visibility_visible\"  ><label class='gfield_label gform-field-label' for='input_4_1'>Name<span class=\"gfield_required\"><span class=\"gfield_required gfield_required_asterisk\">*<\/span><\/span><\/label><div class='ginput_container ginput_container_text'><input name='input_1' id='input_4_1' type='text' value='' class='small'   tabindex='50' placeholder='Name' aria-required=\"true\" aria-invalid=\"false\"   \/><\/div><\/li><li id=\"field_4_3\" class=\"gfield gfield--type-email gfield--input-type-email gfield_contains_required field_sublabel_below gfield--no-description field_description_below hidden_label field_validation_below gfield_visibility_visible\"  ><label class='gfield_label gform-field-label' for='input_4_3'>E-mail<span class=\"gfield_required\"><span class=\"gfield_required gfield_required_asterisk\">*<\/span><\/span><\/label><div class='ginput_container ginput_container_email'>\n                            <input name='input_3' id='input_4_3' type='email' value='' class='small' tabindex='51'  placeholder='E-mail' aria-required=\"true\" aria-invalid=\"false\"  \/>\n                        <\/div><\/li><li id=\"field_4_4\" class=\"gfield gfield--type-textarea gfield--input-type-textarea field_sublabel_below gfield--no-description field_description_below hidden_label field_validation_below gfield_visibility_visible\"  ><label class='gfield_label gform-field-label' for='input_4_4'>Message<\/label><div class='ginput_container ginput_container_textarea'><textarea name='input_4' id='input_4_4' class='textarea large' tabindex='52'   placeholder='Message'  aria-invalid=\"false\"   rows='10' cols='50'><\/textarea><\/div><\/li><li id=\"field_4_5\" class=\"gfield gfield--type-consent gfield--type-choice gfield--input-type-consent gfield--width-full field_sublabel_below gfield--no-description field_description_below hidden_label field_validation_below gfield_visibility_visible\"  ><label class='gfield_label gform-field-label gfield_label_before_complex' >Consent<\/label><div class='ginput_container ginput_container_consent'><input name='input_5.1' id='input_4_5_1' type='checkbox' value='1' tabindex='53'   aria-invalid=\"false\"   \/> <label class=\"gform-field-label gform-field-label--type-inline gfield_consent_label\" for='input_4_5_1' >I have read and accept the <a href=\"https:\/\/thummerer.hu\/en\/data-management-policy\/\">Privacy Policy<\/a>.<\/label><input type='hidden' name='input_5.2' value='I have read and accept the &lt;a href=&quot;https:\/\/thummerer.hu\/en\/data-management-policy\/&quot;&gt;Privacy Policy&lt;\/a&gt;.' class='gform_hidden' \/><input type='hidden' name='input_5.3' value='6' class='gform_hidden' \/><\/div><\/li><\/ul><\/div>\n        <div class='gform-footer gform_footer top_label'> <input type='submit' id='gform_submit_button_4' class='gform_button button' onclick='gform.submission.handleButtonClick(this);' data-submission-type='submit' value='Submit' tabindex='54' \/> <input type='hidden' name='gform_ajax' value='form_id=4&amp;title=&amp;description=&amp;tabindex=49&amp;theme=legacy&amp;styles=[]&amp;hash=6f2d2b7d782af4e26a4a91c27f44cd89' \/>\n            <input type='hidden' class='gform_hidden' name='gform_submission_method' data-js='gform_submission_method_4' value='iframe' \/>\n            <input type='hidden' class='gform_hidden' name='gform_theme' data-js='gform_theme_4' id='gform_theme_4' value='legacy' \/>\n            <input type='hidden' class='gform_hidden' name='gform_style_settings' data-js='gform_style_settings_4' id='gform_style_settings_4' value='[]' \/>\n            <input type='hidden' class='gform_hidden' name='is_submit_4' value='1' \/>\n            <input type='hidden' class='gform_hidden' name='gform_submit' value='4' \/>\n            \n            <input type='hidden' class='gform_hidden' name='gform_currency' data-currency='USD' value='4lktjSnmUTpUYuBL4C332lqCp7t\/Wy0vrftLBXx\/qMENzL9YIwBwvY7hMSwd2ukVkAJBGqFecZcLLM899HRadlKNarQFCUh7a7+srV4nvYm3A7Q=' \/>\n            <input type='hidden' class='gform_hidden' name='gform_unique_id' value='' \/>\n            <input type='hidden' class='gform_hidden' name='state_4' value='WyJ7XCI1LjFcIjpcIjBmYTU5OTRiNTVmMTM3OTY2NTEwZmEyZWY2N2JiYjkyXCIsXCI1LjJcIjpcImEwMzg0OWU1MDIwNzc5ODUzYzY2NDhiMDVkODllOWE1XCIsXCI1LjNcIjpcIjViOGU2OWEwZjBjNzVjMGM3MzYzOTQ5MjgwYjhkZjkzXCJ9IiwiZTFjNzVmNGE1ZDFjOTY2YWVmNmRiZTZhYzMwYTVjOGQiXQ==' \/>\n            <input type='hidden' autocomplete='off' class='gform_hidden' name='gform_target_page_number_4' id='gform_target_page_number_4' value='0' \/>\n            <input type='hidden' autocomplete='off' class='gform_hidden' name='gform_source_page_number_4' id='gform_source_page_number_4' value='1' \/>\n            <input type='hidden' name='gform_field_values' value='' \/>\n            \n        <\/div>\n                        <\/form>\n                        <\/div>\n\t\t                <iframe style='display:none;width:0px;height:0px;' src='about:blank' name='gform_ajax_frame_4' id='gform_ajax_frame_4' title='This iframe contains the logic required to handle Ajax powered Gravity Forms.'><\/iframe>\n\t\t                <script type=\"text\/javascript\">\n\/* <![CDATA[ *\/\n gform.initializeOnLoaded( function() {gformInitSpinner( 4, 'https:\/\/thummerer.hu\/wp-content\/plugins\/gravityforms\/images\/spinner.svg', true );jQuery('#gform_ajax_frame_4').on('load',function(){var contents = jQuery(this).contents().find('*').html();var is_postback = contents.indexOf('GF_AJAX_POSTBACK') >= 0;if(!is_postback){return;}var form_content = jQuery(this).contents().find('#gform_wrapper_4');var is_confirmation = jQuery(this).contents().find('#gform_confirmation_wrapper_4').length > 0;var is_redirect = contents.indexOf('gformRedirect(){') >= 0;var is_form = form_content.length > 0 && ! is_redirect && ! is_confirmation;var mt = parseInt(jQuery('html').css('margin-top'), 10) + parseInt(jQuery('body').css('margin-top'), 10) + 100;if(is_form){jQuery('#gform_wrapper_4').html(form_content.html());if(form_content.hasClass('gform_validation_error')){jQuery('#gform_wrapper_4').addClass('gform_validation_error');} else {jQuery('#gform_wrapper_4').removeClass('gform_validation_error');}setTimeout( function() { \/* delay the scroll by 50 milliseconds to fix a bug in chrome *\/ jQuery(document).scrollTop(jQuery('#gform_wrapper_4').offset().top - mt); }, 50 );if(window['gformInitDatepicker']) {gformInitDatepicker();}if(window['gformInitPriceFields']) {gformInitPriceFields();}var current_page = jQuery('#gform_source_page_number_4').val();gformInitSpinner( 4, 'https:\/\/thummerer.hu\/wp-content\/plugins\/gravityforms\/images\/spinner.svg', true );jQuery(document).trigger('gform_page_loaded', [4, current_page]);window['gf_submitting_4'] = false;}else if(!is_redirect){var confirmation_content = jQuery(this).contents().find('.GF_AJAX_POSTBACK').html();if(!confirmation_content){confirmation_content = contents;}jQuery('#gform_wrapper_4').replaceWith(confirmation_content);jQuery(document).scrollTop(jQuery('#gf_4').offset().top - mt);jQuery(document).trigger('gform_confirmation_loaded', [4]);window['gf_submitting_4'] = false;wp.a11y.speak(jQuery('#gform_confirmation_message_4').text());}else{jQuery('#gform_4').append(contents);if(window['gformRedirect']) {gformRedirect();}}jQuery(document).trigger(\"gform_pre_post_render\", [{ formId: \"4\", currentPage: \"current_page\", abort: function() { this.preventDefault(); } }]);        if (event && event.defaultPrevented) {                return;        }        const gformWrapperDiv = document.getElementById( \"gform_wrapper_4\" );        if ( gformWrapperDiv ) {            const visibilitySpan = document.createElement( \"span\" );            visibilitySpan.id = \"gform_visibility_test_4\";            gformWrapperDiv.insertAdjacentElement( \"afterend\", visibilitySpan );        }        const visibilityTestDiv = document.getElementById( \"gform_visibility_test_4\" );        let postRenderFired = false;        function triggerPostRender() {            if ( postRenderFired ) {                return;            }            postRenderFired = true;            gform.core.triggerPostRenderEvents( 4, current_page );            if ( visibilityTestDiv ) {                visibilityTestDiv.parentNode.removeChild( visibilityTestDiv );            }        }        function debounce( func, wait, immediate ) {            var timeout;            return function() {                var context = this, args = arguments;                var later = function() {                    timeout = null;                    if ( !immediate ) func.apply( context, args );                };                var callNow = immediate && !timeout;                clearTimeout( timeout );                timeout = setTimeout( later, wait );                if ( callNow ) func.apply( context, args );            };        }        const debouncedTriggerPostRender = debounce( function() {            triggerPostRender();        }, 200 );        if ( visibilityTestDiv && visibilityTestDiv.offsetParent === null ) {            const observer = new MutationObserver( ( mutations ) => {                mutations.forEach( ( mutation ) => {                    if ( mutation.type === 'attributes' && visibilityTestDiv.offsetParent !== null ) {                        debouncedTriggerPostRender();                        observer.disconnect();                    }                });            });            observer.observe( document.body, {                attributes: true,                childList: false,                subtree: true,                attributeFilter: [ 'style', 'class' ],            });        } else {            triggerPostRender();        }    } );} ); \n\/* ]]> *\/\n<\/script>\n[\/vc_column_text][vc_column_text]<\/p>\n<h3>WINE TASTING PROGRAMS FOR GROUPS<\/h3>\n<p><em>1. Cellar visit (min. 8 people)<\/em><br \/>\nTasting six types of wine with a tasting platter (cheese, cottage cheese, bread, apple)<\/p>\n<p><em>2. Cellar visit (min. 8 people)<\/em><br \/>\nCheese and wine tasting (six types of wine paired with six types of artisan home-made cheese)<\/p>\n<p><em>3. Wine tasting with wood-fired dishes (min. 12 people)<\/em><br \/>\nTasting six types of wine with a lunch or dinner made in our wood fired oven (different menus)<\/p>\n<p><em>4. Wine degustation dinners<\/em><br \/>\nWine tasting with a set menu where the harmony between the wine and the meal provides a unique experience.<\/p>\n<p><em>5. Cooking courses<\/em>[\/vc_column_text][vc_column_text]<\/p>\n<h3>WINE TASTING PROVIDES A UNIQUE AND COMPLEX EXPERIENCE. WE HOPE YOU WILL BE PART OF THIS EXPERIENCE TOO!<\/h3>\n<p><em>Would you like to become an amateur wine expert? Do you think that the wine world is gradually getting more complicated?<\/em><\/p>\n<p>Feel the unique tastes and flavors of the wine, which you can discover over and over again. During wine tastings we not only please our palates but also nourish our souls. The process of enjoying wine gives us a break from daily stress.<br \/>\nIf you like to drink red and white wine, but can\u2019t always describe what you are sensing on your palate or express in words the different aromas or characters, don\u2019t worry! Most of us are like this. But if you want to know a little more about wine, how wines are made and how to taste wine, we are more than happy to welcome you on one of our wine tasting events.[\/vc_column_text][\/vc_column][vc_column width=&#8221;1\/4&#8243;][vc_single_image image=&#8221;4526&#8243; img_size=&#8221;large&#8221; onclick=&#8221;link_image&#8221;][vc_single_image image=&#8221;4529&#8243; img_size=&#8221;large&#8221; onclick=&#8221;link_image&#8221;][vc_single_image image=&#8221;4533&#8243; img_size=&#8221;large&#8221; onclick=&#8221;link_image&#8221;][vc_single_image image=&#8221;4536&#8243; img_size=&#8221;large&#8221; onclick=&#8221;link_image&#8221;][\/vc_column][\/vc_row]<\/p>\n","protected":false},"excerpt":{"rendered":"<p>[vc_row el_class=&#8221;cont mobiloncsere vissza&#8221;][vc_column width=&#8221;1\/2&#8243;][vc_column_text]<\/p>\n<p>WINE TOURISM CONTACTS<\/p>\n<p>Guided winery tours and wine tasting events only available after makin a reservation.<\/p>\n<p>Monday,Tuesday: We are closed<\/p>\n<p>Thummerer \u00c9va<br \/>\nPhone: +36 20 946 2178 | <a href=\"\/\/www.magtarfogado.hu\" target=\"_blank\" rel=\"noopener\">www.magtarfogado.hu<\/a><br \/>\nE-mail: <a href=\"mailto:info@thummerer.hu\">info@thummerer.hu<\/a> | <a href=\"mailto:info@magtarfogado.hu\">info@magtarfogado.hu<\/a><br \/>\nWeb: <a href=\"\/\/www.magtarfogado.hu\" target=\"_blank\" rel=\"noopener\">www.magtarfogado.hu<\/a><\/p>\n<p>Attending a cellar visit,<\/p>\n<p> <a href=\"https:\/\/thummerer.hu\/en\/wine-tourism\/\">Read more<\/a><\/p>\n","protected":false},"author":1038,"featured_media":0,"parent":0,"menu_order":0,"comment_status":"closed","ping_status":"closed","template":"","meta":{"_acf_changed":false,"footnotes":""},"class_list":["post-1040","page","type-page","status-publish","hentry"],"acf":[],"yoast_head":"<!-- This site is optimized with the Yoast SEO plugin v27.5 - https:\/\/yoast.com\/product\/yoast-seo-wordpress\/ -->\n<title>Wine Tourism - Thummerer<\/title>\n<meta name=\"robots\" content=\"index, follow, max-snippet:-1, max-image-preview:large, max-video-preview:-1\" \/>\n<link rel=\"canonical\" href=\"https:\/\/thummerer.hu\/en\/wine-tourism\/\" \/>\n<meta property=\"og:locale\" content=\"en_US\" \/>\n<meta property=\"og:type\" content=\"article\" \/>\n<meta property=\"og:title\" content=\"Wine Tourism - Thummerer\" \/>\n<meta property=\"og:description\" content=\"[vc_row el_class=&#8221;cont mobiloncsere vissza&#8221;][vc_column width=&#8221;1\/2&#8243;][vc_column_text] WINE TOURISM CONTACTS Guided winery tours and wine tasting events only available after makin a reservation. Monday,Tuesday: We are closed Thummerer \u00c9va Phone: +36 20 946 2178 | www.magtarfogado.hu E-mail: info@thummerer.hu | info@magtarfogado.hu Web: www.magtarfogado.hu Attending a cellar visit, Read more\" \/>\n<meta property=\"og:url\" content=\"https:\/\/thummerer.hu\/en\/wine-tourism\/\" \/>\n<meta property=\"og:site_name\" content=\"Thummerer\" \/>\n<meta property=\"article:modified_time\" content=\"2021-06-18T14:11:27+00:00\" \/>\n<meta property=\"og:image\" content=\"https:\/\/thummerer.hu\/wp-content\/uploads\/2018\/04\/kezdolapbg01.jpg\" \/>\n\t<meta property=\"og:image:width\" content=\"2500\" \/>\n\t<meta property=\"og:image:height\" content=\"1347\" \/>\n\t<meta property=\"og:image:type\" content=\"image\/jpeg\" \/>\n<meta name=\"twitter:card\" content=\"summary_large_image\" \/>\n<meta name=\"twitter:label1\" content=\"Est. reading time\" \/>\n\t<meta name=\"twitter:data1\" content=\"2 minutes\" \/>\n<script type=\"application\/ld+json\" class=\"yoast-schema-graph\">{\"@context\":\"https:\\\/\\\/schema.org\",\"@graph\":[{\"@type\":\"WebPage\",\"@id\":\"https:\\\/\\\/thummerer.hu\\\/en\\\/wine-tourism\\\/\",\"url\":\"https:\\\/\\\/thummerer.hu\\\/en\\\/wine-tourism\\\/\",\"name\":\"Wine Tourism - Thummerer\",\"isPartOf\":{\"@id\":\"https:\\\/\\\/thummerer.hu\\\/#website\"},\"datePublished\":\"2018-04-06T08:23:27+00:00\",\"dateModified\":\"2021-06-18T14:11:27+00:00\",\"breadcrumb\":{\"@id\":\"https:\\\/\\\/thummerer.hu\\\/en\\\/wine-tourism\\\/#breadcrumb\"},\"inLanguage\":\"en-US\",\"potentialAction\":[{\"@type\":\"ReadAction\",\"target\":[\"https:\\\/\\\/thummerer.hu\\\/en\\\/wine-tourism\\\/\"]}]},{\"@type\":\"BreadcrumbList\",\"@id\":\"https:\\\/\\\/thummerer.hu\\\/en\\\/wine-tourism\\\/#breadcrumb\",\"itemListElement\":[{\"@type\":\"ListItem\",\"position\":1,\"name\":\"Home\",\"item\":\"https:\\\/\\\/thummerer.hu\\\/en\\\/\"},{\"@type\":\"ListItem\",\"position\":2,\"name\":\"Wine Tourism\"}]},{\"@type\":\"WebSite\",\"@id\":\"https:\\\/\\\/thummerer.hu\\\/#website\",\"url\":\"https:\\\/\\\/thummerer.hu\\\/\",\"name\":\"Thummerer\",\"description\":\"Pinc\u00e9szet \u00e9s Sz\u0151l\u0151birtok\",\"potentialAction\":[{\"@type\":\"SearchAction\",\"target\":{\"@type\":\"EntryPoint\",\"urlTemplate\":\"https:\\\/\\\/thummerer.hu\\\/?s={search_term_string}\"},\"query-input\":{\"@type\":\"PropertyValueSpecification\",\"valueRequired\":true,\"valueName\":\"search_term_string\"}}],\"inLanguage\":\"en-US\"}]}<\/script>\n<!-- \/ Yoast SEO plugin. -->","yoast_head_json":{"title":"Wine Tourism - Thummerer","robots":{"index":"index","follow":"follow","max-snippet":"max-snippet:-1","max-image-preview":"max-image-preview:large","max-video-preview":"max-video-preview:-1"},"canonical":"https:\/\/thummerer.hu\/en\/wine-tourism\/","og_locale":"en_US","og_type":"article","og_title":"Wine Tourism - Thummerer","og_description":"[vc_row el_class=&#8221;cont mobiloncsere vissza&#8221;][vc_column width=&#8221;1\/2&#8243;][vc_column_text] WINE TOURISM CONTACTS Guided winery tours and wine tasting events only available after makin a reservation. Monday,Tuesday: We are closed Thummerer \u00c9va Phone: +36 20 946 2178 | www.magtarfogado.hu E-mail: info@thummerer.hu | info@magtarfogado.hu Web: www.magtarfogado.hu Attending a cellar visit, Read more","og_url":"https:\/\/thummerer.hu\/en\/wine-tourism\/","og_site_name":"Thummerer","article_modified_time":"2021-06-18T14:11:27+00:00","og_image":[{"width":2500,"height":1347,"url":"https:\/\/thummerer.hu\/wp-content\/uploads\/2018\/04\/kezdolapbg01.jpg","type":"image\/jpeg"}],"twitter_card":"summary_large_image","twitter_misc":{"Est. reading time":"2 minutes"},"schema":{"@context":"https:\/\/schema.org","@graph":[{"@type":"WebPage","@id":"https:\/\/thummerer.hu\/en\/wine-tourism\/","url":"https:\/\/thummerer.hu\/en\/wine-tourism\/","name":"Wine Tourism - Thummerer","isPartOf":{"@id":"https:\/\/thummerer.hu\/#website"},"datePublished":"2018-04-06T08:23:27+00:00","dateModified":"2021-06-18T14:11:27+00:00","breadcrumb":{"@id":"https:\/\/thummerer.hu\/en\/wine-tourism\/#breadcrumb"},"inLanguage":"en-US","potentialAction":[{"@type":"ReadAction","target":["https:\/\/thummerer.hu\/en\/wine-tourism\/"]}]},{"@type":"BreadcrumbList","@id":"https:\/\/thummerer.hu\/en\/wine-tourism\/#breadcrumb","itemListElement":[{"@type":"ListItem","position":1,"name":"Home","item":"https:\/\/thummerer.hu\/en\/"},{"@type":"ListItem","position":2,"name":"Wine Tourism"}]},{"@type":"WebSite","@id":"https:\/\/thummerer.hu\/#website","url":"https:\/\/thummerer.hu\/","name":"Thummerer","description":"Pinc\u00e9szet \u00e9s Sz\u0151l\u0151birtok","potentialAction":[{"@type":"SearchAction","target":{"@type":"EntryPoint","urlTemplate":"https:\/\/thummerer.hu\/?s={search_term_string}"},"query-input":{"@type":"PropertyValueSpecification","valueRequired":true,"valueName":"search_term_string"}}],"inLanguage":"en-US"}]}},"_links":{"self":[{"href":"https:\/\/thummerer.hu\/en\/wp-json\/wp\/v2\/pages\/1040","targetHints":{"allow":["GET"]}}],"collection":[{"href":"https:\/\/thummerer.hu\/en\/wp-json\/wp\/v2\/pages"}],"about":[{"href":"https:\/\/thummerer.hu\/en\/wp-json\/wp\/v2\/types\/page"}],"author":[{"embeddable":true,"href":"https:\/\/thummerer.hu\/en\/wp-json\/wp\/v2\/users\/1038"}],"replies":[{"embeddable":true,"href":"https:\/\/thummerer.hu\/en\/wp-json\/wp\/v2\/comments?post=1040"}],"version-history":[{"count":0,"href":"https:\/\/thummerer.hu\/en\/wp-json\/wp\/v2\/pages\/1040\/revisions"}],"wp:attachment":[{"href":"https:\/\/thummerer.hu\/en\/wp-json\/wp\/v2\/media?parent=1040"}],"curies":[{"name":"wp","href":"https:\/\/api.w.org\/{rel}","templated":true}]}}