{"id":16227,"date":"2025-02-17T11:08:30","date_gmt":"2025-02-17T11:08:30","guid":{"rendered":"https:\/\/shop.thummerer.hu\/?page_id=16227"},"modified":"2025-02-17T11:08:30","modified_gmt":"2025-02-17T11:08:30","slug":"wines","status":"publish","type":"page","link":"https:\/\/thummerer.hu\/en\/wines\/","title":{"rendered":"Wines"},"content":{"rendered":"","protected":false},"excerpt":{"rendered":"<p> <a href=\"https:\/\/thummerer.hu\/en\/wines\/\">Read more<\/a><\/p>\n","protected":false},"author":6,"featured_media":17640,"parent":0,"menu_order":0,"comment_status":"closed","ping_status":"closed","template":"","meta":{"_acf_changed":false,"footnotes":""},"class_list":["post-16227","page","type-page","status-publish","has-post-thumbnail","hentry"],"acf":[],"yoast_head":"<!-- This site is optimized with the Yoast SEO plugin v27.5 - https:\/\/yoast.com\/product\/yoast-seo-wordpress\/ -->\n<title>Wines - Thummerer<\/title>\n<meta name=\"robots\" content=\"index, follow, max-snippet:-1, max-image-preview:large, max-video-preview:-1\" \/>\n<link rel=\"canonical\" href=\"https:\/\/thummerer.hu\/en\/wines\/\" \/>\n<meta property=\"og:locale\" content=\"en_US\" \/>\n<meta property=\"og:type\" content=\"article\" \/>\n<meta property=\"og:title\" content=\"Wines - Thummerer\" \/>\n<meta property=\"og:description\" content=\"Read more\" \/>\n<meta property=\"og:url\" content=\"https:\/\/thummerer.hu\/en\/wines\/\" \/>\n<meta property=\"og:site_name\" content=\"Thummerer\" \/>\n<meta property=\"og:image\" content=\"https:\/\/thummerer.hu\/wp-content\/uploads\/2025\/01\/boraink-v2-hero.jpg\" \/>\n\t<meta property=\"og:image:width\" content=\"1919\" \/>\n\t<meta property=\"og:image:height\" content=\"434\" \/>\n\t<meta property=\"og:image:type\" content=\"image\/jpeg\" \/>\n<meta name=\"twitter:card\" content=\"summary_large_image\" \/>\n<script type=\"application\/ld+json\" class=\"yoast-schema-graph\">{\"@context\":\"https:\\\/\\\/schema.org\",\"@graph\":[{\"@type\":\"WebPage\",\"@id\":\"https:\\\/\\\/thummerer.hu\\\/en\\\/wines\\\/\",\"url\":\"https:\\\/\\\/thummerer.hu\\\/en\\\/wines\\\/\",\"name\":\"Wines - Thummerer\",\"isPartOf\":{\"@id\":\"https:\\\/\\\/thummerer.hu\\\/#website\"},\"primaryImageOfPage\":{\"@id\":\"https:\\\/\\\/thummerer.hu\\\/en\\\/wines\\\/#primaryimage\"},\"image\":{\"@id\":\"https:\\\/\\\/thummerer.hu\\\/en\\\/wines\\\/#primaryimage\"},\"thumbnailUrl\":\"https:\\\/\\\/thummerer.hu\\\/wp-content\\\/uploads\\\/2026\\\/02\\\/bortermelo_banner.png\",\"datePublished\":\"2025-02-17T11:08:30+00:00\",\"breadcrumb\":{\"@id\":\"https:\\\/\\\/thummerer.hu\\\/en\\\/wines\\\/#breadcrumb\"},\"inLanguage\":\"en-US\",\"potentialAction\":[{\"@type\":\"ReadAction\",\"target\":[\"https:\\\/\\\/thummerer.hu\\\/en\\\/wines\\\/\"]}]},{\"@type\":\"ImageObject\",\"inLanguage\":\"en-US\",\"@id\":\"https:\\\/\\\/thummerer.hu\\\/en\\\/wines\\\/#primaryimage\",\"url\":\"https:\\\/\\\/thummerer.hu\\\/wp-content\\\/uploads\\\/2026\\\/02\\\/bortermelo_banner.png\",\"contentUrl\":\"https:\\\/\\\/thummerer.hu\\\/wp-content\\\/uploads\\\/2026\\\/02\\\/bortermelo_banner.png\",\"width\":1920,\"height\":549},{\"@type\":\"BreadcrumbList\",\"@id\":\"https:\\\/\\\/thummerer.hu\\\/en\\\/wines\\\/#breadcrumb\",\"itemListElement\":[{\"@type\":\"ListItem\",\"position\":1,\"name\":\"Home\",\"item\":\"https:\\\/\\\/thummerer.hu\\\/en\\\/\"},{\"@type\":\"ListItem\",\"position\":2,\"name\":\"Wines\"}]},{\"@type\":\"WebSite\",\"@id\":\"https:\\\/\\\/thummerer.hu\\\/#website\",\"url\":\"https:\\\/\\\/thummerer.hu\\\/\",\"name\":\"Thummerer\",\"description\":\"Pinc\u00e9szet \u00e9s Sz\u0151l\u0151birtok\",\"potentialAction\":[{\"@type\":\"SearchAction\",\"target\":{\"@type\":\"EntryPoint\",\"urlTemplate\":\"https:\\\/\\\/thummerer.hu\\\/?s={search_term_string}\"},\"query-input\":{\"@type\":\"PropertyValueSpecification\",\"valueRequired\":true,\"valueName\":\"search_term_string\"}}],\"inLanguage\":\"en-US\"}]}<\/script>\n<!-- \/ Yoast SEO plugin. -->","yoast_head_json":{"title":"Wines - Thummerer","robots":{"index":"index","follow":"follow","max-snippet":"max-snippet:-1","max-image-preview":"max-image-preview:large","max-video-preview":"max-video-preview:-1"},"canonical":"https:\/\/thummerer.hu\/en\/wines\/","og_locale":"en_US","og_type":"article","og_title":"Wines - Thummerer","og_description":"Read more","og_url":"https:\/\/thummerer.hu\/en\/wines\/","og_site_name":"Thummerer","og_image":[{"width":1919,"height":434,"url":"https:\/\/thummerer.hu\/wp-content\/uploads\/2025\/01\/boraink-v2-hero.jpg","type":"image\/jpeg"}],"twitter_card":"summary_large_image","schema":{"@context":"https:\/\/schema.org","@graph":[{"@type":"WebPage","@id":"https:\/\/thummerer.hu\/en\/wines\/","url":"https:\/\/thummerer.hu\/en\/wines\/","name":"Wines - Thummerer","isPartOf":{"@id":"https:\/\/thummerer.hu\/#website"},"primaryImageOfPage":{"@id":"https:\/\/thummerer.hu\/en\/wines\/#primaryimage"},"image":{"@id":"https:\/\/thummerer.hu\/en\/wines\/#primaryimage"},"thumbnailUrl":"https:\/\/thummerer.hu\/wp-content\/uploads\/2026\/02\/bortermelo_banner.png","datePublished":"2025-02-17T11:08:30+00:00","breadcrumb":{"@id":"https:\/\/thummerer.hu\/en\/wines\/#breadcrumb"},"inLanguage":"en-US","potentialAction":[{"@type":"ReadAction","target":["https:\/\/thummerer.hu\/en\/wines\/"]}]},{"@type":"ImageObject","inLanguage":"en-US","@id":"https:\/\/thummerer.hu\/en\/wines\/#primaryimage","url":"https:\/\/thummerer.hu\/wp-content\/uploads\/2026\/02\/bortermelo_banner.png","contentUrl":"https:\/\/thummerer.hu\/wp-content\/uploads\/2026\/02\/bortermelo_banner.png","width":1920,"height":549},{"@type":"BreadcrumbList","@id":"https:\/\/thummerer.hu\/en\/wines\/#breadcrumb","itemListElement":[{"@type":"ListItem","position":1,"name":"Home","item":"https:\/\/thummerer.hu\/en\/"},{"@type":"ListItem","position":2,"name":"Wines"}]},{"@type":"WebSite","@id":"https:\/\/thummerer.hu\/#website","url":"https:\/\/thummerer.hu\/","name":"Thummerer","description":"Pinc\u00e9szet \u00e9s Sz\u0151l\u0151birtok","potentialAction":[{"@type":"SearchAction","target":{"@type":"EntryPoint","urlTemplate":"https:\/\/thummerer.hu\/?s={search_term_string}"},"query-input":{"@type":"PropertyValueSpecification","valueRequired":true,"valueName":"search_term_string"}}],"inLanguage":"en-US"}]}},"_links":{"self":[{"href":"https:\/\/thummerer.hu\/en\/wp-json\/wp\/v2\/pages\/16227","targetHints":{"allow":["GET"]}}],"collection":[{"href":"https:\/\/thummerer.hu\/en\/wp-json\/wp\/v2\/pages"}],"about":[{"href":"https:\/\/thummerer.hu\/en\/wp-json\/wp\/v2\/types\/page"}],"author":[{"embeddable":true,"href":"https:\/\/thummerer.hu\/en\/wp-json\/wp\/v2\/users\/6"}],"replies":[{"embeddable":true,"href":"https:\/\/thummerer.hu\/en\/wp-json\/wp\/v2\/comments?post=16227"}],"version-history":[{"count":1,"href":"https:\/\/thummerer.hu\/en\/wp-json\/wp\/v2\/pages\/16227\/revisions"}],"predecessor-version":[{"id":16228,"href":"https:\/\/thummerer.hu\/en\/wp-json\/wp\/v2\/pages\/16227\/revisions\/16228"}],"wp:featuredmedia":[{"embeddable":true,"href":"https:\/\/thummerer.hu\/en\/wp-json\/wp\/v2\/media\/17640"}],"wp:attachment":[{"href":"https:\/\/thummerer.hu\/en\/wp-json\/wp\/v2\/media?parent=16227"}],"curies":[{"name":"wp","href":"https:\/\/api.w.org\/{rel}","templated":true}]}}