{"id":16664,"date":"2025-04-15T16:45:52","date_gmt":"2025-04-15T16:45:52","guid":{"rendered":"https:\/\/thummerer.hu\/?page_id=16664"},"modified":"2025-04-15T17:00:40","modified_gmt":"2025-04-15T17:00:40","slug":"events","status":"publish","type":"page","link":"https:\/\/thummerer.hu\/en\/gallery\/events\/","title":{"rendered":"Events"},"content":{"rendered":"","protected":false},"excerpt":{"rendered":"<p> <a href=\"https:\/\/thummerer.hu\/en\/gallery\/events\/\">Read more<\/a><\/p>\n","protected":false},"author":6,"featured_media":0,"parent":16653,"menu_order":0,"comment_status":"closed","ping_status":"closed","template":"page-templates\/galeria-kepek.php","meta":{"_acf_changed":false,"footnotes":""},"class_list":["post-16664","page","type-page","status-publish","hentry"],"acf":[],"yoast_head":"<!-- This site is optimized with the Yoast SEO plugin v27.5 - https:\/\/yoast.com\/product\/yoast-seo-wordpress\/ -->\n<title>Events - Thummerer<\/title>\n<meta name=\"robots\" content=\"index, follow, max-snippet:-1, max-image-preview:large, max-video-preview:-1\" \/>\n<link rel=\"canonical\" href=\"https:\/\/thummerer.hu\/en\/gallery\/events\/\" \/>\n<meta property=\"og:locale\" content=\"en_US\" \/>\n<meta property=\"og:type\" content=\"article\" \/>\n<meta property=\"og:title\" content=\"Events - Thummerer\" \/>\n<meta property=\"og:description\" content=\"Read more\" \/>\n<meta property=\"og:url\" content=\"https:\/\/thummerer.hu\/en\/gallery\/events\/\" \/>\n<meta property=\"og:site_name\" content=\"Thummerer\" \/>\n<meta property=\"article:modified_time\" content=\"2025-04-15T17:00:40+00:00\" \/>\n<meta property=\"og:image\" content=\"https:\/\/thummerer.hu\/wp-content\/uploads\/2018\/04\/kezdolapbg01.jpg\" \/>\n\t<meta property=\"og:image:width\" content=\"2500\" \/>\n\t<meta property=\"og:image:height\" content=\"1347\" \/>\n\t<meta property=\"og:image:type\" content=\"image\/jpeg\" \/>\n<meta name=\"twitter:card\" content=\"summary_large_image\" \/>\n<script type=\"application\/ld+json\" class=\"yoast-schema-graph\">{\"@context\":\"https:\\\/\\\/schema.org\",\"@graph\":[{\"@type\":\"WebPage\",\"@id\":\"https:\\\/\\\/thummerer.hu\\\/en\\\/gallery\\\/events\\\/\",\"url\":\"https:\\\/\\\/thummerer.hu\\\/en\\\/gallery\\\/events\\\/\",\"name\":\"Events - Thummerer\",\"isPartOf\":{\"@id\":\"https:\\\/\\\/thummerer.hu\\\/#website\"},\"datePublished\":\"2025-04-15T16:45:52+00:00\",\"dateModified\":\"2025-04-15T17:00:40+00:00\",\"breadcrumb\":{\"@id\":\"https:\\\/\\\/thummerer.hu\\\/en\\\/gallery\\\/events\\\/#breadcrumb\"},\"inLanguage\":\"en-US\",\"potentialAction\":[{\"@type\":\"ReadAction\",\"target\":[\"https:\\\/\\\/thummerer.hu\\\/en\\\/gallery\\\/events\\\/\"]}]},{\"@type\":\"BreadcrumbList\",\"@id\":\"https:\\\/\\\/thummerer.hu\\\/en\\\/gallery\\\/events\\\/#breadcrumb\",\"itemListElement\":[{\"@type\":\"ListItem\",\"position\":1,\"name\":\"Home\",\"item\":\"https:\\\/\\\/thummerer.hu\\\/en\\\/\"},{\"@type\":\"ListItem\",\"position\":2,\"name\":\"Gallery\",\"item\":\"https:\\\/\\\/thummerer.hu\\\/en\\\/gallery\\\/\"},{\"@type\":\"ListItem\",\"position\":3,\"name\":\"Events\"}]},{\"@type\":\"WebSite\",\"@id\":\"https:\\\/\\\/thummerer.hu\\\/#website\",\"url\":\"https:\\\/\\\/thummerer.hu\\\/\",\"name\":\"Thummerer\",\"description\":\"Pinc\u00e9szet \u00e9s Sz\u0151l\u0151birtok\",\"potentialAction\":[{\"@type\":\"SearchAction\",\"target\":{\"@type\":\"EntryPoint\",\"urlTemplate\":\"https:\\\/\\\/thummerer.hu\\\/?s={search_term_string}\"},\"query-input\":{\"@type\":\"PropertyValueSpecification\",\"valueRequired\":true,\"valueName\":\"search_term_string\"}}],\"inLanguage\":\"en-US\"}]}<\/script>\n<!-- \/ Yoast SEO plugin. -->","yoast_head_json":{"title":"Events - Thummerer","robots":{"index":"index","follow":"follow","max-snippet":"max-snippet:-1","max-image-preview":"max-image-preview:large","max-video-preview":"max-video-preview:-1"},"canonical":"https:\/\/thummerer.hu\/en\/gallery\/events\/","og_locale":"en_US","og_type":"article","og_title":"Events - Thummerer","og_description":"Read more","og_url":"https:\/\/thummerer.hu\/en\/gallery\/events\/","og_site_name":"Thummerer","article_modified_time":"2025-04-15T17:00:40+00:00","og_image":[{"width":2500,"height":1347,"url":"https:\/\/thummerer.hu\/wp-content\/uploads\/2018\/04\/kezdolapbg01.jpg","type":"image\/jpeg"}],"twitter_card":"summary_large_image","schema":{"@context":"https:\/\/schema.org","@graph":[{"@type":"WebPage","@id":"https:\/\/thummerer.hu\/en\/gallery\/events\/","url":"https:\/\/thummerer.hu\/en\/gallery\/events\/","name":"Events - Thummerer","isPartOf":{"@id":"https:\/\/thummerer.hu\/#website"},"datePublished":"2025-04-15T16:45:52+00:00","dateModified":"2025-04-15T17:00:40+00:00","breadcrumb":{"@id":"https:\/\/thummerer.hu\/en\/gallery\/events\/#breadcrumb"},"inLanguage":"en-US","potentialAction":[{"@type":"ReadAction","target":["https:\/\/thummerer.hu\/en\/gallery\/events\/"]}]},{"@type":"BreadcrumbList","@id":"https:\/\/thummerer.hu\/en\/gallery\/events\/#breadcrumb","itemListElement":[{"@type":"ListItem","position":1,"name":"Home","item":"https:\/\/thummerer.hu\/en\/"},{"@type":"ListItem","position":2,"name":"Gallery","item":"https:\/\/thummerer.hu\/en\/gallery\/"},{"@type":"ListItem","position":3,"name":"Events"}]},{"@type":"WebSite","@id":"https:\/\/thummerer.hu\/#website","url":"https:\/\/thummerer.hu\/","name":"Thummerer","description":"Pinc\u00e9szet \u00e9s Sz\u0151l\u0151birtok","potentialAction":[{"@type":"SearchAction","target":{"@type":"EntryPoint","urlTemplate":"https:\/\/thummerer.hu\/?s={search_term_string}"},"query-input":{"@type":"PropertyValueSpecification","valueRequired":true,"valueName":"search_term_string"}}],"inLanguage":"en-US"}]}},"_links":{"self":[{"href":"https:\/\/thummerer.hu\/en\/wp-json\/wp\/v2\/pages\/16664","targetHints":{"allow":["GET"]}}],"collection":[{"href":"https:\/\/thummerer.hu\/en\/wp-json\/wp\/v2\/pages"}],"about":[{"href":"https:\/\/thummerer.hu\/en\/wp-json\/wp\/v2\/types\/page"}],"author":[{"embeddable":true,"href":"https:\/\/thummerer.hu\/en\/wp-json\/wp\/v2\/users\/6"}],"replies":[{"embeddable":true,"href":"https:\/\/thummerer.hu\/en\/wp-json\/wp\/v2\/comments?post=16664"}],"version-history":[{"count":1,"href":"https:\/\/thummerer.hu\/en\/wp-json\/wp\/v2\/pages\/16664\/revisions"}],"predecessor-version":[{"id":16665,"href":"https:\/\/thummerer.hu\/en\/wp-json\/wp\/v2\/pages\/16664\/revisions\/16665"}],"up":[{"embeddable":true,"href":"https:\/\/thummerer.hu\/en\/wp-json\/wp\/v2\/pages\/16653"}],"wp:attachment":[{"href":"https:\/\/thummerer.hu\/en\/wp-json\/wp\/v2\/media?parent=16664"}],"curies":[{"name":"wp","href":"https:\/\/api.w.org\/{rel}","templated":true}]}}