{"id":4770,"date":"2021-07-13T22:47:35","date_gmt":"2021-07-13T22:47:35","guid":{"rendered":"http:\/\/thummerer.davidnagy.hu\/?page_id=4770"},"modified":"2026-02-17T11:26:13","modified_gmt":"2026-02-17T11:26:13","slug":"vip-and-regular-customer-system","status":"publish","type":"page","link":"https:\/\/thummerer.hu\/en\/vip-and-regular-customer-system\/","title":{"rendered":"VIP and Regular Customer system"},"content":{"rendered":"<h3>It is worth shopping in our webshop.<\/h3>\n<p>We offer automatic discounts to our returning customers.<\/p>\n<p>If the total value of your orders placed in the <strong>webshop<\/strong> with a <strong>logged-in user<\/strong> account reaches <strong>100.000 HUF<\/strong>, you will be eligible to become a Frequent Buyer.<\/p>\n<p>When the total online value reaches <strong>800.000 HUF<\/strong>\u00a0you will be entitled to VIP membership.<\/p>\n<p>The <strong>discounts<\/strong> will be valid from the <strong>next purchase<\/strong> after reaching the value limit and can only be used for purchases made <strong>in our webshop<\/strong> with a logged-in account.<br \/>\nCannot be used for any other purchases at our Winery.<\/p>\n<p>&nbsp;<\/p>\n<h3>Loyalty membership<\/h3>\n<p>After reaching a total online purchase value of 100.000 HUF a <strong>10% discount<\/strong> will be <strong>automatically<\/strong> granted on the total amount of all subsequent <strong>online purchases<\/strong> made by logging in, starting from the next order.<\/p>\n<p>If the total value of your purchases reaches 800.000 HUF our system will automatically upgrade your membership to VIP level from the next purchase.<\/p>\n<p>&nbsp;<\/p>\n<h3>VIP membership<\/h3>\n<p>Once the total online purchase value reaches 800.000 HUF we will automatically grant you a <strong>15% discount<\/strong> on the total amount of all your <strong>online purchases<\/strong> from your next order.<\/p>\n<p>As a VIP member you will also be entitled to purchase unique items and limited special offers available in our webshop.<\/p>\n<p>&nbsp;<\/p>\n<p>&nbsp;<\/p>\n","protected":false},"excerpt":{"rendered":"<p>It is worth shopping in our webshop.<\/p>\n<p>We offer automatic discounts to our returning customers.<\/p>\n<p>If the total value of your orders placed in the webshop with a logged-in user account reaches 100.000 HUF, you will be eligible to become a Frequent Buyer.<\/p>\n<p>When the total online value reaches 800.000 HUF\u00a0you will be entitled to VIP membership.<\/p>\n<p> <a href=\"https:\/\/thummerer.hu\/en\/vip-and-regular-customer-system\/\">Read more<\/a><\/p>\n","protected":false},"author":6,"featured_media":0,"parent":0,"menu_order":0,"comment_status":"closed","ping_status":"closed","template":"","meta":{"_acf_changed":false,"footnotes":""},"class_list":["post-4770","page","type-page","status-publish","hentry"],"acf":[],"yoast_head":"<!-- This site is optimized with the Yoast SEO plugin v27.1.1 - https:\/\/yoast.com\/product\/yoast-seo-wordpress\/ -->\n<title>VIP and Regular Customer system - Thummerer<\/title>\n<meta name=\"robots\" content=\"index, follow, max-snippet:-1, max-image-preview:large, max-video-preview:-1\" \/>\n<link rel=\"canonical\" href=\"https:\/\/thummerer.hu\/en\/vip-and-regular-customer-system\/\" \/>\n<meta property=\"og:locale\" content=\"en_US\" \/>\n<meta property=\"og:type\" content=\"article\" \/>\n<meta property=\"og:title\" content=\"VIP and Regular Customer system - Thummerer\" \/>\n<meta property=\"og:description\" content=\"It is worth shopping in our webshop. We offer automatic discounts to our returning customers. If the total value of your orders placed in the webshop with a logged-in user account reaches 100.000 HUF, you will be eligible to become a Frequent Buyer. When the total online value reaches 800.000 HUF\u00a0you will be entitled to VIP membership. Read more\" \/>\n<meta property=\"og:url\" content=\"https:\/\/thummerer.hu\/en\/vip-and-regular-customer-system\/\" \/>\n<meta property=\"og:site_name\" content=\"Thummerer\" \/>\n<meta property=\"article:modified_time\" content=\"2026-02-17T11:26:13+00:00\" \/>\n<meta property=\"og:image\" content=\"https:\/\/thummerer.hu\/wp-content\/uploads\/2018\/04\/kezdolapbg01.jpg\" \/>\n\t<meta property=\"og:image:width\" content=\"2500\" \/>\n\t<meta property=\"og:image:height\" content=\"1347\" \/>\n\t<meta property=\"og:image:type\" content=\"image\/jpeg\" \/>\n<meta name=\"twitter:card\" content=\"summary_large_image\" \/>\n<meta name=\"twitter:label1\" content=\"Est. reading time\" \/>\n\t<meta name=\"twitter:data1\" content=\"2 minutes\" \/>\n<script type=\"application\/ld+json\" class=\"yoast-schema-graph\">{\"@context\":\"https:\/\/schema.org\",\"@graph\":[{\"@type\":\"WebPage\",\"@id\":\"https:\/\/thummerer.hu\/en\/vip-and-regular-customer-system\/\",\"url\":\"https:\/\/thummerer.hu\/en\/vip-and-regular-customer-system\/\",\"name\":\"VIP and Regular Customer system - Thummerer\",\"isPartOf\":{\"@id\":\"https:\/\/thummerer.hu\/#website\"},\"datePublished\":\"2021-07-13T22:47:35+00:00\",\"dateModified\":\"2026-02-17T11:26:13+00:00\",\"breadcrumb\":{\"@id\":\"https:\/\/thummerer.hu\/en\/vip-and-regular-customer-system\/#breadcrumb\"},\"inLanguage\":\"en-US\",\"potentialAction\":[{\"@type\":\"ReadAction\",\"target\":[\"https:\/\/thummerer.hu\/en\/vip-and-regular-customer-system\/\"]}]},{\"@type\":\"BreadcrumbList\",\"@id\":\"https:\/\/thummerer.hu\/en\/vip-and-regular-customer-system\/#breadcrumb\",\"itemListElement\":[{\"@type\":\"ListItem\",\"position\":1,\"name\":\"Home\",\"item\":\"https:\/\/thummerer.hu\/en\/\"},{\"@type\":\"ListItem\",\"position\":2,\"name\":\"VIP and Regular Customer system\"}]},{\"@type\":\"WebSite\",\"@id\":\"https:\/\/thummerer.hu\/#website\",\"url\":\"https:\/\/thummerer.hu\/\",\"name\":\"Thummerer\",\"description\":\"Pinc\u00e9szet \u00e9s Sz\u0151l\u0151birtok\",\"potentialAction\":[{\"@type\":\"SearchAction\",\"target\":{\"@type\":\"EntryPoint\",\"urlTemplate\":\"https:\/\/thummerer.hu\/?s={search_term_string}\"},\"query-input\":{\"@type\":\"PropertyValueSpecification\",\"valueRequired\":true,\"valueName\":\"search_term_string\"}}],\"inLanguage\":\"en-US\"}]}<\/script>\n<!-- \/ Yoast SEO plugin. -->","yoast_head_json":{"title":"VIP and Regular Customer system - Thummerer","robots":{"index":"index","follow":"follow","max-snippet":"max-snippet:-1","max-image-preview":"max-image-preview:large","max-video-preview":"max-video-preview:-1"},"canonical":"https:\/\/thummerer.hu\/en\/vip-and-regular-customer-system\/","og_locale":"en_US","og_type":"article","og_title":"VIP and Regular Customer system - Thummerer","og_description":"It is worth shopping in our webshop. We offer automatic discounts to our returning customers. If the total value of your orders placed in the webshop with a logged-in user account reaches 100.000 HUF, you will be eligible to become a Frequent Buyer. When the total online value reaches 800.000 HUF\u00a0you will be entitled to VIP membership. Read more","og_url":"https:\/\/thummerer.hu\/en\/vip-and-regular-customer-system\/","og_site_name":"Thummerer","article_modified_time":"2026-02-17T11:26:13+00:00","og_image":[{"width":2500,"height":1347,"url":"https:\/\/thummerer.hu\/wp-content\/uploads\/2018\/04\/kezdolapbg01.jpg","type":"image\/jpeg"}],"twitter_card":"summary_large_image","twitter_misc":{"Est. reading time":"2 minutes"},"schema":{"@context":"https:\/\/schema.org","@graph":[{"@type":"WebPage","@id":"https:\/\/thummerer.hu\/en\/vip-and-regular-customer-system\/","url":"https:\/\/thummerer.hu\/en\/vip-and-regular-customer-system\/","name":"VIP and Regular Customer system - Thummerer","isPartOf":{"@id":"https:\/\/thummerer.hu\/#website"},"datePublished":"2021-07-13T22:47:35+00:00","dateModified":"2026-02-17T11:26:13+00:00","breadcrumb":{"@id":"https:\/\/thummerer.hu\/en\/vip-and-regular-customer-system\/#breadcrumb"},"inLanguage":"en-US","potentialAction":[{"@type":"ReadAction","target":["https:\/\/thummerer.hu\/en\/vip-and-regular-customer-system\/"]}]},{"@type":"BreadcrumbList","@id":"https:\/\/thummerer.hu\/en\/vip-and-regular-customer-system\/#breadcrumb","itemListElement":[{"@type":"ListItem","position":1,"name":"Home","item":"https:\/\/thummerer.hu\/en\/"},{"@type":"ListItem","position":2,"name":"VIP and Regular Customer system"}]},{"@type":"WebSite","@id":"https:\/\/thummerer.hu\/#website","url":"https:\/\/thummerer.hu\/","name":"Thummerer","description":"Pinc\u00e9szet \u00e9s Sz\u0151l\u0151birtok","potentialAction":[{"@type":"SearchAction","target":{"@type":"EntryPoint","urlTemplate":"https:\/\/thummerer.hu\/?s={search_term_string}"},"query-input":{"@type":"PropertyValueSpecification","valueRequired":true,"valueName":"search_term_string"}}],"inLanguage":"en-US"}]}},"_links":{"self":[{"href":"https:\/\/thummerer.hu\/en\/wp-json\/wp\/v2\/pages\/4770","targetHints":{"allow":["GET"]}}],"collection":[{"href":"https:\/\/thummerer.hu\/en\/wp-json\/wp\/v2\/pages"}],"about":[{"href":"https:\/\/thummerer.hu\/en\/wp-json\/wp\/v2\/types\/page"}],"author":[{"embeddable":true,"href":"https:\/\/thummerer.hu\/en\/wp-json\/wp\/v2\/users\/6"}],"replies":[{"embeddable":true,"href":"https:\/\/thummerer.hu\/en\/wp-json\/wp\/v2\/comments?post=4770"}],"version-history":[{"count":2,"href":"https:\/\/thummerer.hu\/en\/wp-json\/wp\/v2\/pages\/4770\/revisions"}],"predecessor-version":[{"id":17661,"href":"https:\/\/thummerer.hu\/en\/wp-json\/wp\/v2\/pages\/4770\/revisions\/17661"}],"wp:attachment":[{"href":"https:\/\/thummerer.hu\/en\/wp-json\/wp\/v2\/media?parent=4770"}],"curies":[{"name":"wp","href":"https:\/\/api.w.org\/{rel}","templated":true}]}}