{"id":12307,"date":"2022-03-10T08:35:58","date_gmt":"2022-03-10T08:35:58","guid":{"rendered":"https:\/\/shop.thummerer.hu\/?post_type=product&#038;p=12307"},"modified":"2025-06-26T09:20:03","modified_gmt":"2025-06-26T09:20:03","slug":"terra-eger-white-cuvee-2023","status":"publish","type":"product","link":"https:\/\/thummerer.hu\/en\/wines\/terra-eger-white-cuvee-2023\/","title":{"rendered":"Terra Eger White Cuv\u00e9e 2023"},"content":{"rendered":"","protected":false},"excerpt":{"rendered":"<p>Light greenish wine with intense fruity and pleasant acidic taste. Thanks to the reductive technology and the controlled fermentation it is refreshing with a flowery scent. Perfect for white meat poultry or just a pleasant talk. Best consumed at 8-10 \u00b0C.<\/p>\n","protected":false},"featured_media":17178,"comment_status":"open","ping_status":"closed","template":"","meta":{"_acf_changed":false},"product_brand":[],"product_cat":[102],"product_tag":[170,171,194],"class_list":{"0":"post-12307","1":"product","2":"type-product","3":"status-publish","4":"has-post-thumbnail","6":"product_cat-white","7":"product_tag-cuvee-en","8":"product_tag-kiralyleanyka-en","9":"product_tag-leanyka-en","10":"pa_acid-51-g-l-en","11":"pa_hova-ajanljuk-konnyed-en","12":"pa_hova-ajanljuk-beszelgeteshez-en","13":"pa_specified-region-eger-winer-region","14":"pa_specified-region-noszvaj-kokoto-vineyard","15":"pa_volume-075-l-en","16":"pa_wine-type-whote","18":"first","19":"instock","20":"shipping-taxable","21":"purchasable","22":"product-type-simple"},"acf":[],"yoast_head":"<!-- This site is optimized with the Yoast SEO plugin v27.1.1 - https:\/\/yoast.com\/product\/yoast-seo-wordpress\/ -->\n<title>Terra Eger White Cuv\u00e9e 2023 - Thummerer<\/title>\n<meta name=\"robots\" content=\"index, follow, max-snippet:-1, max-image-preview:large, max-video-preview:-1\" \/>\n<link rel=\"canonical\" href=\"https:\/\/thummerer.hu\/en\/wines\/terra-eger-white-cuvee-2023\/\" \/>\n<meta property=\"og:locale\" content=\"en_US\" \/>\n<meta property=\"og:type\" content=\"article\" \/>\n<meta property=\"og:title\" content=\"Terra Eger White Cuv\u00e9e 2023 - Thummerer\" \/>\n<meta property=\"og:description\" content=\"Light greenish wine with intense fruity and pleasant acidic taste. Thanks to the reductive technology and the controlled fermentation it is refreshing with a flowery scent. Perfect for white meat poultry or just a pleasant talk. Best consumed at 8-10 \u00b0C.\" \/>\n<meta property=\"og:url\" content=\"https:\/\/thummerer.hu\/en\/wines\/terra-eger-white-cuvee-2023\/\" \/>\n<meta property=\"og:site_name\" content=\"Thummerer\" \/>\n<meta property=\"article:modified_time\" content=\"2025-06-26T09:20:03+00:00\" \/>\n<meta property=\"og:image\" content=\"https:\/\/thummerer.hu\/wp-content\/uploads\/2022\/03\/Terra-Feher-2023.jpg\" \/>\n\t<meta property=\"og:image:width\" content=\"820\" \/>\n\t<meta property=\"og:image:height\" content=\"1230\" \/>\n\t<meta property=\"og:image:type\" content=\"image\/jpeg\" \/>\n<meta name=\"twitter:card\" content=\"summary_large_image\" \/>\n<meta name=\"twitter:label1\" content=\"Est. reading time\" \/>\n\t<meta name=\"twitter:data1\" content=\"1 minute\" \/>\n<script type=\"application\/ld+json\" class=\"yoast-schema-graph\">{\"@context\":\"https:\/\/schema.org\",\"@graph\":[{\"@type\":\"WebPage\",\"@id\":\"https:\/\/thummerer.hu\/en\/wines\/terra-eger-white-cuvee-2023\/\",\"url\":\"https:\/\/thummerer.hu\/en\/wines\/terra-eger-white-cuvee-2023\/\",\"name\":\"Terra Eger White Cuv\u00e9e 2023 - Thummerer\",\"isPartOf\":{\"@id\":\"https:\/\/thummerer.hu\/#website\"},\"primaryImageOfPage\":{\"@id\":\"https:\/\/thummerer.hu\/en\/wines\/terra-eger-white-cuvee-2023\/#primaryimage\"},\"image\":{\"@id\":\"https:\/\/thummerer.hu\/en\/wines\/terra-eger-white-cuvee-2023\/#primaryimage\"},\"thumbnailUrl\":\"https:\/\/thummerer.hu\/wp-content\/uploads\/2022\/03\/terra-egri-feher.jpg\",\"datePublished\":\"2022-03-10T08:35:58+00:00\",\"dateModified\":\"2025-06-26T09:20:03+00:00\",\"breadcrumb\":{\"@id\":\"https:\/\/thummerer.hu\/en\/wines\/terra-eger-white-cuvee-2023\/#breadcrumb\"},\"inLanguage\":\"en-US\",\"potentialAction\":[{\"@type\":\"ReadAction\",\"target\":[\"https:\/\/thummerer.hu\/en\/wines\/terra-eger-white-cuvee-2023\/\"]}]},{\"@type\":\"ImageObject\",\"inLanguage\":\"en-US\",\"@id\":\"https:\/\/thummerer.hu\/en\/wines\/terra-eger-white-cuvee-2023\/#primaryimage\",\"url\":\"https:\/\/thummerer.hu\/wp-content\/uploads\/2022\/03\/terra-egri-feher.jpg\",\"contentUrl\":\"https:\/\/thummerer.hu\/wp-content\/uploads\/2022\/03\/terra-egri-feher.jpg\",\"width\":820,\"height\":1230},{\"@type\":\"BreadcrumbList\",\"@id\":\"https:\/\/thummerer.hu\/en\/wines\/terra-eger-white-cuvee-2023\/#breadcrumb\",\"itemListElement\":[{\"@type\":\"ListItem\",\"position\":1,\"name\":\"Home\",\"item\":\"https:\/\/thummerer.hu\/en\/\"},{\"@type\":\"ListItem\",\"position\":2,\"name\":\"Terra Eger White Cuv\u00e9e 2023\"}]},{\"@type\":\"WebSite\",\"@id\":\"https:\/\/thummerer.hu\/#website\",\"url\":\"https:\/\/thummerer.hu\/\",\"name\":\"Thummerer\",\"description\":\"Pinc\u00e9szet \u00e9s Sz\u0151l\u0151birtok\",\"potentialAction\":[{\"@type\":\"SearchAction\",\"target\":{\"@type\":\"EntryPoint\",\"urlTemplate\":\"https:\/\/thummerer.hu\/?s={search_term_string}\"},\"query-input\":{\"@type\":\"PropertyValueSpecification\",\"valueRequired\":true,\"valueName\":\"search_term_string\"}}],\"inLanguage\":\"en-US\"}]}<\/script>\n<!-- \/ Yoast SEO plugin. -->","yoast_head_json":{"title":"Terra Eger White Cuv\u00e9e 2023 - Thummerer","robots":{"index":"index","follow":"follow","max-snippet":"max-snippet:-1","max-image-preview":"max-image-preview:large","max-video-preview":"max-video-preview:-1"},"canonical":"https:\/\/thummerer.hu\/en\/wines\/terra-eger-white-cuvee-2023\/","og_locale":"en_US","og_type":"article","og_title":"Terra Eger White Cuv\u00e9e 2023 - Thummerer","og_description":"Light greenish wine with intense fruity and pleasant acidic taste. Thanks to the reductive technology and the controlled fermentation it is refreshing with a flowery scent. Perfect for white meat poultry or just a pleasant talk. Best consumed at 8-10 \u00b0C.","og_url":"https:\/\/thummerer.hu\/en\/wines\/terra-eger-white-cuvee-2023\/","og_site_name":"Thummerer","article_modified_time":"2025-06-26T09:20:03+00:00","og_image":[{"width":820,"height":1230,"url":"https:\/\/thummerer.hu\/wp-content\/uploads\/2022\/03\/Terra-Feher-2023.jpg","type":"image\/jpeg"}],"twitter_card":"summary_large_image","twitter_misc":{"Est. reading time":"1 minute"},"schema":{"@context":"https:\/\/schema.org","@graph":[{"@type":"WebPage","@id":"https:\/\/thummerer.hu\/en\/wines\/terra-eger-white-cuvee-2023\/","url":"https:\/\/thummerer.hu\/en\/wines\/terra-eger-white-cuvee-2023\/","name":"Terra Eger White Cuv\u00e9e 2023 - Thummerer","isPartOf":{"@id":"https:\/\/thummerer.hu\/#website"},"primaryImageOfPage":{"@id":"https:\/\/thummerer.hu\/en\/wines\/terra-eger-white-cuvee-2023\/#primaryimage"},"image":{"@id":"https:\/\/thummerer.hu\/en\/wines\/terra-eger-white-cuvee-2023\/#primaryimage"},"thumbnailUrl":"https:\/\/thummerer.hu\/wp-content\/uploads\/2022\/03\/terra-egri-feher.jpg","datePublished":"2022-03-10T08:35:58+00:00","dateModified":"2025-06-26T09:20:03+00:00","breadcrumb":{"@id":"https:\/\/thummerer.hu\/en\/wines\/terra-eger-white-cuvee-2023\/#breadcrumb"},"inLanguage":"en-US","potentialAction":[{"@type":"ReadAction","target":["https:\/\/thummerer.hu\/en\/wines\/terra-eger-white-cuvee-2023\/"]}]},{"@type":"ImageObject","inLanguage":"en-US","@id":"https:\/\/thummerer.hu\/en\/wines\/terra-eger-white-cuvee-2023\/#primaryimage","url":"https:\/\/thummerer.hu\/wp-content\/uploads\/2022\/03\/terra-egri-feher.jpg","contentUrl":"https:\/\/thummerer.hu\/wp-content\/uploads\/2022\/03\/terra-egri-feher.jpg","width":820,"height":1230},{"@type":"BreadcrumbList","@id":"https:\/\/thummerer.hu\/en\/wines\/terra-eger-white-cuvee-2023\/#breadcrumb","itemListElement":[{"@type":"ListItem","position":1,"name":"Home","item":"https:\/\/thummerer.hu\/en\/"},{"@type":"ListItem","position":2,"name":"Terra Eger White Cuv\u00e9e 2023"}]},{"@type":"WebSite","@id":"https:\/\/thummerer.hu\/#website","url":"https:\/\/thummerer.hu\/","name":"Thummerer","description":"Pinc\u00e9szet \u00e9s Sz\u0151l\u0151birtok","potentialAction":[{"@type":"SearchAction","target":{"@type":"EntryPoint","urlTemplate":"https:\/\/thummerer.hu\/?s={search_term_string}"},"query-input":{"@type":"PropertyValueSpecification","valueRequired":true,"valueName":"search_term_string"}}],"inLanguage":"en-US"}]}},"_links":{"self":[{"href":"https:\/\/thummerer.hu\/en\/wp-json\/wp\/v2\/product\/12307","targetHints":{"allow":["GET"]}}],"collection":[{"href":"https:\/\/thummerer.hu\/en\/wp-json\/wp\/v2\/product"}],"about":[{"href":"https:\/\/thummerer.hu\/en\/wp-json\/wp\/v2\/types\/product"}],"replies":[{"embeddable":true,"href":"https:\/\/thummerer.hu\/en\/wp-json\/wp\/v2\/comments?post=12307"}],"wp:featuredmedia":[{"embeddable":true,"href":"https:\/\/thummerer.hu\/en\/wp-json\/wp\/v2\/media\/17178"}],"wp:attachment":[{"href":"https:\/\/thummerer.hu\/en\/wp-json\/wp\/v2\/media?parent=12307"}],"wp:term":[{"taxonomy":"product_brand","embeddable":true,"href":"https:\/\/thummerer.hu\/en\/wp-json\/wp\/v2\/product_brand?post=12307"},{"taxonomy":"product_cat","embeddable":true,"href":"https:\/\/thummerer.hu\/en\/wp-json\/wp\/v2\/product_cat?post=12307"},{"taxonomy":"product_tag","embeddable":true,"href":"https:\/\/thummerer.hu\/en\/wp-json\/wp\/v2\/product_tag?post=12307"}],"curies":[{"name":"wp","href":"https:\/\/api.w.org\/{rel}","templated":true}]}}