{"id":12342,"date":"2022-03-17T09:57:34","date_gmt":"2022-03-17T09:57:34","guid":{"rendered":"https:\/\/shop.thummerer.hu\/?post_type=product&#038;p=12342"},"modified":"2026-04-30T11:20:39","modified_gmt":"2026-04-30T11:20:39","slug":"terra-eger-rose-cuvee","status":"publish","type":"product","link":"https:\/\/thummerer.hu\/en\/wines\/terra-eger-rose-cuvee\/","title":{"rendered":"Terra Eger Ros\u00e9 Cuv\u00e9e 2025"},"content":{"rendered":"","protected":false},"excerpt":{"rendered":"<p>Roz\u00e9, youth and freshness itself. This is natures rejuvenation inside a bottle. We always aim to create an item that expresses this freshness. The reductive technology and the low temperatured &amp; controlled fermentation allows us to keep most of the CO2 created during the process to increase consumer experience. Perfect for light fish dishes, welcome bites or as a refreshener during warm summer nights for all ages. Best consumed at 8-9 \u00b0C.<\/p>\n","protected":false},"featured_media":17166,"comment_status":"open","ping_status":"closed","template":"","meta":{"_acf_changed":false},"product_brand":[],"product_cat":[99],"product_tag":[],"class_list":{"0":"post-12342","1":"product","2":"type-product","3":"status-publish","4":"has-post-thumbnail","6":"product_cat-rose-en","7":"pa_acid-57-g-l-en","8":"pa_fajtaosszetetel-kekfrankos-merlot-pinot-noir-en","9":"pa_hova-ajanljuk-konnyed-en","10":"pa_hova-ajanljuk-beszelgeteshez-en","11":"pa_hova-ajanljuk-gyumolcsos-en","12":"pa_specified-region-eger-winer-region","13":"pa_specified-region-szomolya-nagyvolgy-teto-vineyard","14":"pa_volume-075-l-en","15":"pa_wine-type-rose-en","17":"first","18":"instock","19":"shipping-taxable","20":"purchasable","21":"product-type-simple"},"acf":[],"yoast_head":"<!-- This site is optimized with the Yoast SEO plugin v27.5 - https:\/\/yoast.com\/product\/yoast-seo-wordpress\/ -->\n<title>Terra Eger Ros\u00e9 Cuv\u00e9e 2025 - Thummerer<\/title>\n<meta name=\"robots\" content=\"index, follow, max-snippet:-1, max-image-preview:large, max-video-preview:-1\" \/>\n<link rel=\"canonical\" href=\"https:\/\/thummerer.hu\/en\/wines\/terra-eger-rose-cuvee\/\" \/>\n<meta property=\"og:locale\" content=\"en_US\" \/>\n<meta property=\"og:type\" content=\"article\" \/>\n<meta property=\"og:title\" content=\"Terra Eger Ros\u00e9 Cuv\u00e9e 2025 - Thummerer\" \/>\n<meta property=\"og:description\" content=\"Roz\u00e9, youth and freshness itself. This is natures rejuvenation inside a bottle. We always aim to create an item that expresses this freshness. The reductive technology and the low temperatured &amp; controlled fermentation allows us to keep most of the CO2 created during the process to increase consumer experience. Perfect for light fish dishes, welcome bites or as a refreshener during warm summer nights for all ages. Best consumed at 8-9 \u00b0C.\" \/>\n<meta property=\"og:url\" content=\"https:\/\/thummerer.hu\/en\/wines\/terra-eger-rose-cuvee\/\" \/>\n<meta property=\"og:site_name\" content=\"Thummerer\" \/>\n<meta property=\"article:modified_time\" content=\"2026-04-30T11:20:39+00:00\" \/>\n<meta property=\"og:image\" content=\"https:\/\/thummerer.hu\/wp-content\/uploads\/2022\/03\/terra-egri-rose.jpg\" \/>\n\t<meta property=\"og:image:width\" content=\"820\" \/>\n\t<meta property=\"og:image:height\" content=\"1230\" \/>\n\t<meta property=\"og:image:type\" content=\"image\/jpeg\" \/>\n<meta name=\"twitter:card\" content=\"summary_large_image\" \/>\n<meta name=\"twitter:label1\" content=\"Est. reading time\" \/>\n\t<meta name=\"twitter:data1\" content=\"1 minute\" \/>\n<script type=\"application\/ld+json\" class=\"yoast-schema-graph\">{\"@context\":\"https:\\\/\\\/schema.org\",\"@graph\":[{\"@type\":\"WebPage\",\"@id\":\"https:\\\/\\\/thummerer.hu\\\/en\\\/wines\\\/terra-eger-rose-cuvee\\\/\",\"url\":\"https:\\\/\\\/thummerer.hu\\\/en\\\/wines\\\/terra-eger-rose-cuvee\\\/\",\"name\":\"Terra Eger Ros\u00e9 Cuv\u00e9e 2025 - Thummerer\",\"isPartOf\":{\"@id\":\"https:\\\/\\\/thummerer.hu\\\/#website\"},\"primaryImageOfPage\":{\"@id\":\"https:\\\/\\\/thummerer.hu\\\/en\\\/wines\\\/terra-eger-rose-cuvee\\\/#primaryimage\"},\"image\":{\"@id\":\"https:\\\/\\\/thummerer.hu\\\/en\\\/wines\\\/terra-eger-rose-cuvee\\\/#primaryimage\"},\"thumbnailUrl\":\"https:\\\/\\\/thummerer.hu\\\/wp-content\\\/uploads\\\/2022\\\/03\\\/terra-egri-rose.jpg\",\"datePublished\":\"2022-03-17T09:57:34+00:00\",\"dateModified\":\"2026-04-30T11:20:39+00:00\",\"breadcrumb\":{\"@id\":\"https:\\\/\\\/thummerer.hu\\\/en\\\/wines\\\/terra-eger-rose-cuvee\\\/#breadcrumb\"},\"inLanguage\":\"en-US\",\"potentialAction\":[{\"@type\":\"ReadAction\",\"target\":[\"https:\\\/\\\/thummerer.hu\\\/en\\\/wines\\\/terra-eger-rose-cuvee\\\/\"]}]},{\"@type\":\"ImageObject\",\"inLanguage\":\"en-US\",\"@id\":\"https:\\\/\\\/thummerer.hu\\\/en\\\/wines\\\/terra-eger-rose-cuvee\\\/#primaryimage\",\"url\":\"https:\\\/\\\/thummerer.hu\\\/wp-content\\\/uploads\\\/2022\\\/03\\\/terra-egri-rose.jpg\",\"contentUrl\":\"https:\\\/\\\/thummerer.hu\\\/wp-content\\\/uploads\\\/2022\\\/03\\\/terra-egri-rose.jpg\",\"width\":820,\"height\":1230},{\"@type\":\"BreadcrumbList\",\"@id\":\"https:\\\/\\\/thummerer.hu\\\/en\\\/wines\\\/terra-eger-rose-cuvee\\\/#breadcrumb\",\"itemListElement\":[{\"@type\":\"ListItem\",\"position\":1,\"name\":\"Home\",\"item\":\"https:\\\/\\\/thummerer.hu\\\/en\\\/\"},{\"@type\":\"ListItem\",\"position\":2,\"name\":\"Terra Eger Ros\u00e9 Cuv\u00e9e 2025\"}]},{\"@type\":\"WebSite\",\"@id\":\"https:\\\/\\\/thummerer.hu\\\/#website\",\"url\":\"https:\\\/\\\/thummerer.hu\\\/\",\"name\":\"Thummerer\",\"description\":\"Pinc\u00e9szet \u00e9s Sz\u0151l\u0151birtok\",\"potentialAction\":[{\"@type\":\"SearchAction\",\"target\":{\"@type\":\"EntryPoint\",\"urlTemplate\":\"https:\\\/\\\/thummerer.hu\\\/?s={search_term_string}\"},\"query-input\":{\"@type\":\"PropertyValueSpecification\",\"valueRequired\":true,\"valueName\":\"search_term_string\"}}],\"inLanguage\":\"en-US\"}]}<\/script>\n<!-- \/ Yoast SEO plugin. -->","yoast_head_json":{"title":"Terra Eger Ros\u00e9 Cuv\u00e9e 2025 - Thummerer","robots":{"index":"index","follow":"follow","max-snippet":"max-snippet:-1","max-image-preview":"max-image-preview:large","max-video-preview":"max-video-preview:-1"},"canonical":"https:\/\/thummerer.hu\/en\/wines\/terra-eger-rose-cuvee\/","og_locale":"en_US","og_type":"article","og_title":"Terra Eger Ros\u00e9 Cuv\u00e9e 2025 - Thummerer","og_description":"Roz\u00e9, youth and freshness itself. This is natures rejuvenation inside a bottle. We always aim to create an item that expresses this freshness. The reductive technology and the low temperatured &amp; controlled fermentation allows us to keep most of the CO2 created during the process to increase consumer experience. Perfect for light fish dishes, welcome bites or as a refreshener during warm summer nights for all ages. Best consumed at 8-9 \u00b0C.","og_url":"https:\/\/thummerer.hu\/en\/wines\/terra-eger-rose-cuvee\/","og_site_name":"Thummerer","article_modified_time":"2026-04-30T11:20:39+00:00","og_image":[{"width":820,"height":1230,"url":"https:\/\/thummerer.hu\/wp-content\/uploads\/2022\/03\/terra-egri-rose.jpg","type":"image\/jpeg"}],"twitter_card":"summary_large_image","twitter_misc":{"Est. reading time":"1 minute"},"schema":{"@context":"https:\/\/schema.org","@graph":[{"@type":"WebPage","@id":"https:\/\/thummerer.hu\/en\/wines\/terra-eger-rose-cuvee\/","url":"https:\/\/thummerer.hu\/en\/wines\/terra-eger-rose-cuvee\/","name":"Terra Eger Ros\u00e9 Cuv\u00e9e 2025 - Thummerer","isPartOf":{"@id":"https:\/\/thummerer.hu\/#website"},"primaryImageOfPage":{"@id":"https:\/\/thummerer.hu\/en\/wines\/terra-eger-rose-cuvee\/#primaryimage"},"image":{"@id":"https:\/\/thummerer.hu\/en\/wines\/terra-eger-rose-cuvee\/#primaryimage"},"thumbnailUrl":"https:\/\/thummerer.hu\/wp-content\/uploads\/2022\/03\/terra-egri-rose.jpg","datePublished":"2022-03-17T09:57:34+00:00","dateModified":"2026-04-30T11:20:39+00:00","breadcrumb":{"@id":"https:\/\/thummerer.hu\/en\/wines\/terra-eger-rose-cuvee\/#breadcrumb"},"inLanguage":"en-US","potentialAction":[{"@type":"ReadAction","target":["https:\/\/thummerer.hu\/en\/wines\/terra-eger-rose-cuvee\/"]}]},{"@type":"ImageObject","inLanguage":"en-US","@id":"https:\/\/thummerer.hu\/en\/wines\/terra-eger-rose-cuvee\/#primaryimage","url":"https:\/\/thummerer.hu\/wp-content\/uploads\/2022\/03\/terra-egri-rose.jpg","contentUrl":"https:\/\/thummerer.hu\/wp-content\/uploads\/2022\/03\/terra-egri-rose.jpg","width":820,"height":1230},{"@type":"BreadcrumbList","@id":"https:\/\/thummerer.hu\/en\/wines\/terra-eger-rose-cuvee\/#breadcrumb","itemListElement":[{"@type":"ListItem","position":1,"name":"Home","item":"https:\/\/thummerer.hu\/en\/"},{"@type":"ListItem","position":2,"name":"Terra Eger Ros\u00e9 Cuv\u00e9e 2025"}]},{"@type":"WebSite","@id":"https:\/\/thummerer.hu\/#website","url":"https:\/\/thummerer.hu\/","name":"Thummerer","description":"Pinc\u00e9szet \u00e9s Sz\u0151l\u0151birtok","potentialAction":[{"@type":"SearchAction","target":{"@type":"EntryPoint","urlTemplate":"https:\/\/thummerer.hu\/?s={search_term_string}"},"query-input":{"@type":"PropertyValueSpecification","valueRequired":true,"valueName":"search_term_string"}}],"inLanguage":"en-US"}]}},"_links":{"self":[{"href":"https:\/\/thummerer.hu\/en\/wp-json\/wp\/v2\/product\/12342","targetHints":{"allow":["GET"]}}],"collection":[{"href":"https:\/\/thummerer.hu\/en\/wp-json\/wp\/v2\/product"}],"about":[{"href":"https:\/\/thummerer.hu\/en\/wp-json\/wp\/v2\/types\/product"}],"replies":[{"embeddable":true,"href":"https:\/\/thummerer.hu\/en\/wp-json\/wp\/v2\/comments?post=12342"}],"wp:featuredmedia":[{"embeddable":true,"href":"https:\/\/thummerer.hu\/en\/wp-json\/wp\/v2\/media\/17166"}],"wp:attachment":[{"href":"https:\/\/thummerer.hu\/en\/wp-json\/wp\/v2\/media?parent=12342"}],"wp:term":[{"taxonomy":"product_brand","embeddable":true,"href":"https:\/\/thummerer.hu\/en\/wp-json\/wp\/v2\/product_brand?post=12342"},{"taxonomy":"product_cat","embeddable":true,"href":"https:\/\/thummerer.hu\/en\/wp-json\/wp\/v2\/product_cat?post=12342"},{"taxonomy":"product_tag","embeddable":true,"href":"https:\/\/thummerer.hu\/en\/wp-json\/wp\/v2\/product_tag?post=12342"}],"curies":[{"name":"wp","href":"https:\/\/api.w.org\/{rel}","templated":true}]}}