{"id":12554,"date":"2022-05-03T10:15:52","date_gmt":"2022-05-03T10:15:52","guid":{"rendered":"https:\/\/shop.thummerer.hu\/?post_type=product&#038;p=12554"},"modified":"2026-02-11T07:35:40","modified_gmt":"2026-02-11T07:35:40","slug":"refreshing-youthful-wine-package","status":"publish","type":"product","link":"https:\/\/thummerer.hu\/en\/wines\/refreshing-youthful-wine-package\/","title":{"rendered":"Refreshing &#038; Youthful Wine Package"},"content":{"rendered":"","protected":false},"excerpt":{"rendered":"<p>We have selected the light, award-winning wines in our \u201crefreshing&amp;youthful\u201d tasting wine package, which are an essential addition to weekend grilling, gatherings of friends and conversations. You can also taste such specialties of Eger as the famous Eger Bull Blood or the Eger Star Classic which made with reductive technology, but let&#8217;s not forget about the Terra Egri Ros\u00e9 Cuv\u00e9e 2022, made from the rare blue grape variety. Our refreshing&amp;youthful taste package concludes with the intense aroma of our blend of Cabernet Franc &#8211; Merlot with smoothed tannins and varietal fruity aromas.<\/p>\n<p>Egri Csillag Classic 2024, Terra Egri Ros\u00e9 Cuv\u00e9e 2024, Egri Cabernet franc-Merlot 2021, Terra Egri Feh\u00e9r Cuv\u00e9e 2024, Egri Bikav\u00e9r Classicus 2022\/ pack<\/p>\n<p><em>Only in our webshop!<\/em><\/p>\n","protected":false},"featured_media":17264,"comment_status":"open","ping_status":"closed","template":"","meta":{"_acf_changed":false},"product_brand":[],"product_cat":[262],"product_tag":[170,198,431,429],"class_list":{"0":"post-12554","1":"product","2":"type-product","3":"status-publish","4":"has-post-thumbnail","6":"product_cat-borcsomag-en","7":"product_tag-cuvee-en","8":"product_tag-egri-csillag-en","9":"product_tag-vinagora-2022-en","10":"product_tag-vinagora-2022-arany-en","11":"pa_hova-ajanljuk-ajandekba-en","13":"first","14":"instock","15":"shipping-taxable","16":"purchasable","17":"product-type-simple"},"acf":[],"yoast_head":"<!-- This site is optimized with the Yoast SEO plugin v27.1.1 - https:\/\/yoast.com\/product\/yoast-seo-wordpress\/ -->\n<title>Refreshing &amp; Youthful Wine Package - Thummerer<\/title>\n<meta name=\"robots\" content=\"index, follow, max-snippet:-1, max-image-preview:large, max-video-preview:-1\" \/>\n<link rel=\"canonical\" href=\"https:\/\/thummerer.hu\/en\/wines\/refreshing-youthful-wine-package\/\" \/>\n<meta property=\"og:locale\" content=\"en_US\" \/>\n<meta property=\"og:type\" content=\"article\" \/>\n<meta property=\"og:title\" content=\"Refreshing &amp; Youthful Wine Package - Thummerer\" \/>\n<meta property=\"og:description\" content=\"We have selected the light, award-winning wines in our \u201crefreshing&amp;youthful\u201d tasting wine package, which are an essential addition to weekend grilling, gatherings of friends and conversations. You can also taste such specialties of Eger as the famous Eger Bull Blood or the Eger Star Classic which made with reductive technology, but let&#039;s not forget about the Terra Egri Ros\u00e9 Cuv\u00e9e 2022, made from the rare blue grape variety. Our refreshing&amp;youthful taste package concludes with the intense aroma of our blend of Cabernet Franc - Merlot with smoothed tannins and varietal fruity aromas.  Egri Csillag Classic 2024, Terra Egri Ros\u00e9 Cuv\u00e9e 2024, Egri Cabernet franc-Merlot 2021, Terra Egri Feh\u00e9r Cuv\u00e9e 2024, Egri Bikav\u00e9r Classicus 2022\/ pack  Only in our webshop!\" \/>\n<meta property=\"og:url\" content=\"https:\/\/thummerer.hu\/en\/wines\/refreshing-youthful-wine-package\/\" \/>\n<meta property=\"og:site_name\" content=\"Thummerer\" \/>\n<meta property=\"article:modified_time\" content=\"2026-02-11T07:35:40+00:00\" \/>\n<meta property=\"og:image\" content=\"https:\/\/thummerer.hu\/wp-content\/uploads\/2022\/05\/frissito-izelito-csomag-2.jpg\" \/>\n\t<meta property=\"og:image:width\" content=\"820\" \/>\n\t<meta property=\"og:image:height\" content=\"1230\" \/>\n\t<meta property=\"og:image:type\" content=\"image\/jpeg\" \/>\n<meta name=\"twitter:card\" content=\"summary_large_image\" \/>\n<meta name=\"twitter:label1\" content=\"Est. reading time\" \/>\n\t<meta name=\"twitter:data1\" content=\"1 minute\" \/>\n<script type=\"application\/ld+json\" class=\"yoast-schema-graph\">{\"@context\":\"https:\/\/schema.org\",\"@graph\":[{\"@type\":\"WebPage\",\"@id\":\"https:\/\/thummerer.hu\/en\/wines\/refreshing-youthful-wine-package\/\",\"url\":\"https:\/\/thummerer.hu\/en\/wines\/refreshing-youthful-wine-package\/\",\"name\":\"Refreshing & Youthful Wine Package - Thummerer\",\"isPartOf\":{\"@id\":\"https:\/\/thummerer.hu\/#website\"},\"primaryImageOfPage\":{\"@id\":\"https:\/\/thummerer.hu\/en\/wines\/refreshing-youthful-wine-package\/#primaryimage\"},\"image\":{\"@id\":\"https:\/\/thummerer.hu\/en\/wines\/refreshing-youthful-wine-package\/#primaryimage\"},\"thumbnailUrl\":\"https:\/\/thummerer.hu\/wp-content\/uploads\/2022\/05\/frissito-izelito-csomag-2.jpg\",\"datePublished\":\"2022-05-03T10:15:52+00:00\",\"dateModified\":\"2026-02-11T07:35:40+00:00\",\"breadcrumb\":{\"@id\":\"https:\/\/thummerer.hu\/en\/wines\/refreshing-youthful-wine-package\/#breadcrumb\"},\"inLanguage\":\"en-US\",\"potentialAction\":[{\"@type\":\"ReadAction\",\"target\":[\"https:\/\/thummerer.hu\/en\/wines\/refreshing-youthful-wine-package\/\"]}]},{\"@type\":\"ImageObject\",\"inLanguage\":\"en-US\",\"@id\":\"https:\/\/thummerer.hu\/en\/wines\/refreshing-youthful-wine-package\/#primaryimage\",\"url\":\"https:\/\/thummerer.hu\/wp-content\/uploads\/2022\/05\/frissito-izelito-csomag-2.jpg\",\"contentUrl\":\"https:\/\/thummerer.hu\/wp-content\/uploads\/2022\/05\/frissito-izelito-csomag-2.jpg\",\"width\":820,\"height\":1230},{\"@type\":\"BreadcrumbList\",\"@id\":\"https:\/\/thummerer.hu\/en\/wines\/refreshing-youthful-wine-package\/#breadcrumb\",\"itemListElement\":[{\"@type\":\"ListItem\",\"position\":1,\"name\":\"Home\",\"item\":\"https:\/\/thummerer.hu\/en\/\"},{\"@type\":\"ListItem\",\"position\":2,\"name\":\"Refreshing &#038; Youthful Wine Package\"}]},{\"@type\":\"WebSite\",\"@id\":\"https:\/\/thummerer.hu\/#website\",\"url\":\"https:\/\/thummerer.hu\/\",\"name\":\"Thummerer\",\"description\":\"Pinc\u00e9szet \u00e9s Sz\u0151l\u0151birtok\",\"potentialAction\":[{\"@type\":\"SearchAction\",\"target\":{\"@type\":\"EntryPoint\",\"urlTemplate\":\"https:\/\/thummerer.hu\/?s={search_term_string}\"},\"query-input\":{\"@type\":\"PropertyValueSpecification\",\"valueRequired\":true,\"valueName\":\"search_term_string\"}}],\"inLanguage\":\"en-US\"}]}<\/script>\n<!-- \/ Yoast SEO plugin. -->","yoast_head_json":{"title":"Refreshing & Youthful Wine Package - Thummerer","robots":{"index":"index","follow":"follow","max-snippet":"max-snippet:-1","max-image-preview":"max-image-preview:large","max-video-preview":"max-video-preview:-1"},"canonical":"https:\/\/thummerer.hu\/en\/wines\/refreshing-youthful-wine-package\/","og_locale":"en_US","og_type":"article","og_title":"Refreshing & Youthful Wine Package - Thummerer","og_description":"We have selected the light, award-winning wines in our \u201crefreshing&amp;youthful\u201d tasting wine package, which are an essential addition to weekend grilling, gatherings of friends and conversations. You can also taste such specialties of Eger as the famous Eger Bull Blood or the Eger Star Classic which made with reductive technology, but let's not forget about the Terra Egri Ros\u00e9 Cuv\u00e9e 2022, made from the rare blue grape variety. Our refreshing&amp;youthful taste package concludes with the intense aroma of our blend of Cabernet Franc - Merlot with smoothed tannins and varietal fruity aromas.  Egri Csillag Classic 2024, Terra Egri Ros\u00e9 Cuv\u00e9e 2024, Egri Cabernet franc-Merlot 2021, Terra Egri Feh\u00e9r Cuv\u00e9e 2024, Egri Bikav\u00e9r Classicus 2022\/ pack  Only in our webshop!","og_url":"https:\/\/thummerer.hu\/en\/wines\/refreshing-youthful-wine-package\/","og_site_name":"Thummerer","article_modified_time":"2026-02-11T07:35:40+00:00","og_image":[{"width":820,"height":1230,"url":"https:\/\/thummerer.hu\/wp-content\/uploads\/2022\/05\/frissito-izelito-csomag-2.jpg","type":"image\/jpeg"}],"twitter_card":"summary_large_image","twitter_misc":{"Est. reading time":"1 minute"},"schema":{"@context":"https:\/\/schema.org","@graph":[{"@type":"WebPage","@id":"https:\/\/thummerer.hu\/en\/wines\/refreshing-youthful-wine-package\/","url":"https:\/\/thummerer.hu\/en\/wines\/refreshing-youthful-wine-package\/","name":"Refreshing & Youthful Wine Package - Thummerer","isPartOf":{"@id":"https:\/\/thummerer.hu\/#website"},"primaryImageOfPage":{"@id":"https:\/\/thummerer.hu\/en\/wines\/refreshing-youthful-wine-package\/#primaryimage"},"image":{"@id":"https:\/\/thummerer.hu\/en\/wines\/refreshing-youthful-wine-package\/#primaryimage"},"thumbnailUrl":"https:\/\/thummerer.hu\/wp-content\/uploads\/2022\/05\/frissito-izelito-csomag-2.jpg","datePublished":"2022-05-03T10:15:52+00:00","dateModified":"2026-02-11T07:35:40+00:00","breadcrumb":{"@id":"https:\/\/thummerer.hu\/en\/wines\/refreshing-youthful-wine-package\/#breadcrumb"},"inLanguage":"en-US","potentialAction":[{"@type":"ReadAction","target":["https:\/\/thummerer.hu\/en\/wines\/refreshing-youthful-wine-package\/"]}]},{"@type":"ImageObject","inLanguage":"en-US","@id":"https:\/\/thummerer.hu\/en\/wines\/refreshing-youthful-wine-package\/#primaryimage","url":"https:\/\/thummerer.hu\/wp-content\/uploads\/2022\/05\/frissito-izelito-csomag-2.jpg","contentUrl":"https:\/\/thummerer.hu\/wp-content\/uploads\/2022\/05\/frissito-izelito-csomag-2.jpg","width":820,"height":1230},{"@type":"BreadcrumbList","@id":"https:\/\/thummerer.hu\/en\/wines\/refreshing-youthful-wine-package\/#breadcrumb","itemListElement":[{"@type":"ListItem","position":1,"name":"Home","item":"https:\/\/thummerer.hu\/en\/"},{"@type":"ListItem","position":2,"name":"Refreshing &#038; Youthful Wine Package"}]},{"@type":"WebSite","@id":"https:\/\/thummerer.hu\/#website","url":"https:\/\/thummerer.hu\/","name":"Thummerer","description":"Pinc\u00e9szet \u00e9s Sz\u0151l\u0151birtok","potentialAction":[{"@type":"SearchAction","target":{"@type":"EntryPoint","urlTemplate":"https:\/\/thummerer.hu\/?s={search_term_string}"},"query-input":{"@type":"PropertyValueSpecification","valueRequired":true,"valueName":"search_term_string"}}],"inLanguage":"en-US"}]}},"_links":{"self":[{"href":"https:\/\/thummerer.hu\/en\/wp-json\/wp\/v2\/product\/12554","targetHints":{"allow":["GET"]}}],"collection":[{"href":"https:\/\/thummerer.hu\/en\/wp-json\/wp\/v2\/product"}],"about":[{"href":"https:\/\/thummerer.hu\/en\/wp-json\/wp\/v2\/types\/product"}],"replies":[{"embeddable":true,"href":"https:\/\/thummerer.hu\/en\/wp-json\/wp\/v2\/comments?post=12554"}],"wp:featuredmedia":[{"embeddable":true,"href":"https:\/\/thummerer.hu\/en\/wp-json\/wp\/v2\/media\/17264"}],"wp:attachment":[{"href":"https:\/\/thummerer.hu\/en\/wp-json\/wp\/v2\/media?parent=12554"}],"wp:term":[{"taxonomy":"product_brand","embeddable":true,"href":"https:\/\/thummerer.hu\/en\/wp-json\/wp\/v2\/product_brand?post=12554"},{"taxonomy":"product_cat","embeddable":true,"href":"https:\/\/thummerer.hu\/en\/wp-json\/wp\/v2\/product_cat?post=12554"},{"taxonomy":"product_tag","embeddable":true,"href":"https:\/\/thummerer.hu\/en\/wp-json\/wp\/v2\/product_tag?post=12554"}],"curies":[{"name":"wp","href":"https:\/\/api.w.org\/{rel}","templated":true}]}}