{"id":12566,"date":"2022-05-03T10:55:49","date_gmt":"2022-05-03T10:55:49","guid":{"rendered":"https:\/\/shop.thummerer.hu\/?post_type=product&#038;p=12566"},"modified":"2025-11-24T12:56:13","modified_gmt":"2025-11-24T12:56:13","slug":"highway-selection","status":"publish","type":"product","link":"https:\/\/thummerer.hu\/en\/wines\/highway-selection\/","title":{"rendered":"Highway Selection"},"content":{"rendered":"","protected":false},"excerpt":{"rendered":"<p>In a wine-loving household, it is always good to have a few bottles of wine at home, which we can add to our wine collection with the security guaranteed by a kind of brand, and occasionally we can proudly present them to our family members and friends. Our &#8220;highway&#8221; selection includes items that we only make in the best years, after meeting very strict quality criteria. In all cases, these wines have a long maturation and shelf life potential.<\/p>\n<p>Egri Bikav\u00e9r Superior 2022, R\u00e9bus Egri Cuv\u00e9e Superior 2021, Egri Cabernet Franc Superior V\u00e1logat\u00e1s 2021, Egri Cabernet Sauvignon Superior V\u00e1logat\u00e1s 2018<\/p>\n<p><em>Only in our webshop!<\/em><\/p>\n","protected":false},"featured_media":16559,"comment_status":"open","ping_status":"closed","template":"","meta":{"_acf_changed":false},"product_brand":[],"product_cat":[262],"product_tag":[205,200,213,431,429],"class_list":{"0":"post-12566","1":"product","2":"type-product","3":"status-publish","4":"has-post-thumbnail","6":"product_cat-borcsomag-en","7":"product_tag-cabernet-sauvignon-en","8":"product_tag-merlot-en","9":"product_tag-syrah-en","10":"product_tag-vinagora-2022-en","11":"product_tag-vinagora-2022-arany-en","12":"pa_hova-ajanljuk-ajandekba-en","14":"first","15":"instock","16":"shipping-taxable","17":"purchasable","18":"product-type-simple"},"acf":[],"yoast_head":"<!-- This site is optimized with the Yoast SEO plugin v27.5 - https:\/\/yoast.com\/product\/yoast-seo-wordpress\/ -->\n<title>Highway Selection - Thummerer<\/title>\n<meta name=\"robots\" content=\"index, follow, max-snippet:-1, max-image-preview:large, max-video-preview:-1\" \/>\n<link rel=\"canonical\" href=\"https:\/\/thummerer.hu\/en\/wines\/highway-selection\/\" \/>\n<meta property=\"og:locale\" content=\"en_US\" \/>\n<meta property=\"og:type\" content=\"article\" \/>\n<meta property=\"og:title\" content=\"Highway Selection - Thummerer\" \/>\n<meta property=\"og:description\" content=\"In a wine-loving household, it is always good to have a few bottles of wine at home, which we can add to our wine collection with the security guaranteed by a kind of brand, and occasionally we can proudly present them to our family members and friends. Our &quot;highway&quot; selection includes items that we only make in the best years, after meeting very strict quality criteria. In all cases, these wines have a long maturation and shelf life potential.  Egri Bikav\u00e9r Superior 2022, R\u00e9bus Egri Cuv\u00e9e Superior 2021, Egri Cabernet Franc Superior V\u00e1logat\u00e1s 2021, Egri Cabernet Sauvignon Superior V\u00e1logat\u00e1s 2018  Only in our webshop!\" \/>\n<meta property=\"og:url\" content=\"https:\/\/thummerer.hu\/en\/wines\/highway-selection\/\" \/>\n<meta property=\"og:site_name\" content=\"Thummerer\" \/>\n<meta property=\"article:modified_time\" content=\"2025-11-24T12:56:13+00:00\" \/>\n<meta property=\"og:image\" content=\"https:\/\/thummerer.hu\/wp-content\/uploads\/2022\/05\/nagypalyasok-csomag_2021_with_bg.png\" \/>\n\t<meta property=\"og:image:width\" content=\"600\" \/>\n\t<meta property=\"og:image:height\" content=\"900\" \/>\n\t<meta property=\"og:image:type\" content=\"image\/png\" \/>\n<meta name=\"twitter:card\" content=\"summary_large_image\" \/>\n<meta name=\"twitter:label1\" content=\"Est. reading time\" \/>\n\t<meta name=\"twitter:data1\" content=\"1 minute\" \/>\n<script type=\"application\/ld+json\" class=\"yoast-schema-graph\">{\"@context\":\"https:\\\/\\\/schema.org\",\"@graph\":[{\"@type\":\"WebPage\",\"@id\":\"https:\\\/\\\/thummerer.hu\\\/en\\\/wines\\\/highway-selection\\\/\",\"url\":\"https:\\\/\\\/thummerer.hu\\\/en\\\/wines\\\/highway-selection\\\/\",\"name\":\"Highway Selection - Thummerer\",\"isPartOf\":{\"@id\":\"https:\\\/\\\/thummerer.hu\\\/#website\"},\"primaryImageOfPage\":{\"@id\":\"https:\\\/\\\/thummerer.hu\\\/en\\\/wines\\\/highway-selection\\\/#primaryimage\"},\"image\":{\"@id\":\"https:\\\/\\\/thummerer.hu\\\/en\\\/wines\\\/highway-selection\\\/#primaryimage\"},\"thumbnailUrl\":\"https:\\\/\\\/thummerer.hu\\\/wp-content\\\/uploads\\\/2022\\\/05\\\/nagypalyasok-csomag_2021_with_bg.png\",\"datePublished\":\"2022-05-03T10:55:49+00:00\",\"dateModified\":\"2025-11-24T12:56:13+00:00\",\"breadcrumb\":{\"@id\":\"https:\\\/\\\/thummerer.hu\\\/en\\\/wines\\\/highway-selection\\\/#breadcrumb\"},\"inLanguage\":\"en-US\",\"potentialAction\":[{\"@type\":\"ReadAction\",\"target\":[\"https:\\\/\\\/thummerer.hu\\\/en\\\/wines\\\/highway-selection\\\/\"]}]},{\"@type\":\"ImageObject\",\"inLanguage\":\"en-US\",\"@id\":\"https:\\\/\\\/thummerer.hu\\\/en\\\/wines\\\/highway-selection\\\/#primaryimage\",\"url\":\"https:\\\/\\\/thummerer.hu\\\/wp-content\\\/uploads\\\/2022\\\/05\\\/nagypalyasok-csomag_2021_with_bg.png\",\"contentUrl\":\"https:\\\/\\\/thummerer.hu\\\/wp-content\\\/uploads\\\/2022\\\/05\\\/nagypalyasok-csomag_2021_with_bg.png\",\"width\":600,\"height\":900},{\"@type\":\"BreadcrumbList\",\"@id\":\"https:\\\/\\\/thummerer.hu\\\/en\\\/wines\\\/highway-selection\\\/#breadcrumb\",\"itemListElement\":[{\"@type\":\"ListItem\",\"position\":1,\"name\":\"Home\",\"item\":\"https:\\\/\\\/thummerer.hu\\\/en\\\/\"},{\"@type\":\"ListItem\",\"position\":2,\"name\":\"Highway Selection\"}]},{\"@type\":\"WebSite\",\"@id\":\"https:\\\/\\\/thummerer.hu\\\/#website\",\"url\":\"https:\\\/\\\/thummerer.hu\\\/\",\"name\":\"Thummerer\",\"description\":\"Pinc\u00e9szet \u00e9s Sz\u0151l\u0151birtok\",\"potentialAction\":[{\"@type\":\"SearchAction\",\"target\":{\"@type\":\"EntryPoint\",\"urlTemplate\":\"https:\\\/\\\/thummerer.hu\\\/?s={search_term_string}\"},\"query-input\":{\"@type\":\"PropertyValueSpecification\",\"valueRequired\":true,\"valueName\":\"search_term_string\"}}],\"inLanguage\":\"en-US\"}]}<\/script>\n<!-- \/ Yoast SEO plugin. -->","yoast_head_json":{"title":"Highway Selection - Thummerer","robots":{"index":"index","follow":"follow","max-snippet":"max-snippet:-1","max-image-preview":"max-image-preview:large","max-video-preview":"max-video-preview:-1"},"canonical":"https:\/\/thummerer.hu\/en\/wines\/highway-selection\/","og_locale":"en_US","og_type":"article","og_title":"Highway Selection - Thummerer","og_description":"In a wine-loving household, it is always good to have a few bottles of wine at home, which we can add to our wine collection with the security guaranteed by a kind of brand, and occasionally we can proudly present them to our family members and friends. Our \"highway\" selection includes items that we only make in the best years, after meeting very strict quality criteria. In all cases, these wines have a long maturation and shelf life potential.  Egri Bikav\u00e9r Superior 2022, R\u00e9bus Egri Cuv\u00e9e Superior 2021, Egri Cabernet Franc Superior V\u00e1logat\u00e1s 2021, Egri Cabernet Sauvignon Superior V\u00e1logat\u00e1s 2018  Only in our webshop!","og_url":"https:\/\/thummerer.hu\/en\/wines\/highway-selection\/","og_site_name":"Thummerer","article_modified_time":"2025-11-24T12:56:13+00:00","og_image":[{"width":600,"height":900,"url":"https:\/\/thummerer.hu\/wp-content\/uploads\/2022\/05\/nagypalyasok-csomag_2021_with_bg.png","type":"image\/png"}],"twitter_card":"summary_large_image","twitter_misc":{"Est. reading time":"1 minute"},"schema":{"@context":"https:\/\/schema.org","@graph":[{"@type":"WebPage","@id":"https:\/\/thummerer.hu\/en\/wines\/highway-selection\/","url":"https:\/\/thummerer.hu\/en\/wines\/highway-selection\/","name":"Highway Selection - Thummerer","isPartOf":{"@id":"https:\/\/thummerer.hu\/#website"},"primaryImageOfPage":{"@id":"https:\/\/thummerer.hu\/en\/wines\/highway-selection\/#primaryimage"},"image":{"@id":"https:\/\/thummerer.hu\/en\/wines\/highway-selection\/#primaryimage"},"thumbnailUrl":"https:\/\/thummerer.hu\/wp-content\/uploads\/2022\/05\/nagypalyasok-csomag_2021_with_bg.png","datePublished":"2022-05-03T10:55:49+00:00","dateModified":"2025-11-24T12:56:13+00:00","breadcrumb":{"@id":"https:\/\/thummerer.hu\/en\/wines\/highway-selection\/#breadcrumb"},"inLanguage":"en-US","potentialAction":[{"@type":"ReadAction","target":["https:\/\/thummerer.hu\/en\/wines\/highway-selection\/"]}]},{"@type":"ImageObject","inLanguage":"en-US","@id":"https:\/\/thummerer.hu\/en\/wines\/highway-selection\/#primaryimage","url":"https:\/\/thummerer.hu\/wp-content\/uploads\/2022\/05\/nagypalyasok-csomag_2021_with_bg.png","contentUrl":"https:\/\/thummerer.hu\/wp-content\/uploads\/2022\/05\/nagypalyasok-csomag_2021_with_bg.png","width":600,"height":900},{"@type":"BreadcrumbList","@id":"https:\/\/thummerer.hu\/en\/wines\/highway-selection\/#breadcrumb","itemListElement":[{"@type":"ListItem","position":1,"name":"Home","item":"https:\/\/thummerer.hu\/en\/"},{"@type":"ListItem","position":2,"name":"Highway Selection"}]},{"@type":"WebSite","@id":"https:\/\/thummerer.hu\/#website","url":"https:\/\/thummerer.hu\/","name":"Thummerer","description":"Pinc\u00e9szet \u00e9s Sz\u0151l\u0151birtok","potentialAction":[{"@type":"SearchAction","target":{"@type":"EntryPoint","urlTemplate":"https:\/\/thummerer.hu\/?s={search_term_string}"},"query-input":{"@type":"PropertyValueSpecification","valueRequired":true,"valueName":"search_term_string"}}],"inLanguage":"en-US"}]}},"_links":{"self":[{"href":"https:\/\/thummerer.hu\/en\/wp-json\/wp\/v2\/product\/12566","targetHints":{"allow":["GET"]}}],"collection":[{"href":"https:\/\/thummerer.hu\/en\/wp-json\/wp\/v2\/product"}],"about":[{"href":"https:\/\/thummerer.hu\/en\/wp-json\/wp\/v2\/types\/product"}],"replies":[{"embeddable":true,"href":"https:\/\/thummerer.hu\/en\/wp-json\/wp\/v2\/comments?post=12566"}],"wp:featuredmedia":[{"embeddable":true,"href":"https:\/\/thummerer.hu\/en\/wp-json\/wp\/v2\/media\/16559"}],"wp:attachment":[{"href":"https:\/\/thummerer.hu\/en\/wp-json\/wp\/v2\/media?parent=12566"}],"wp:term":[{"taxonomy":"product_brand","embeddable":true,"href":"https:\/\/thummerer.hu\/en\/wp-json\/wp\/v2\/product_brand?post=12566"},{"taxonomy":"product_cat","embeddable":true,"href":"https:\/\/thummerer.hu\/en\/wp-json\/wp\/v2\/product_cat?post=12566"},{"taxonomy":"product_tag","embeddable":true,"href":"https:\/\/thummerer.hu\/en\/wp-json\/wp\/v2\/product_tag?post=12566"}],"curies":[{"name":"wp","href":"https:\/\/api.w.org\/{rel}","templated":true}]}}