{"id":12687,"date":"2022-05-04T16:11:43","date_gmt":"2022-05-04T16:11:43","guid":{"rendered":"https:\/\/shop.thummerer.hu\/?post_type=product&#038;p=12687"},"modified":"2026-04-06T16:53:30","modified_gmt":"2026-04-06T16:53:30","slug":"egri-syrah-superior-selection-2021","status":"publish","type":"product","link":"https:\/\/thummerer.hu\/en\/wines\/egri-syrah-superior-selection-2021\/","title":{"rendered":"Egri Syrah Superior Selection 2021"},"content":{"rendered":"","protected":false},"excerpt":{"rendered":"<p>The harvest at the end of September gave us a Syrah with perfect ripeness. To help highlight the aroma and taste of the variety, we used a 20-month second-time-used barrel maturation, along with a long bottle maturation. As a result, we obtained a juicy and varied wine with an extremely long finish. For lovers of the Syrah variety, it can be consumed on its own, just for the beauty of the wine, but it can also be a perfect choice alongside vension and beef dishes, consumed at 18 degrees Celsius.<\/p>\n","protected":false},"featured_media":15651,"comment_status":"open","ping_status":"closed","template":"","meta":{"_acf_changed":false},"product_brand":[],"product_cat":[98],"product_tag":[213,431,429],"class_list":{"0":"post-12687","1":"product","2":"type-product","3":"status-publish","4":"has-post-thumbnail","6":"product_cat-red","7":"product_tag-syrah-en","8":"product_tag-vinagora-2022-en","9":"product_tag-vinagora-2022-arany-en","10":"pa_acid-5-5-g-l-en","11":"pa_fajtaosszetetel-100-syrah-en","12":"pa_ft-510","13":"pa_ft-1-l-511","14":"pa_hova-ajanljuk-vadakhoz-en","15":"pa_specified-region-eger-winer-region","16":"pa_specified-region-nagy-eged-vineyard","18":"first","19":"instock","20":"shipping-taxable","21":"purchasable","22":"product-type-simple"},"acf":[],"yoast_head":"<!-- This site is optimized with the Yoast SEO plugin v27.5 - https:\/\/yoast.com\/product\/yoast-seo-wordpress\/ -->\n<title>Egri Syrah Superior Selection 2021 - Thummerer<\/title>\n<meta name=\"robots\" content=\"index, follow, max-snippet:-1, max-image-preview:large, max-video-preview:-1\" \/>\n<link rel=\"canonical\" href=\"https:\/\/thummerer.hu\/en\/wines\/egri-syrah-superior-selection-2021\/\" \/>\n<meta property=\"og:locale\" content=\"en_US\" \/>\n<meta property=\"og:type\" content=\"article\" \/>\n<meta property=\"og:title\" content=\"Egri Syrah Superior Selection 2021 - Thummerer\" \/>\n<meta property=\"og:description\" content=\"The harvest at the end of September gave us a Syrah with perfect ripeness. To help highlight the aroma and taste of the variety, we used a 20-month second-time-used barrel maturation, along with a long bottle maturation. As a result, we obtained a juicy and varied wine with an extremely long finish. For lovers of the Syrah variety, it can be consumed on its own, just for the beauty of the wine, but it can also be a perfect choice alongside vension and beef dishes, consumed at 18 degrees Celsius.\" \/>\n<meta property=\"og:url\" content=\"https:\/\/thummerer.hu\/en\/wines\/egri-syrah-superior-selection-2021\/\" \/>\n<meta property=\"og:site_name\" content=\"Thummerer\" \/>\n<meta property=\"article:modified_time\" content=\"2026-04-06T16:53:30+00:00\" \/>\n<meta property=\"og:image\" content=\"https:\/\/thummerer.hu\/wp-content\/uploads\/2022\/05\/egri-syrah-valogatas-2021.jpg\" \/>\n\t<meta property=\"og:image:width\" content=\"820\" \/>\n\t<meta property=\"og:image:height\" content=\"1230\" \/>\n\t<meta property=\"og:image:type\" content=\"image\/jpeg\" \/>\n<meta name=\"twitter:card\" content=\"summary_large_image\" \/>\n<meta name=\"twitter:label1\" content=\"Est. reading time\" \/>\n\t<meta name=\"twitter:data1\" content=\"1 minute\" \/>\n<script type=\"application\/ld+json\" class=\"yoast-schema-graph\">{\"@context\":\"https:\\\/\\\/schema.org\",\"@graph\":[{\"@type\":\"WebPage\",\"@id\":\"https:\\\/\\\/thummerer.hu\\\/en\\\/wines\\\/egri-syrah-superior-selection-2021\\\/\",\"url\":\"https:\\\/\\\/thummerer.hu\\\/en\\\/wines\\\/egri-syrah-superior-selection-2021\\\/\",\"name\":\"Egri Syrah Superior Selection 2021 - Thummerer\",\"isPartOf\":{\"@id\":\"https:\\\/\\\/thummerer.hu\\\/#website\"},\"primaryImageOfPage\":{\"@id\":\"https:\\\/\\\/thummerer.hu\\\/en\\\/wines\\\/egri-syrah-superior-selection-2021\\\/#primaryimage\"},\"image\":{\"@id\":\"https:\\\/\\\/thummerer.hu\\\/en\\\/wines\\\/egri-syrah-superior-selection-2021\\\/#primaryimage\"},\"thumbnailUrl\":\"https:\\\/\\\/thummerer.hu\\\/wp-content\\\/uploads\\\/2022\\\/05\\\/egri-syrah-valogatas-2021.jpg\",\"datePublished\":\"2022-05-04T16:11:43+00:00\",\"dateModified\":\"2026-04-06T16:53:30+00:00\",\"breadcrumb\":{\"@id\":\"https:\\\/\\\/thummerer.hu\\\/en\\\/wines\\\/egri-syrah-superior-selection-2021\\\/#breadcrumb\"},\"inLanguage\":\"en-US\",\"potentialAction\":[{\"@type\":\"ReadAction\",\"target\":[\"https:\\\/\\\/thummerer.hu\\\/en\\\/wines\\\/egri-syrah-superior-selection-2021\\\/\"]}]},{\"@type\":\"ImageObject\",\"inLanguage\":\"en-US\",\"@id\":\"https:\\\/\\\/thummerer.hu\\\/en\\\/wines\\\/egri-syrah-superior-selection-2021\\\/#primaryimage\",\"url\":\"https:\\\/\\\/thummerer.hu\\\/wp-content\\\/uploads\\\/2022\\\/05\\\/egri-syrah-valogatas-2021.jpg\",\"contentUrl\":\"https:\\\/\\\/thummerer.hu\\\/wp-content\\\/uploads\\\/2022\\\/05\\\/egri-syrah-valogatas-2021.jpg\",\"width\":820,\"height\":1230},{\"@type\":\"BreadcrumbList\",\"@id\":\"https:\\\/\\\/thummerer.hu\\\/en\\\/wines\\\/egri-syrah-superior-selection-2021\\\/#breadcrumb\",\"itemListElement\":[{\"@type\":\"ListItem\",\"position\":1,\"name\":\"Home\",\"item\":\"https:\\\/\\\/thummerer.hu\\\/en\\\/\"},{\"@type\":\"ListItem\",\"position\":2,\"name\":\"Egri Syrah Superior Selection 2021\"}]},{\"@type\":\"WebSite\",\"@id\":\"https:\\\/\\\/thummerer.hu\\\/#website\",\"url\":\"https:\\\/\\\/thummerer.hu\\\/\",\"name\":\"Thummerer\",\"description\":\"Pinc\u00e9szet \u00e9s Sz\u0151l\u0151birtok\",\"potentialAction\":[{\"@type\":\"SearchAction\",\"target\":{\"@type\":\"EntryPoint\",\"urlTemplate\":\"https:\\\/\\\/thummerer.hu\\\/?s={search_term_string}\"},\"query-input\":{\"@type\":\"PropertyValueSpecification\",\"valueRequired\":true,\"valueName\":\"search_term_string\"}}],\"inLanguage\":\"en-US\"}]}<\/script>\n<!-- \/ Yoast SEO plugin. -->","yoast_head_json":{"title":"Egri Syrah Superior Selection 2021 - Thummerer","robots":{"index":"index","follow":"follow","max-snippet":"max-snippet:-1","max-image-preview":"max-image-preview:large","max-video-preview":"max-video-preview:-1"},"canonical":"https:\/\/thummerer.hu\/en\/wines\/egri-syrah-superior-selection-2021\/","og_locale":"en_US","og_type":"article","og_title":"Egri Syrah Superior Selection 2021 - Thummerer","og_description":"The harvest at the end of September gave us a Syrah with perfect ripeness. To help highlight the aroma and taste of the variety, we used a 20-month second-time-used barrel maturation, along with a long bottle maturation. As a result, we obtained a juicy and varied wine with an extremely long finish. For lovers of the Syrah variety, it can be consumed on its own, just for the beauty of the wine, but it can also be a perfect choice alongside vension and beef dishes, consumed at 18 degrees Celsius.","og_url":"https:\/\/thummerer.hu\/en\/wines\/egri-syrah-superior-selection-2021\/","og_site_name":"Thummerer","article_modified_time":"2026-04-06T16:53:30+00:00","og_image":[{"width":820,"height":1230,"url":"https:\/\/thummerer.hu\/wp-content\/uploads\/2022\/05\/egri-syrah-valogatas-2021.jpg","type":"image\/jpeg"}],"twitter_card":"summary_large_image","twitter_misc":{"Est. reading time":"1 minute"},"schema":{"@context":"https:\/\/schema.org","@graph":[{"@type":"WebPage","@id":"https:\/\/thummerer.hu\/en\/wines\/egri-syrah-superior-selection-2021\/","url":"https:\/\/thummerer.hu\/en\/wines\/egri-syrah-superior-selection-2021\/","name":"Egri Syrah Superior Selection 2021 - Thummerer","isPartOf":{"@id":"https:\/\/thummerer.hu\/#website"},"primaryImageOfPage":{"@id":"https:\/\/thummerer.hu\/en\/wines\/egri-syrah-superior-selection-2021\/#primaryimage"},"image":{"@id":"https:\/\/thummerer.hu\/en\/wines\/egri-syrah-superior-selection-2021\/#primaryimage"},"thumbnailUrl":"https:\/\/thummerer.hu\/wp-content\/uploads\/2022\/05\/egri-syrah-valogatas-2021.jpg","datePublished":"2022-05-04T16:11:43+00:00","dateModified":"2026-04-06T16:53:30+00:00","breadcrumb":{"@id":"https:\/\/thummerer.hu\/en\/wines\/egri-syrah-superior-selection-2021\/#breadcrumb"},"inLanguage":"en-US","potentialAction":[{"@type":"ReadAction","target":["https:\/\/thummerer.hu\/en\/wines\/egri-syrah-superior-selection-2021\/"]}]},{"@type":"ImageObject","inLanguage":"en-US","@id":"https:\/\/thummerer.hu\/en\/wines\/egri-syrah-superior-selection-2021\/#primaryimage","url":"https:\/\/thummerer.hu\/wp-content\/uploads\/2022\/05\/egri-syrah-valogatas-2021.jpg","contentUrl":"https:\/\/thummerer.hu\/wp-content\/uploads\/2022\/05\/egri-syrah-valogatas-2021.jpg","width":820,"height":1230},{"@type":"BreadcrumbList","@id":"https:\/\/thummerer.hu\/en\/wines\/egri-syrah-superior-selection-2021\/#breadcrumb","itemListElement":[{"@type":"ListItem","position":1,"name":"Home","item":"https:\/\/thummerer.hu\/en\/"},{"@type":"ListItem","position":2,"name":"Egri Syrah Superior Selection 2021"}]},{"@type":"WebSite","@id":"https:\/\/thummerer.hu\/#website","url":"https:\/\/thummerer.hu\/","name":"Thummerer","description":"Pinc\u00e9szet \u00e9s Sz\u0151l\u0151birtok","potentialAction":[{"@type":"SearchAction","target":{"@type":"EntryPoint","urlTemplate":"https:\/\/thummerer.hu\/?s={search_term_string}"},"query-input":{"@type":"PropertyValueSpecification","valueRequired":true,"valueName":"search_term_string"}}],"inLanguage":"en-US"}]}},"_links":{"self":[{"href":"https:\/\/thummerer.hu\/en\/wp-json\/wp\/v2\/product\/12687","targetHints":{"allow":["GET"]}}],"collection":[{"href":"https:\/\/thummerer.hu\/en\/wp-json\/wp\/v2\/product"}],"about":[{"href":"https:\/\/thummerer.hu\/en\/wp-json\/wp\/v2\/types\/product"}],"replies":[{"embeddable":true,"href":"https:\/\/thummerer.hu\/en\/wp-json\/wp\/v2\/comments?post=12687"}],"wp:featuredmedia":[{"embeddable":true,"href":"https:\/\/thummerer.hu\/en\/wp-json\/wp\/v2\/media\/15651"}],"wp:attachment":[{"href":"https:\/\/thummerer.hu\/en\/wp-json\/wp\/v2\/media?parent=12687"}],"wp:term":[{"taxonomy":"product_brand","embeddable":true,"href":"https:\/\/thummerer.hu\/en\/wp-json\/wp\/v2\/product_brand?post=12687"},{"taxonomy":"product_cat","embeddable":true,"href":"https:\/\/thummerer.hu\/en\/wp-json\/wp\/v2\/product_cat?post=12687"},{"taxonomy":"product_tag","embeddable":true,"href":"https:\/\/thummerer.hu\/en\/wp-json\/wp\/v2\/product_tag?post=12687"}],"curies":[{"name":"wp","href":"https:\/\/api.w.org\/{rel}","templated":true}]}}