{"id":12695,"date":"2022-05-04T16:19:14","date_gmt":"2022-05-04T16:19:14","guid":{"rendered":"https:\/\/shop.thummerer.hu\/?post_type=product&#038;p=12695"},"modified":"2026-04-01T11:50:52","modified_gmt":"2026-04-01T11:50:52","slug":"cabernet-sauvignon-superior-selection-2018","status":"publish","type":"product","link":"https:\/\/thummerer.hu\/en\/wines\/cabernet-sauvignon-superior-selection-2018\/","title":{"rendered":"Cabernet Sauvignon Superior Selection 2018"},"content":{"rendered":"","protected":false},"excerpt":{"rendered":"<p>Our Superior Selection Cabernet Sauvignon wine reminds us of the signs of serious, great red wines even at the first sight. The dark ruby \u200b\u200bcolor is paired with a rich, spicy flavor in which scents reminiscent of peppers and ripe raspberries are also easy to discover. The excellent acid balance is covered by an elegant dry red wine with silky tannins full of flavor, which has been greatly enriched by the aging in wooden barrels. Consumed at 18 C, it provides a unique experience paired with dishes served with beef and vension.<\/p>\n","protected":false},"featured_media":14428,"comment_status":"open","ping_status":"closed","template":"","meta":{"_acf_changed":false},"product_brand":[],"product_cat":[98],"product_tag":[205,431,429],"class_list":{"0":"post-12695","1":"product","2":"type-product","3":"status-publish","4":"has-post-thumbnail","6":"product_cat-red","7":"product_tag-cabernet-sauvignon-en","8":"product_tag-vinagora-2022-en","9":"product_tag-vinagora-2022-arany-en","10":"pa_acid-4-9-g-l-en","11":"pa_alcohol-155-en","12":"pa_fajtaosszetetel-100-cabernet-sauvignon-en","13":"pa_ft-510","14":"pa_ft-1-l-511","15":"pa_hova-ajanljuk-vadakhoz-en","16":"pa_specified-region-eger-winer-region","17":"pa_specified-region-szomolya-nagyvolgy-teto-vineyard","18":"pa_volume-075-l-en","19":"pa_wine-type-red","21":"first","22":"instock","23":"shipping-taxable","24":"purchasable","25":"product-type-simple"},"acf":[],"yoast_head":"<!-- This site is optimized with the Yoast SEO plugin v27.5 - https:\/\/yoast.com\/product\/yoast-seo-wordpress\/ -->\n<title>Cabernet Sauvignon Superior Selection 2018 - Thummerer<\/title>\n<meta name=\"robots\" content=\"index, follow, max-snippet:-1, max-image-preview:large, max-video-preview:-1\" \/>\n<link rel=\"canonical\" href=\"https:\/\/thummerer.hu\/en\/wines\/cabernet-sauvignon-superior-selection-2018\/\" \/>\n<meta property=\"og:locale\" content=\"en_US\" \/>\n<meta property=\"og:type\" content=\"article\" \/>\n<meta property=\"og:title\" content=\"Cabernet Sauvignon Superior Selection 2018 - Thummerer\" \/>\n<meta property=\"og:description\" content=\"Our Superior Selection Cabernet Sauvignon wine reminds us of the signs of serious, great red wines even at the first sight. The dark ruby \u200b\u200bcolor is paired with a rich, spicy flavor in which scents reminiscent of peppers and ripe raspberries are also easy to discover. The excellent acid balance is covered by an elegant dry red wine with silky tannins full of flavor, which has been greatly enriched by the aging in wooden barrels. Consumed at 18 C, it provides a unique experience paired with dishes served with beef and vension.\" \/>\n<meta property=\"og:url\" content=\"https:\/\/thummerer.hu\/en\/wines\/cabernet-sauvignon-superior-selection-2018\/\" \/>\n<meta property=\"og:site_name\" content=\"Thummerer\" \/>\n<meta property=\"article:modified_time\" content=\"2026-04-01T11:50:52+00:00\" \/>\n<meta property=\"og:image\" content=\"https:\/\/thummerer.hu\/wp-content\/uploads\/2022\/05\/Cabernet-Sauvignon-Superior-Valogatas.jpg\" \/>\n\t<meta property=\"og:image:width\" content=\"820\" \/>\n\t<meta property=\"og:image:height\" content=\"1230\" \/>\n\t<meta property=\"og:image:type\" content=\"image\/jpeg\" \/>\n<meta name=\"twitter:card\" content=\"summary_large_image\" \/>\n<script type=\"application\/ld+json\" class=\"yoast-schema-graph\">{\"@context\":\"https:\\\/\\\/schema.org\",\"@graph\":[{\"@type\":\"WebPage\",\"@id\":\"https:\\\/\\\/thummerer.hu\\\/en\\\/wines\\\/cabernet-sauvignon-superior-selection-2018\\\/\",\"url\":\"https:\\\/\\\/thummerer.hu\\\/en\\\/wines\\\/cabernet-sauvignon-superior-selection-2018\\\/\",\"name\":\"Cabernet Sauvignon Superior Selection 2018 - Thummerer\",\"isPartOf\":{\"@id\":\"https:\\\/\\\/thummerer.hu\\\/#website\"},\"primaryImageOfPage\":{\"@id\":\"https:\\\/\\\/thummerer.hu\\\/en\\\/wines\\\/cabernet-sauvignon-superior-selection-2018\\\/#primaryimage\"},\"image\":{\"@id\":\"https:\\\/\\\/thummerer.hu\\\/en\\\/wines\\\/cabernet-sauvignon-superior-selection-2018\\\/#primaryimage\"},\"thumbnailUrl\":\"https:\\\/\\\/thummerer.hu\\\/wp-content\\\/uploads\\\/2022\\\/05\\\/Cabernet-Sauvignon-Superior-Valogatas.jpg\",\"datePublished\":\"2022-05-04T16:19:14+00:00\",\"dateModified\":\"2026-04-01T11:50:52+00:00\",\"breadcrumb\":{\"@id\":\"https:\\\/\\\/thummerer.hu\\\/en\\\/wines\\\/cabernet-sauvignon-superior-selection-2018\\\/#breadcrumb\"},\"inLanguage\":\"en-US\",\"potentialAction\":[{\"@type\":\"ReadAction\",\"target\":[\"https:\\\/\\\/thummerer.hu\\\/en\\\/wines\\\/cabernet-sauvignon-superior-selection-2018\\\/\"]}]},{\"@type\":\"ImageObject\",\"inLanguage\":\"en-US\",\"@id\":\"https:\\\/\\\/thummerer.hu\\\/en\\\/wines\\\/cabernet-sauvignon-superior-selection-2018\\\/#primaryimage\",\"url\":\"https:\\\/\\\/thummerer.hu\\\/wp-content\\\/uploads\\\/2022\\\/05\\\/Cabernet-Sauvignon-Superior-Valogatas.jpg\",\"contentUrl\":\"https:\\\/\\\/thummerer.hu\\\/wp-content\\\/uploads\\\/2022\\\/05\\\/Cabernet-Sauvignon-Superior-Valogatas.jpg\",\"width\":820,\"height\":1230},{\"@type\":\"BreadcrumbList\",\"@id\":\"https:\\\/\\\/thummerer.hu\\\/en\\\/wines\\\/cabernet-sauvignon-superior-selection-2018\\\/#breadcrumb\",\"itemListElement\":[{\"@type\":\"ListItem\",\"position\":1,\"name\":\"Home\",\"item\":\"https:\\\/\\\/thummerer.hu\\\/en\\\/\"},{\"@type\":\"ListItem\",\"position\":2,\"name\":\"Cabernet Sauvignon Superior Selection 2018\"}]},{\"@type\":\"WebSite\",\"@id\":\"https:\\\/\\\/thummerer.hu\\\/#website\",\"url\":\"https:\\\/\\\/thummerer.hu\\\/\",\"name\":\"Thummerer\",\"description\":\"Pinc\u00e9szet \u00e9s Sz\u0151l\u0151birtok\",\"potentialAction\":[{\"@type\":\"SearchAction\",\"target\":{\"@type\":\"EntryPoint\",\"urlTemplate\":\"https:\\\/\\\/thummerer.hu\\\/?s={search_term_string}\"},\"query-input\":{\"@type\":\"PropertyValueSpecification\",\"valueRequired\":true,\"valueName\":\"search_term_string\"}}],\"inLanguage\":\"en-US\"}]}<\/script>\n<!-- \/ Yoast SEO plugin. -->","yoast_head_json":{"title":"Cabernet Sauvignon Superior Selection 2018 - Thummerer","robots":{"index":"index","follow":"follow","max-snippet":"max-snippet:-1","max-image-preview":"max-image-preview:large","max-video-preview":"max-video-preview:-1"},"canonical":"https:\/\/thummerer.hu\/en\/wines\/cabernet-sauvignon-superior-selection-2018\/","og_locale":"en_US","og_type":"article","og_title":"Cabernet Sauvignon Superior Selection 2018 - Thummerer","og_description":"Our Superior Selection Cabernet Sauvignon wine reminds us of the signs of serious, great red wines even at the first sight. The dark ruby \u200b\u200bcolor is paired with a rich, spicy flavor in which scents reminiscent of peppers and ripe raspberries are also easy to discover. The excellent acid balance is covered by an elegant dry red wine with silky tannins full of flavor, which has been greatly enriched by the aging in wooden barrels. Consumed at 18 C, it provides a unique experience paired with dishes served with beef and vension.","og_url":"https:\/\/thummerer.hu\/en\/wines\/cabernet-sauvignon-superior-selection-2018\/","og_site_name":"Thummerer","article_modified_time":"2026-04-01T11:50:52+00:00","og_image":[{"width":820,"height":1230,"url":"https:\/\/thummerer.hu\/wp-content\/uploads\/2022\/05\/Cabernet-Sauvignon-Superior-Valogatas.jpg","type":"image\/jpeg"}],"twitter_card":"summary_large_image","schema":{"@context":"https:\/\/schema.org","@graph":[{"@type":"WebPage","@id":"https:\/\/thummerer.hu\/en\/wines\/cabernet-sauvignon-superior-selection-2018\/","url":"https:\/\/thummerer.hu\/en\/wines\/cabernet-sauvignon-superior-selection-2018\/","name":"Cabernet Sauvignon Superior Selection 2018 - Thummerer","isPartOf":{"@id":"https:\/\/thummerer.hu\/#website"},"primaryImageOfPage":{"@id":"https:\/\/thummerer.hu\/en\/wines\/cabernet-sauvignon-superior-selection-2018\/#primaryimage"},"image":{"@id":"https:\/\/thummerer.hu\/en\/wines\/cabernet-sauvignon-superior-selection-2018\/#primaryimage"},"thumbnailUrl":"https:\/\/thummerer.hu\/wp-content\/uploads\/2022\/05\/Cabernet-Sauvignon-Superior-Valogatas.jpg","datePublished":"2022-05-04T16:19:14+00:00","dateModified":"2026-04-01T11:50:52+00:00","breadcrumb":{"@id":"https:\/\/thummerer.hu\/en\/wines\/cabernet-sauvignon-superior-selection-2018\/#breadcrumb"},"inLanguage":"en-US","potentialAction":[{"@type":"ReadAction","target":["https:\/\/thummerer.hu\/en\/wines\/cabernet-sauvignon-superior-selection-2018\/"]}]},{"@type":"ImageObject","inLanguage":"en-US","@id":"https:\/\/thummerer.hu\/en\/wines\/cabernet-sauvignon-superior-selection-2018\/#primaryimage","url":"https:\/\/thummerer.hu\/wp-content\/uploads\/2022\/05\/Cabernet-Sauvignon-Superior-Valogatas.jpg","contentUrl":"https:\/\/thummerer.hu\/wp-content\/uploads\/2022\/05\/Cabernet-Sauvignon-Superior-Valogatas.jpg","width":820,"height":1230},{"@type":"BreadcrumbList","@id":"https:\/\/thummerer.hu\/en\/wines\/cabernet-sauvignon-superior-selection-2018\/#breadcrumb","itemListElement":[{"@type":"ListItem","position":1,"name":"Home","item":"https:\/\/thummerer.hu\/en\/"},{"@type":"ListItem","position":2,"name":"Cabernet Sauvignon Superior Selection 2018"}]},{"@type":"WebSite","@id":"https:\/\/thummerer.hu\/#website","url":"https:\/\/thummerer.hu\/","name":"Thummerer","description":"Pinc\u00e9szet \u00e9s Sz\u0151l\u0151birtok","potentialAction":[{"@type":"SearchAction","target":{"@type":"EntryPoint","urlTemplate":"https:\/\/thummerer.hu\/?s={search_term_string}"},"query-input":{"@type":"PropertyValueSpecification","valueRequired":true,"valueName":"search_term_string"}}],"inLanguage":"en-US"}]}},"_links":{"self":[{"href":"https:\/\/thummerer.hu\/en\/wp-json\/wp\/v2\/product\/12695","targetHints":{"allow":["GET"]}}],"collection":[{"href":"https:\/\/thummerer.hu\/en\/wp-json\/wp\/v2\/product"}],"about":[{"href":"https:\/\/thummerer.hu\/en\/wp-json\/wp\/v2\/types\/product"}],"replies":[{"embeddable":true,"href":"https:\/\/thummerer.hu\/en\/wp-json\/wp\/v2\/comments?post=12695"}],"wp:featuredmedia":[{"embeddable":true,"href":"https:\/\/thummerer.hu\/en\/wp-json\/wp\/v2\/media\/14428"}],"wp:attachment":[{"href":"https:\/\/thummerer.hu\/en\/wp-json\/wp\/v2\/media?parent=12695"}],"wp:term":[{"taxonomy":"product_brand","embeddable":true,"href":"https:\/\/thummerer.hu\/en\/wp-json\/wp\/v2\/product_brand?post=12695"},{"taxonomy":"product_cat","embeddable":true,"href":"https:\/\/thummerer.hu\/en\/wp-json\/wp\/v2\/product_cat?post=12695"},{"taxonomy":"product_tag","embeddable":true,"href":"https:\/\/thummerer.hu\/en\/wp-json\/wp\/v2\/product_tag?post=12695"}],"curies":[{"name":"wp","href":"https:\/\/api.w.org\/{rel}","templated":true}]}}