{"id":1358,"date":"2018-02-26T13:19:51","date_gmt":"2018-02-26T13:19:51","guid":{"rendered":"https:\/\/thummerer.hu\/termek\/egri-csillag-2017\/"},"modified":"2026-02-09T14:05:58","modified_gmt":"2026-02-09T14:05:58","slug":"egri-csillag-2024","status":"publish","type":"product","link":"https:\/\/thummerer.hu\/en\/wines\/egri-csillag-2024\/","title":{"rendered":"Egri Csillag 2024"},"content":{"rendered":"","protected":false},"excerpt":{"rendered":"<p>Hungarians usually highly proud of their history, so are we. The well known Hungarian, the Bull\u2019s blood has a big cultural background, especially in Eger. A few years now, some of the greatest wineries decided to make a white pair for this dry red one. The idea became a great success, we even have a festival for it every spring, where the wineries introduce their newest Egri Csillag to the interested audience. The light green color comes with an intense flowery fragrance, which makes this dry white wine even more unique. The fruity taste determined by Tramini and Zenit, and the Kir\u00e1lyle\u00e1nyka with Sauvignon Blanc care for the acids nicely and keep them inside the aromas. We are using reductive methods along the whole process, in the hope of a greater wine-tasting experience. This complexity shows itself best next to fish- or poultry-based dishes, with light salads, cooled to 8-10\u00b0C.<\/p>\n","protected":false},"featured_media":14458,"comment_status":"open","ping_status":"closed","template":"","meta":{"_acf_changed":false},"product_brand":[],"product_cat":[581,102],"product_tag":[170,171,174,172,173],"class_list":{"0":"post-1358","1":"product","2":"type-product","3":"status-publish","4":"has-post-thumbnail","6":"product_cat-bokreta-borcsalad-en","7":"product_cat-white","8":"product_tag-cuvee-en","9":"product_tag-kiralyleanyka-en","10":"product_tag-sauvignon-blanc-en","11":"product_tag-tramini-en","12":"product_tag-zenit-en","13":"pa_acid-4-9-g-l-en","14":"pa_alcohol-135-en","15":"pa_ft-512","16":"pa_ft-1-l-514","17":"pa_hova-ajanljuk-konnyed-en","18":"pa_hova-ajanljuk-beszelgeteshez-en","19":"pa_specified-region-csokas-vineyard","20":"pa_specified-region-eger-winer-region","21":"pa_specified-region-noszvaj-kokoto-vineyard","22":"pa_volume-075-l-en","23":"pa_wine-type-whote","25":"first","26":"instock","27":"shipping-taxable","28":"purchasable","29":"product-type-simple"},"acf":[],"yoast_head":"<!-- This site is optimized with the Yoast SEO plugin v27.5 - https:\/\/yoast.com\/product\/yoast-seo-wordpress\/ -->\n<title>Egri Csillag 2024 - Thummerer<\/title>\n<meta name=\"robots\" content=\"index, follow, max-snippet:-1, max-image-preview:large, max-video-preview:-1\" \/>\n<link rel=\"canonical\" href=\"https:\/\/thummerer.hu\/en\/boraink\/egri-csillag-2024\/\" \/>\n<meta property=\"og:locale\" content=\"en_US\" \/>\n<meta property=\"og:type\" content=\"article\" \/>\n<meta property=\"og:title\" content=\"Egri Csillag 2024 - Thummerer\" \/>\n<meta property=\"og:description\" content=\"Hungarians usually highly proud of their history, so are we. The well known Hungarian, the Bull\u2019s blood has a big cultural background, especially in Eger. A few years now, some of the greatest wineries decided to make a white pair for this dry red one. The idea became a great success, we even have a festival for it every spring, where the wineries introduce their newest Egri Csillag to the interested audience. The light green color comes with an intense flowery fragrance, which makes this dry white wine even more unique. The fruity taste determined by Tramini and Zenit, and the Kir\u00e1lyle\u00e1nyka with Sauvignon Blanc care for the acids nicely and keep them inside the aromas. We are using reductive methods along the whole process, in the hope of a greater wine-tasting experience. This complexity shows itself best next to fish- or poultry-based dishes, with light salads, cooled to 8-10\u00b0C.\" \/>\n<meta property=\"og:url\" content=\"https:\/\/thummerer.hu\/en\/boraink\/egri-csillag-2024\/\" \/>\n<meta property=\"og:site_name\" content=\"Thummerer\" \/>\n<meta property=\"article:modified_time\" content=\"2026-02-09T14:05:58+00:00\" \/>\n<meta property=\"og:image\" content=\"https:\/\/thummerer.hu\/wp-content\/uploads\/2018\/02\/Egri-csillag-2018.jpg\" \/>\n\t<meta property=\"og:image:width\" content=\"820\" \/>\n\t<meta property=\"og:image:height\" content=\"1230\" \/>\n\t<meta property=\"og:image:type\" content=\"image\/jpeg\" \/>\n<meta name=\"twitter:card\" content=\"summary_large_image\" \/>\n<meta name=\"twitter:label1\" content=\"Est. reading time\" \/>\n\t<meta name=\"twitter:data1\" content=\"1 minute\" \/>\n<script type=\"application\/ld+json\" class=\"yoast-schema-graph\">{\"@context\":\"https:\\\/\\\/schema.org\",\"@graph\":[{\"@type\":\"WebPage\",\"@id\":\"https:\\\/\\\/thummerer.hu\\\/en\\\/boraink\\\/egri-csillag-2024\\\/\",\"url\":\"https:\\\/\\\/thummerer.hu\\\/en\\\/boraink\\\/egri-csillag-2024\\\/\",\"name\":\"Egri Csillag 2024 - Thummerer\",\"isPartOf\":{\"@id\":\"https:\\\/\\\/thummerer.hu\\\/#website\"},\"primaryImageOfPage\":{\"@id\":\"https:\\\/\\\/thummerer.hu\\\/en\\\/boraink\\\/egri-csillag-2024\\\/#primaryimage\"},\"image\":{\"@id\":\"https:\\\/\\\/thummerer.hu\\\/en\\\/boraink\\\/egri-csillag-2024\\\/#primaryimage\"},\"thumbnailUrl\":\"https:\\\/\\\/thummerer.hu\\\/wp-content\\\/uploads\\\/2018\\\/02\\\/Egri-csillag-2018.jpg\",\"datePublished\":\"2018-02-26T13:19:51+00:00\",\"dateModified\":\"2026-02-09T14:05:58+00:00\",\"breadcrumb\":{\"@id\":\"https:\\\/\\\/thummerer.hu\\\/en\\\/boraink\\\/egri-csillag-2024\\\/#breadcrumb\"},\"inLanguage\":\"en-US\",\"potentialAction\":[{\"@type\":\"ReadAction\",\"target\":[\"https:\\\/\\\/thummerer.hu\\\/en\\\/boraink\\\/egri-csillag-2024\\\/\"]}]},{\"@type\":\"ImageObject\",\"inLanguage\":\"en-US\",\"@id\":\"https:\\\/\\\/thummerer.hu\\\/en\\\/boraink\\\/egri-csillag-2024\\\/#primaryimage\",\"url\":\"https:\\\/\\\/thummerer.hu\\\/wp-content\\\/uploads\\\/2018\\\/02\\\/Egri-csillag-2018.jpg\",\"contentUrl\":\"https:\\\/\\\/thummerer.hu\\\/wp-content\\\/uploads\\\/2018\\\/02\\\/Egri-csillag-2018.jpg\",\"width\":820,\"height\":1230},{\"@type\":\"BreadcrumbList\",\"@id\":\"https:\\\/\\\/thummerer.hu\\\/en\\\/boraink\\\/egri-csillag-2024\\\/#breadcrumb\",\"itemListElement\":[{\"@type\":\"ListItem\",\"position\":1,\"name\":\"Home\",\"item\":\"https:\\\/\\\/thummerer.hu\\\/en\\\/\"},{\"@type\":\"ListItem\",\"position\":2,\"name\":\"Egri Csillag 2024\"}]},{\"@type\":\"WebSite\",\"@id\":\"https:\\\/\\\/thummerer.hu\\\/#website\",\"url\":\"https:\\\/\\\/thummerer.hu\\\/\",\"name\":\"Thummerer\",\"description\":\"Pinc\u00e9szet \u00e9s Sz\u0151l\u0151birtok\",\"potentialAction\":[{\"@type\":\"SearchAction\",\"target\":{\"@type\":\"EntryPoint\",\"urlTemplate\":\"https:\\\/\\\/thummerer.hu\\\/?s={search_term_string}\"},\"query-input\":{\"@type\":\"PropertyValueSpecification\",\"valueRequired\":true,\"valueName\":\"search_term_string\"}}],\"inLanguage\":\"en-US\"}]}<\/script>\n<!-- \/ Yoast SEO plugin. -->","yoast_head_json":{"title":"Egri Csillag 2024 - Thummerer","robots":{"index":"index","follow":"follow","max-snippet":"max-snippet:-1","max-image-preview":"max-image-preview:large","max-video-preview":"max-video-preview:-1"},"canonical":"https:\/\/thummerer.hu\/en\/boraink\/egri-csillag-2024\/","og_locale":"en_US","og_type":"article","og_title":"Egri Csillag 2024 - Thummerer","og_description":"Hungarians usually highly proud of their history, so are we. The well known Hungarian, the Bull\u2019s blood has a big cultural background, especially in Eger. A few years now, some of the greatest wineries decided to make a white pair for this dry red one. The idea became a great success, we even have a festival for it every spring, where the wineries introduce their newest Egri Csillag to the interested audience. The light green color comes with an intense flowery fragrance, which makes this dry white wine even more unique. The fruity taste determined by Tramini and Zenit, and the Kir\u00e1lyle\u00e1nyka with Sauvignon Blanc care for the acids nicely and keep them inside the aromas. We are using reductive methods along the whole process, in the hope of a greater wine-tasting experience. This complexity shows itself best next to fish- or poultry-based dishes, with light salads, cooled to 8-10\u00b0C.","og_url":"https:\/\/thummerer.hu\/en\/boraink\/egri-csillag-2024\/","og_site_name":"Thummerer","article_modified_time":"2026-02-09T14:05:58+00:00","og_image":[{"width":820,"height":1230,"url":"https:\/\/thummerer.hu\/wp-content\/uploads\/2018\/02\/Egri-csillag-2018.jpg","type":"image\/jpeg"}],"twitter_card":"summary_large_image","twitter_misc":{"Est. reading time":"1 minute"},"schema":{"@context":"https:\/\/schema.org","@graph":[{"@type":"WebPage","@id":"https:\/\/thummerer.hu\/en\/boraink\/egri-csillag-2024\/","url":"https:\/\/thummerer.hu\/en\/boraink\/egri-csillag-2024\/","name":"Egri Csillag 2024 - Thummerer","isPartOf":{"@id":"https:\/\/thummerer.hu\/#website"},"primaryImageOfPage":{"@id":"https:\/\/thummerer.hu\/en\/boraink\/egri-csillag-2024\/#primaryimage"},"image":{"@id":"https:\/\/thummerer.hu\/en\/boraink\/egri-csillag-2024\/#primaryimage"},"thumbnailUrl":"https:\/\/thummerer.hu\/wp-content\/uploads\/2018\/02\/Egri-csillag-2018.jpg","datePublished":"2018-02-26T13:19:51+00:00","dateModified":"2026-02-09T14:05:58+00:00","breadcrumb":{"@id":"https:\/\/thummerer.hu\/en\/boraink\/egri-csillag-2024\/#breadcrumb"},"inLanguage":"en-US","potentialAction":[{"@type":"ReadAction","target":["https:\/\/thummerer.hu\/en\/boraink\/egri-csillag-2024\/"]}]},{"@type":"ImageObject","inLanguage":"en-US","@id":"https:\/\/thummerer.hu\/en\/boraink\/egri-csillag-2024\/#primaryimage","url":"https:\/\/thummerer.hu\/wp-content\/uploads\/2018\/02\/Egri-csillag-2018.jpg","contentUrl":"https:\/\/thummerer.hu\/wp-content\/uploads\/2018\/02\/Egri-csillag-2018.jpg","width":820,"height":1230},{"@type":"BreadcrumbList","@id":"https:\/\/thummerer.hu\/en\/boraink\/egri-csillag-2024\/#breadcrumb","itemListElement":[{"@type":"ListItem","position":1,"name":"Home","item":"https:\/\/thummerer.hu\/en\/"},{"@type":"ListItem","position":2,"name":"Egri Csillag 2024"}]},{"@type":"WebSite","@id":"https:\/\/thummerer.hu\/#website","url":"https:\/\/thummerer.hu\/","name":"Thummerer","description":"Pinc\u00e9szet \u00e9s Sz\u0151l\u0151birtok","potentialAction":[{"@type":"SearchAction","target":{"@type":"EntryPoint","urlTemplate":"https:\/\/thummerer.hu\/?s={search_term_string}"},"query-input":{"@type":"PropertyValueSpecification","valueRequired":true,"valueName":"search_term_string"}}],"inLanguage":"en-US"}]}},"_links":{"self":[{"href":"https:\/\/thummerer.hu\/en\/wp-json\/wp\/v2\/product\/1358","targetHints":{"allow":["GET"]}}],"collection":[{"href":"https:\/\/thummerer.hu\/en\/wp-json\/wp\/v2\/product"}],"about":[{"href":"https:\/\/thummerer.hu\/en\/wp-json\/wp\/v2\/types\/product"}],"replies":[{"embeddable":true,"href":"https:\/\/thummerer.hu\/en\/wp-json\/wp\/v2\/comments?post=1358"}],"wp:featuredmedia":[{"embeddable":true,"href":"https:\/\/thummerer.hu\/en\/wp-json\/wp\/v2\/media\/14458"}],"wp:attachment":[{"href":"https:\/\/thummerer.hu\/en\/wp-json\/wp\/v2\/media?parent=1358"}],"wp:term":[{"taxonomy":"product_brand","embeddable":true,"href":"https:\/\/thummerer.hu\/en\/wp-json\/wp\/v2\/product_brand?post=1358"},{"taxonomy":"product_cat","embeddable":true,"href":"https:\/\/thummerer.hu\/en\/wp-json\/wp\/v2\/product_cat?post=1358"},{"taxonomy":"product_tag","embeddable":true,"href":"https:\/\/thummerer.hu\/en\/wp-json\/wp\/v2\/product_tag?post=1358"}],"curies":[{"name":"wp","href":"https:\/\/api.w.org\/{rel}","templated":true}]}}