{"id":1360,"date":"2018-02-26T13:24:48","date_gmt":"2018-02-26T13:24:48","guid":{"rendered":"https:\/\/thummerer.hu\/termek\/kiralyleanyka-2016\/"},"modified":"2025-02-26T12:10:31","modified_gmt":"2025-02-26T12:10:31","slug":"kiralyleanyka-2024","status":"publish","type":"product","link":"https:\/\/thummerer.hu\/en\/wines\/kiralyleanyka-2024\/","title":{"rendered":"Kir\u00e1lyle\u00e1nyka 2024"},"content":{"rendered":"","protected":false},"excerpt":{"rendered":"<p>It is no wonder why this traditional Hungarian grape type is called Kir\u00e1lyle\u00e1nyka \u2013 means Princess in Hungarian. At first sight, it has an enchanting light green color. The flowery aura with the fruity taste gives our dry white wine an energetic spirit. After picking we used reductive technology and controlled fermentation in stainless steel tanks, which successfully kept is\u2019s natural CO2 content after the process. If you looking for some great aperitif or something to drink on a hot summer night with your friends, next to some delicious poultry-based meal with seasonal vegetables, this might be \u201eThe One\u201d, cooled down to 8-10\u00b0C.<\/p>\n<p>The photo is for information only!<\/p>\n","protected":false},"featured_media":14482,"comment_status":"open","ping_status":"closed","template":"","meta":{"_acf_changed":false},"product_brand":[],"product_cat":[102],"product_tag":[171],"class_list":{"0":"post-1360","1":"product","2":"type-product","3":"status-publish","4":"has-post-thumbnail","6":"product_cat-white","7":"product_tag-kiralyleanyka-en","8":"pa_acid-52-g-l-en","9":"pa_alcohol-12-5-en","10":"pa_fajtaosszetetel-100-kiralyleanyka-en","11":"pa_ft-512","12":"pa_ft-1-l-514","13":"pa_hova-ajanljuk-konnyed-en","14":"pa_hova-ajanljuk-beszelgeteshez-en","15":"pa_specified-region-eger-winer-region","16":"pa_specified-region-noszvaj-kokoto-vineyard","17":"pa_volume-075-l-en","18":"pa_wine-type-whote","20":"first","21":"instock","22":"shipping-taxable","23":"purchasable","24":"product-type-simple"},"acf":[],"yoast_head":"<!-- This site is optimized with the Yoast SEO plugin v27.1.1 - https:\/\/yoast.com\/product\/yoast-seo-wordpress\/ -->\n<title>Kir\u00e1lyle\u00e1nyka 2024 - Thummerer<\/title>\n<meta name=\"robots\" content=\"index, follow, max-snippet:-1, max-image-preview:large, max-video-preview:-1\" \/>\n<link rel=\"canonical\" href=\"https:\/\/thummerer.hu\/en\/boraink\/kiralyleanyka-2024\/\" \/>\n<meta property=\"og:locale\" content=\"en_US\" \/>\n<meta property=\"og:type\" content=\"article\" \/>\n<meta property=\"og:title\" content=\"Kir\u00e1lyle\u00e1nyka 2024 - Thummerer\" \/>\n<meta property=\"og:description\" content=\"It is no wonder why this traditional Hungarian grape type is called Kir\u00e1lyle\u00e1nyka \u2013 means Princess in Hungarian. At first sight, it has an enchanting light green color. The flowery aura with the fruity taste gives our dry white wine an energetic spirit. After picking we used reductive technology and controlled fermentation in stainless steel tanks, which successfully kept is\u2019s natural CO2 content after the process. If you looking for some great aperitif or something to drink on a hot summer night with your friends, next to some delicious poultry-based meal with seasonal vegetables, this might be \u201eThe One\u201d, cooled down to 8-10\u00b0C.  The photo is for information only!\" \/>\n<meta property=\"og:url\" content=\"https:\/\/thummerer.hu\/en\/boraink\/kiralyleanyka-2024\/\" \/>\n<meta property=\"og:site_name\" content=\"Thummerer\" \/>\n<meta property=\"article:modified_time\" content=\"2025-02-26T12:10:31+00:00\" \/>\n<meta property=\"og:image\" content=\"https:\/\/thummerer.hu\/wp-content\/uploads\/2018\/02\/Kiralylanyka-2023.jpg\" \/>\n\t<meta property=\"og:image:width\" content=\"820\" \/>\n\t<meta property=\"og:image:height\" content=\"1230\" \/>\n\t<meta property=\"og:image:type\" content=\"image\/jpeg\" \/>\n<meta name=\"twitter:card\" content=\"summary_large_image\" \/>\n<meta name=\"twitter:label1\" content=\"Est. reading time\" \/>\n\t<meta name=\"twitter:data1\" content=\"1 minute\" \/>\n<script type=\"application\/ld+json\" class=\"yoast-schema-graph\">{\"@context\":\"https:\/\/schema.org\",\"@graph\":[{\"@type\":\"WebPage\",\"@id\":\"https:\/\/thummerer.hu\/en\/boraink\/kiralyleanyka-2024\/\",\"url\":\"https:\/\/thummerer.hu\/en\/boraink\/kiralyleanyka-2024\/\",\"name\":\"Kir\u00e1lyle\u00e1nyka 2024 - Thummerer\",\"isPartOf\":{\"@id\":\"https:\/\/thummerer.hu\/#website\"},\"primaryImageOfPage\":{\"@id\":\"https:\/\/thummerer.hu\/en\/boraink\/kiralyleanyka-2024\/#primaryimage\"},\"image\":{\"@id\":\"https:\/\/thummerer.hu\/en\/boraink\/kiralyleanyka-2024\/#primaryimage\"},\"thumbnailUrl\":\"https:\/\/thummerer.hu\/wp-content\/uploads\/2018\/02\/Kiralylanyka-2023.jpg\",\"datePublished\":\"2018-02-26T13:24:48+00:00\",\"dateModified\":\"2025-02-26T12:10:31+00:00\",\"breadcrumb\":{\"@id\":\"https:\/\/thummerer.hu\/en\/boraink\/kiralyleanyka-2024\/#breadcrumb\"},\"inLanguage\":\"en-US\",\"potentialAction\":[{\"@type\":\"ReadAction\",\"target\":[\"https:\/\/thummerer.hu\/en\/boraink\/kiralyleanyka-2024\/\"]}]},{\"@type\":\"ImageObject\",\"inLanguage\":\"en-US\",\"@id\":\"https:\/\/thummerer.hu\/en\/boraink\/kiralyleanyka-2024\/#primaryimage\",\"url\":\"https:\/\/thummerer.hu\/wp-content\/uploads\/2018\/02\/Kiralylanyka-2023.jpg\",\"contentUrl\":\"https:\/\/thummerer.hu\/wp-content\/uploads\/2018\/02\/Kiralylanyka-2023.jpg\",\"width\":820,\"height\":1230},{\"@type\":\"BreadcrumbList\",\"@id\":\"https:\/\/thummerer.hu\/en\/boraink\/kiralyleanyka-2024\/#breadcrumb\",\"itemListElement\":[{\"@type\":\"ListItem\",\"position\":1,\"name\":\"Home\",\"item\":\"https:\/\/thummerer.hu\/en\/\"},{\"@type\":\"ListItem\",\"position\":2,\"name\":\"Kir\u00e1lyle\u00e1nyka 2024\"}]},{\"@type\":\"WebSite\",\"@id\":\"https:\/\/thummerer.hu\/#website\",\"url\":\"https:\/\/thummerer.hu\/\",\"name\":\"Thummerer\",\"description\":\"Pinc\u00e9szet \u00e9s Sz\u0151l\u0151birtok\",\"potentialAction\":[{\"@type\":\"SearchAction\",\"target\":{\"@type\":\"EntryPoint\",\"urlTemplate\":\"https:\/\/thummerer.hu\/?s={search_term_string}\"},\"query-input\":{\"@type\":\"PropertyValueSpecification\",\"valueRequired\":true,\"valueName\":\"search_term_string\"}}],\"inLanguage\":\"en-US\"}]}<\/script>\n<!-- \/ Yoast SEO plugin. -->","yoast_head_json":{"title":"Kir\u00e1lyle\u00e1nyka 2024 - Thummerer","robots":{"index":"index","follow":"follow","max-snippet":"max-snippet:-1","max-image-preview":"max-image-preview:large","max-video-preview":"max-video-preview:-1"},"canonical":"https:\/\/thummerer.hu\/en\/boraink\/kiralyleanyka-2024\/","og_locale":"en_US","og_type":"article","og_title":"Kir\u00e1lyle\u00e1nyka 2024 - Thummerer","og_description":"It is no wonder why this traditional Hungarian grape type is called Kir\u00e1lyle\u00e1nyka \u2013 means Princess in Hungarian. At first sight, it has an enchanting light green color. The flowery aura with the fruity taste gives our dry white wine an energetic spirit. After picking we used reductive technology and controlled fermentation in stainless steel tanks, which successfully kept is\u2019s natural CO2 content after the process. If you looking for some great aperitif or something to drink on a hot summer night with your friends, next to some delicious poultry-based meal with seasonal vegetables, this might be \u201eThe One\u201d, cooled down to 8-10\u00b0C.  The photo is for information only!","og_url":"https:\/\/thummerer.hu\/en\/boraink\/kiralyleanyka-2024\/","og_site_name":"Thummerer","article_modified_time":"2025-02-26T12:10:31+00:00","og_image":[{"width":820,"height":1230,"url":"https:\/\/thummerer.hu\/wp-content\/uploads\/2018\/02\/Kiralylanyka-2023.jpg","type":"image\/jpeg"}],"twitter_card":"summary_large_image","twitter_misc":{"Est. reading time":"1 minute"},"schema":{"@context":"https:\/\/schema.org","@graph":[{"@type":"WebPage","@id":"https:\/\/thummerer.hu\/en\/boraink\/kiralyleanyka-2024\/","url":"https:\/\/thummerer.hu\/en\/boraink\/kiralyleanyka-2024\/","name":"Kir\u00e1lyle\u00e1nyka 2024 - Thummerer","isPartOf":{"@id":"https:\/\/thummerer.hu\/#website"},"primaryImageOfPage":{"@id":"https:\/\/thummerer.hu\/en\/boraink\/kiralyleanyka-2024\/#primaryimage"},"image":{"@id":"https:\/\/thummerer.hu\/en\/boraink\/kiralyleanyka-2024\/#primaryimage"},"thumbnailUrl":"https:\/\/thummerer.hu\/wp-content\/uploads\/2018\/02\/Kiralylanyka-2023.jpg","datePublished":"2018-02-26T13:24:48+00:00","dateModified":"2025-02-26T12:10:31+00:00","breadcrumb":{"@id":"https:\/\/thummerer.hu\/en\/boraink\/kiralyleanyka-2024\/#breadcrumb"},"inLanguage":"en-US","potentialAction":[{"@type":"ReadAction","target":["https:\/\/thummerer.hu\/en\/boraink\/kiralyleanyka-2024\/"]}]},{"@type":"ImageObject","inLanguage":"en-US","@id":"https:\/\/thummerer.hu\/en\/boraink\/kiralyleanyka-2024\/#primaryimage","url":"https:\/\/thummerer.hu\/wp-content\/uploads\/2018\/02\/Kiralylanyka-2023.jpg","contentUrl":"https:\/\/thummerer.hu\/wp-content\/uploads\/2018\/02\/Kiralylanyka-2023.jpg","width":820,"height":1230},{"@type":"BreadcrumbList","@id":"https:\/\/thummerer.hu\/en\/boraink\/kiralyleanyka-2024\/#breadcrumb","itemListElement":[{"@type":"ListItem","position":1,"name":"Home","item":"https:\/\/thummerer.hu\/en\/"},{"@type":"ListItem","position":2,"name":"Kir\u00e1lyle\u00e1nyka 2024"}]},{"@type":"WebSite","@id":"https:\/\/thummerer.hu\/#website","url":"https:\/\/thummerer.hu\/","name":"Thummerer","description":"Pinc\u00e9szet \u00e9s Sz\u0151l\u0151birtok","potentialAction":[{"@type":"SearchAction","target":{"@type":"EntryPoint","urlTemplate":"https:\/\/thummerer.hu\/?s={search_term_string}"},"query-input":{"@type":"PropertyValueSpecification","valueRequired":true,"valueName":"search_term_string"}}],"inLanguage":"en-US"}]}},"_links":{"self":[{"href":"https:\/\/thummerer.hu\/en\/wp-json\/wp\/v2\/product\/1360","targetHints":{"allow":["GET"]}}],"collection":[{"href":"https:\/\/thummerer.hu\/en\/wp-json\/wp\/v2\/product"}],"about":[{"href":"https:\/\/thummerer.hu\/en\/wp-json\/wp\/v2\/types\/product"}],"replies":[{"embeddable":true,"href":"https:\/\/thummerer.hu\/en\/wp-json\/wp\/v2\/comments?post=1360"}],"wp:featuredmedia":[{"embeddable":true,"href":"https:\/\/thummerer.hu\/en\/wp-json\/wp\/v2\/media\/14482"}],"wp:attachment":[{"href":"https:\/\/thummerer.hu\/en\/wp-json\/wp\/v2\/media?parent=1360"}],"wp:term":[{"taxonomy":"product_brand","embeddable":true,"href":"https:\/\/thummerer.hu\/en\/wp-json\/wp\/v2\/product_brand?post=1360"},{"taxonomy":"product_cat","embeddable":true,"href":"https:\/\/thummerer.hu\/en\/wp-json\/wp\/v2\/product_cat?post=1360"},{"taxonomy":"product_tag","embeddable":true,"href":"https:\/\/thummerer.hu\/en\/wp-json\/wp\/v2\/product_tag?post=1360"}],"curies":[{"name":"wp","href":"https:\/\/api.w.org\/{rel}","templated":true}]}}