{"id":1361,"date":"2018-02-26T13:27:13","date_gmt":"2018-02-26T13:27:13","guid":{"rendered":"https:\/\/thummerer.hu\/termek\/muskotaly-2017\/"},"modified":"2025-11-23T10:09:58","modified_gmt":"2025-11-23T10:09:58","slug":"egri-muskotaly-2024","status":"publish","type":"product","link":"https:\/\/thummerer.hu\/en\/wines\/egri-muskotaly-2024\/","title":{"rendered":"Egri Muskot\u00e1ly 2024"},"content":{"rendered":"","protected":false},"excerpt":{"rendered":"<p>The grape types fruity character appears in every way in this Muscatel, from the appearance to the taste. It&#8217;s light yellowish-green color and grape flower-like fragrances make this sweet white wine memorable. Due to the low alcohol -, and a larger amount of natural sugar consistency, this could be the perfect choice for the ones, who has just started their relationship with wines. Because of its natural sweetness, we recommend it with dairy-based desserts, or just by itself as a follower of a great conversation with some friends, cooled down to 8-10\u00b0C.<\/p>\n","protected":false},"featured_media":14488,"comment_status":"open","ping_status":"closed","template":"","meta":{"_acf_changed":false},"product_brand":[],"product_cat":[102],"product_tag":[181],"class_list":{"0":"post-1361","1":"product","2":"type-product","3":"status-publish","4":"has-post-thumbnail","6":"product_cat-white","7":"product_tag-muskotaly-en","8":"pa_alcohol-11-en","9":"pa_fajtaosszetetel-100-muskotaly-en","10":"pa_ft-516","11":"pa_ft-1-l-517","12":"pa_hova-ajanljuk-konnyed-en","13":"pa_hova-ajanljuk-desszertekhez-en","14":"pa_hova-ajanljuk-gyumolcsos-en","15":"pa_specified-region-csokas-vineyard","16":"pa_specified-region-eger-winer-region","17":"pa_volume-075-l-en","18":"pa_wine-type-sweet","19":"pa_wine-type-whote","21":"first","22":"instock","23":"shipping-taxable","24":"purchasable","25":"product-type-simple"},"acf":[],"yoast_head":"<!-- This site is optimized with the Yoast SEO plugin v27.1.1 - https:\/\/yoast.com\/product\/yoast-seo-wordpress\/ -->\n<title>Egri Muskot\u00e1ly 2024 - Thummerer<\/title>\n<meta name=\"robots\" content=\"index, follow, max-snippet:-1, max-image-preview:large, max-video-preview:-1\" \/>\n<link rel=\"canonical\" href=\"https:\/\/thummerer.hu\/en\/boraink\/egri-muskotaly-2024\/\" \/>\n<meta property=\"og:locale\" content=\"en_US\" \/>\n<meta property=\"og:type\" content=\"article\" \/>\n<meta property=\"og:title\" content=\"Egri Muskot\u00e1ly 2024 - Thummerer\" \/>\n<meta property=\"og:description\" content=\"The grape types fruity character appears in every way in this Muscatel, from the appearance to the taste. It&#039;s light yellowish-green color and grape flower-like fragrances make this sweet white wine memorable. Due to the low alcohol -, and a larger amount of natural sugar consistency, this could be the perfect choice for the ones, who has just started their relationship with wines. Because of its natural sweetness, we recommend it with dairy-based desserts, or just by itself as a follower of a great conversation with some friends, cooled down to 8-10\u00b0C.\" \/>\n<meta property=\"og:url\" content=\"https:\/\/thummerer.hu\/en\/boraink\/egri-muskotaly-2024\/\" \/>\n<meta property=\"og:site_name\" content=\"Thummerer\" \/>\n<meta property=\"article:modified_time\" content=\"2025-11-23T10:09:58+00:00\" \/>\n<meta property=\"og:image\" content=\"https:\/\/thummerer.hu\/wp-content\/uploads\/2018\/02\/Muskotaly-2023.jpg\" \/>\n\t<meta property=\"og:image:width\" content=\"820\" \/>\n\t<meta property=\"og:image:height\" content=\"1230\" \/>\n\t<meta property=\"og:image:type\" content=\"image\/jpeg\" \/>\n<meta name=\"twitter:card\" content=\"summary_large_image\" \/>\n<meta name=\"twitter:label1\" content=\"Est. reading time\" \/>\n\t<meta name=\"twitter:data1\" content=\"1 minute\" \/>\n<script type=\"application\/ld+json\" class=\"yoast-schema-graph\">{\"@context\":\"https:\/\/schema.org\",\"@graph\":[{\"@type\":\"WebPage\",\"@id\":\"https:\/\/thummerer.hu\/en\/boraink\/egri-muskotaly-2024\/\",\"url\":\"https:\/\/thummerer.hu\/en\/boraink\/egri-muskotaly-2024\/\",\"name\":\"Egri Muskot\u00e1ly 2024 - Thummerer\",\"isPartOf\":{\"@id\":\"https:\/\/thummerer.hu\/#website\"},\"primaryImageOfPage\":{\"@id\":\"https:\/\/thummerer.hu\/en\/boraink\/egri-muskotaly-2024\/#primaryimage\"},\"image\":{\"@id\":\"https:\/\/thummerer.hu\/en\/boraink\/egri-muskotaly-2024\/#primaryimage\"},\"thumbnailUrl\":\"https:\/\/thummerer.hu\/wp-content\/uploads\/2018\/02\/Muskotaly-2023.jpg\",\"datePublished\":\"2018-02-26T13:27:13+00:00\",\"dateModified\":\"2025-11-23T10:09:58+00:00\",\"breadcrumb\":{\"@id\":\"https:\/\/thummerer.hu\/en\/boraink\/egri-muskotaly-2024\/#breadcrumb\"},\"inLanguage\":\"en-US\",\"potentialAction\":[{\"@type\":\"ReadAction\",\"target\":[\"https:\/\/thummerer.hu\/en\/boraink\/egri-muskotaly-2024\/\"]}]},{\"@type\":\"ImageObject\",\"inLanguage\":\"en-US\",\"@id\":\"https:\/\/thummerer.hu\/en\/boraink\/egri-muskotaly-2024\/#primaryimage\",\"url\":\"https:\/\/thummerer.hu\/wp-content\/uploads\/2018\/02\/Muskotaly-2023.jpg\",\"contentUrl\":\"https:\/\/thummerer.hu\/wp-content\/uploads\/2018\/02\/Muskotaly-2023.jpg\",\"width\":820,\"height\":1230},{\"@type\":\"BreadcrumbList\",\"@id\":\"https:\/\/thummerer.hu\/en\/boraink\/egri-muskotaly-2024\/#breadcrumb\",\"itemListElement\":[{\"@type\":\"ListItem\",\"position\":1,\"name\":\"Home\",\"item\":\"https:\/\/thummerer.hu\/en\/\"},{\"@type\":\"ListItem\",\"position\":2,\"name\":\"Egri Muskot\u00e1ly 2024\"}]},{\"@type\":\"WebSite\",\"@id\":\"https:\/\/thummerer.hu\/#website\",\"url\":\"https:\/\/thummerer.hu\/\",\"name\":\"Thummerer\",\"description\":\"Pinc\u00e9szet \u00e9s Sz\u0151l\u0151birtok\",\"potentialAction\":[{\"@type\":\"SearchAction\",\"target\":{\"@type\":\"EntryPoint\",\"urlTemplate\":\"https:\/\/thummerer.hu\/?s={search_term_string}\"},\"query-input\":{\"@type\":\"PropertyValueSpecification\",\"valueRequired\":true,\"valueName\":\"search_term_string\"}}],\"inLanguage\":\"en-US\"}]}<\/script>\n<!-- \/ Yoast SEO plugin. -->","yoast_head_json":{"title":"Egri Muskot\u00e1ly 2024 - Thummerer","robots":{"index":"index","follow":"follow","max-snippet":"max-snippet:-1","max-image-preview":"max-image-preview:large","max-video-preview":"max-video-preview:-1"},"canonical":"https:\/\/thummerer.hu\/en\/boraink\/egri-muskotaly-2024\/","og_locale":"en_US","og_type":"article","og_title":"Egri Muskot\u00e1ly 2024 - Thummerer","og_description":"The grape types fruity character appears in every way in this Muscatel, from the appearance to the taste. It's light yellowish-green color and grape flower-like fragrances make this sweet white wine memorable. Due to the low alcohol -, and a larger amount of natural sugar consistency, this could be the perfect choice for the ones, who has just started their relationship with wines. Because of its natural sweetness, we recommend it with dairy-based desserts, or just by itself as a follower of a great conversation with some friends, cooled down to 8-10\u00b0C.","og_url":"https:\/\/thummerer.hu\/en\/boraink\/egri-muskotaly-2024\/","og_site_name":"Thummerer","article_modified_time":"2025-11-23T10:09:58+00:00","og_image":[{"width":820,"height":1230,"url":"https:\/\/thummerer.hu\/wp-content\/uploads\/2018\/02\/Muskotaly-2023.jpg","type":"image\/jpeg"}],"twitter_card":"summary_large_image","twitter_misc":{"Est. reading time":"1 minute"},"schema":{"@context":"https:\/\/schema.org","@graph":[{"@type":"WebPage","@id":"https:\/\/thummerer.hu\/en\/boraink\/egri-muskotaly-2024\/","url":"https:\/\/thummerer.hu\/en\/boraink\/egri-muskotaly-2024\/","name":"Egri Muskot\u00e1ly 2024 - Thummerer","isPartOf":{"@id":"https:\/\/thummerer.hu\/#website"},"primaryImageOfPage":{"@id":"https:\/\/thummerer.hu\/en\/boraink\/egri-muskotaly-2024\/#primaryimage"},"image":{"@id":"https:\/\/thummerer.hu\/en\/boraink\/egri-muskotaly-2024\/#primaryimage"},"thumbnailUrl":"https:\/\/thummerer.hu\/wp-content\/uploads\/2018\/02\/Muskotaly-2023.jpg","datePublished":"2018-02-26T13:27:13+00:00","dateModified":"2025-11-23T10:09:58+00:00","breadcrumb":{"@id":"https:\/\/thummerer.hu\/en\/boraink\/egri-muskotaly-2024\/#breadcrumb"},"inLanguage":"en-US","potentialAction":[{"@type":"ReadAction","target":["https:\/\/thummerer.hu\/en\/boraink\/egri-muskotaly-2024\/"]}]},{"@type":"ImageObject","inLanguage":"en-US","@id":"https:\/\/thummerer.hu\/en\/boraink\/egri-muskotaly-2024\/#primaryimage","url":"https:\/\/thummerer.hu\/wp-content\/uploads\/2018\/02\/Muskotaly-2023.jpg","contentUrl":"https:\/\/thummerer.hu\/wp-content\/uploads\/2018\/02\/Muskotaly-2023.jpg","width":820,"height":1230},{"@type":"BreadcrumbList","@id":"https:\/\/thummerer.hu\/en\/boraink\/egri-muskotaly-2024\/#breadcrumb","itemListElement":[{"@type":"ListItem","position":1,"name":"Home","item":"https:\/\/thummerer.hu\/en\/"},{"@type":"ListItem","position":2,"name":"Egri Muskot\u00e1ly 2024"}]},{"@type":"WebSite","@id":"https:\/\/thummerer.hu\/#website","url":"https:\/\/thummerer.hu\/","name":"Thummerer","description":"Pinc\u00e9szet \u00e9s Sz\u0151l\u0151birtok","potentialAction":[{"@type":"SearchAction","target":{"@type":"EntryPoint","urlTemplate":"https:\/\/thummerer.hu\/?s={search_term_string}"},"query-input":{"@type":"PropertyValueSpecification","valueRequired":true,"valueName":"search_term_string"}}],"inLanguage":"en-US"}]}},"_links":{"self":[{"href":"https:\/\/thummerer.hu\/en\/wp-json\/wp\/v2\/product\/1361","targetHints":{"allow":["GET"]}}],"collection":[{"href":"https:\/\/thummerer.hu\/en\/wp-json\/wp\/v2\/product"}],"about":[{"href":"https:\/\/thummerer.hu\/en\/wp-json\/wp\/v2\/types\/product"}],"replies":[{"embeddable":true,"href":"https:\/\/thummerer.hu\/en\/wp-json\/wp\/v2\/comments?post=1361"}],"wp:featuredmedia":[{"embeddable":true,"href":"https:\/\/thummerer.hu\/en\/wp-json\/wp\/v2\/media\/14488"}],"wp:attachment":[{"href":"https:\/\/thummerer.hu\/en\/wp-json\/wp\/v2\/media?parent=1361"}],"wp:term":[{"taxonomy":"product_brand","embeddable":true,"href":"https:\/\/thummerer.hu\/en\/wp-json\/wp\/v2\/product_brand?post=1361"},{"taxonomy":"product_cat","embeddable":true,"href":"https:\/\/thummerer.hu\/en\/wp-json\/wp\/v2\/product_cat?post=1361"},{"taxonomy":"product_tag","embeddable":true,"href":"https:\/\/thummerer.hu\/en\/wp-json\/wp\/v2\/product_tag?post=1361"}],"curies":[{"name":"wp","href":"https:\/\/api.w.org\/{rel}","templated":true}]}}