{"id":1362,"date":"2018-02-26T13:31:23","date_gmt":"2018-02-26T13:31:23","guid":{"rendered":"https:\/\/thummerer.hu\/termek\/chardonnay-battonage-2016\/"},"modified":"2025-06-18T08:27:29","modified_gmt":"2025-06-18T08:27:29","slug":"egri-chardonnay-battonage-2024","status":"publish","type":"product","link":"https:\/\/thummerer.hu\/en\/wines\/egri-chardonnay-battonage-2024\/","title":{"rendered":"Egri Chardonnay Batonnage 2024"},"content":{"rendered":"","protected":false},"excerpt":{"rendered":"<p>If you thinking about elegant white wines, Chardonnay must be one of the first types that comes to your mind. We wanted to carry on this worldwide known image, actually, in an even better form. This year favoured to our fields, the grapes became flavourful and well matured, which can be discovered in it\u2019s iconic taste.<\/p>\n<p>After picking, we used malolactic fermentation and lees stirring. Fermented and aged in new barrique barrels, and due to the battonage technology, our final result is an elegant, bodied white wine.<\/p>\n<p>Cool down to 9-10\u00b0C and pair with your favourite smoked ham based dishes, poultry mails or drink beside a charcuterie board.<\/p>\n","protected":false},"featured_media":14440,"comment_status":"open","ping_status":"closed","template":"","meta":{"_acf_changed":false},"product_brand":[],"product_cat":[102],"product_tag":[191],"class_list":{"0":"post-1362","1":"product","2":"type-product","3":"status-publish","4":"has-post-thumbnail","6":"product_cat-white","7":"product_tag-chardonnay-en","8":"pa_acid-48-g-l-en","9":"pa_fajtaosszetetel-100-chardonnay-en","10":"pa_hova-ajanljuk-karakteres-en","11":"pa_specified-region-eger-winer-region","12":"pa_specified-region-noszvaj-kokoto-vineyard","13":"pa_volume-075-l-en","14":"pa_wine-type-whote","16":"first","17":"instock","18":"shipping-taxable","19":"purchasable","20":"product-type-simple"},"acf":[],"yoast_head":"<!-- This site is optimized with the Yoast SEO plugin v27.5 - https:\/\/yoast.com\/product\/yoast-seo-wordpress\/ -->\n<title>Egri Chardonnay Batonnage 2024 - Thummerer<\/title>\n<meta name=\"robots\" content=\"index, follow, max-snippet:-1, max-image-preview:large, max-video-preview:-1\" \/>\n<link rel=\"canonical\" href=\"https:\/\/thummerer.hu\/en\/wines\/egri-chardonnay-battonage-2024\/\" \/>\n<meta property=\"og:locale\" content=\"en_US\" \/>\n<meta property=\"og:type\" content=\"article\" \/>\n<meta property=\"og:title\" content=\"Egri Chardonnay Batonnage 2024 - Thummerer\" \/>\n<meta property=\"og:description\" content=\"If you thinking about elegant white wines, Chardonnay must be one of the first types that comes to your mind. We wanted to carry on this worldwide known image, actually, in an even better form. This year favoured to our fields, the grapes became flavourful and well matured, which can be discovered in it\u2019s iconic taste.  After picking, we used malolactic fermentation and lees stirring. Fermented and aged in new barrique barrels, and due to the battonage technology, our final result is an elegant, bodied white wine.  Cool down to 9-10\u00b0C and pair with your favourite smoked ham based dishes, poultry mails or drink beside a charcuterie board.\" \/>\n<meta property=\"og:url\" content=\"https:\/\/thummerer.hu\/en\/wines\/egri-chardonnay-battonage-2024\/\" \/>\n<meta property=\"og:site_name\" content=\"Thummerer\" \/>\n<meta property=\"article:modified_time\" content=\"2025-06-18T08:27:29+00:00\" \/>\n<meta property=\"og:image\" content=\"https:\/\/thummerer.hu\/wp-content\/uploads\/2018\/02\/Chardonnay-Battonage-1.jpg\" \/>\n\t<meta property=\"og:image:width\" content=\"820\" \/>\n\t<meta property=\"og:image:height\" content=\"1230\" \/>\n\t<meta property=\"og:image:type\" content=\"image\/jpeg\" \/>\n<meta name=\"twitter:card\" content=\"summary_large_image\" \/>\n<meta name=\"twitter:label1\" content=\"Est. reading time\" \/>\n\t<meta name=\"twitter:data1\" content=\"1 minute\" \/>\n<script type=\"application\/ld+json\" class=\"yoast-schema-graph\">{\"@context\":\"https:\\\/\\\/schema.org\",\"@graph\":[{\"@type\":\"WebPage\",\"@id\":\"https:\\\/\\\/thummerer.hu\\\/en\\\/wines\\\/egri-chardonnay-battonage-2024\\\/\",\"url\":\"https:\\\/\\\/thummerer.hu\\\/en\\\/wines\\\/egri-chardonnay-battonage-2024\\\/\",\"name\":\"Egri Chardonnay Batonnage 2024 - Thummerer\",\"isPartOf\":{\"@id\":\"https:\\\/\\\/thummerer.hu\\\/#website\"},\"primaryImageOfPage\":{\"@id\":\"https:\\\/\\\/thummerer.hu\\\/en\\\/wines\\\/egri-chardonnay-battonage-2024\\\/#primaryimage\"},\"image\":{\"@id\":\"https:\\\/\\\/thummerer.hu\\\/en\\\/wines\\\/egri-chardonnay-battonage-2024\\\/#primaryimage\"},\"thumbnailUrl\":\"https:\\\/\\\/thummerer.hu\\\/wp-content\\\/uploads\\\/2018\\\/02\\\/Chardonnay-Battonage-1.jpg\",\"datePublished\":\"2018-02-26T13:31:23+00:00\",\"dateModified\":\"2025-06-18T08:27:29+00:00\",\"breadcrumb\":{\"@id\":\"https:\\\/\\\/thummerer.hu\\\/en\\\/wines\\\/egri-chardonnay-battonage-2024\\\/#breadcrumb\"},\"inLanguage\":\"en-US\",\"potentialAction\":[{\"@type\":\"ReadAction\",\"target\":[\"https:\\\/\\\/thummerer.hu\\\/en\\\/wines\\\/egri-chardonnay-battonage-2024\\\/\"]}]},{\"@type\":\"ImageObject\",\"inLanguage\":\"en-US\",\"@id\":\"https:\\\/\\\/thummerer.hu\\\/en\\\/wines\\\/egri-chardonnay-battonage-2024\\\/#primaryimage\",\"url\":\"https:\\\/\\\/thummerer.hu\\\/wp-content\\\/uploads\\\/2018\\\/02\\\/Chardonnay-Battonage-1.jpg\",\"contentUrl\":\"https:\\\/\\\/thummerer.hu\\\/wp-content\\\/uploads\\\/2018\\\/02\\\/Chardonnay-Battonage-1.jpg\",\"width\":820,\"height\":1230},{\"@type\":\"BreadcrumbList\",\"@id\":\"https:\\\/\\\/thummerer.hu\\\/en\\\/wines\\\/egri-chardonnay-battonage-2024\\\/#breadcrumb\",\"itemListElement\":[{\"@type\":\"ListItem\",\"position\":1,\"name\":\"Home\",\"item\":\"https:\\\/\\\/thummerer.hu\\\/en\\\/\"},{\"@type\":\"ListItem\",\"position\":2,\"name\":\"Egri Chardonnay Batonnage 2024\"}]},{\"@type\":\"WebSite\",\"@id\":\"https:\\\/\\\/thummerer.hu\\\/#website\",\"url\":\"https:\\\/\\\/thummerer.hu\\\/\",\"name\":\"Thummerer\",\"description\":\"Pinc\u00e9szet \u00e9s Sz\u0151l\u0151birtok\",\"potentialAction\":[{\"@type\":\"SearchAction\",\"target\":{\"@type\":\"EntryPoint\",\"urlTemplate\":\"https:\\\/\\\/thummerer.hu\\\/?s={search_term_string}\"},\"query-input\":{\"@type\":\"PropertyValueSpecification\",\"valueRequired\":true,\"valueName\":\"search_term_string\"}}],\"inLanguage\":\"en-US\"}]}<\/script>\n<!-- \/ Yoast SEO plugin. -->","yoast_head_json":{"title":"Egri Chardonnay Batonnage 2024 - Thummerer","robots":{"index":"index","follow":"follow","max-snippet":"max-snippet:-1","max-image-preview":"max-image-preview:large","max-video-preview":"max-video-preview:-1"},"canonical":"https:\/\/thummerer.hu\/en\/wines\/egri-chardonnay-battonage-2024\/","og_locale":"en_US","og_type":"article","og_title":"Egri Chardonnay Batonnage 2024 - Thummerer","og_description":"If you thinking about elegant white wines, Chardonnay must be one of the first types that comes to your mind. We wanted to carry on this worldwide known image, actually, in an even better form. This year favoured to our fields, the grapes became flavourful and well matured, which can be discovered in it\u2019s iconic taste.  After picking, we used malolactic fermentation and lees stirring. Fermented and aged in new barrique barrels, and due to the battonage technology, our final result is an elegant, bodied white wine.  Cool down to 9-10\u00b0C and pair with your favourite smoked ham based dishes, poultry mails or drink beside a charcuterie board.","og_url":"https:\/\/thummerer.hu\/en\/wines\/egri-chardonnay-battonage-2024\/","og_site_name":"Thummerer","article_modified_time":"2025-06-18T08:27:29+00:00","og_image":[{"width":820,"height":1230,"url":"https:\/\/thummerer.hu\/wp-content\/uploads\/2018\/02\/Chardonnay-Battonage-1.jpg","type":"image\/jpeg"}],"twitter_card":"summary_large_image","twitter_misc":{"Est. reading time":"1 minute"},"schema":{"@context":"https:\/\/schema.org","@graph":[{"@type":"WebPage","@id":"https:\/\/thummerer.hu\/en\/wines\/egri-chardonnay-battonage-2024\/","url":"https:\/\/thummerer.hu\/en\/wines\/egri-chardonnay-battonage-2024\/","name":"Egri Chardonnay Batonnage 2024 - Thummerer","isPartOf":{"@id":"https:\/\/thummerer.hu\/#website"},"primaryImageOfPage":{"@id":"https:\/\/thummerer.hu\/en\/wines\/egri-chardonnay-battonage-2024\/#primaryimage"},"image":{"@id":"https:\/\/thummerer.hu\/en\/wines\/egri-chardonnay-battonage-2024\/#primaryimage"},"thumbnailUrl":"https:\/\/thummerer.hu\/wp-content\/uploads\/2018\/02\/Chardonnay-Battonage-1.jpg","datePublished":"2018-02-26T13:31:23+00:00","dateModified":"2025-06-18T08:27:29+00:00","breadcrumb":{"@id":"https:\/\/thummerer.hu\/en\/wines\/egri-chardonnay-battonage-2024\/#breadcrumb"},"inLanguage":"en-US","potentialAction":[{"@type":"ReadAction","target":["https:\/\/thummerer.hu\/en\/wines\/egri-chardonnay-battonage-2024\/"]}]},{"@type":"ImageObject","inLanguage":"en-US","@id":"https:\/\/thummerer.hu\/en\/wines\/egri-chardonnay-battonage-2024\/#primaryimage","url":"https:\/\/thummerer.hu\/wp-content\/uploads\/2018\/02\/Chardonnay-Battonage-1.jpg","contentUrl":"https:\/\/thummerer.hu\/wp-content\/uploads\/2018\/02\/Chardonnay-Battonage-1.jpg","width":820,"height":1230},{"@type":"BreadcrumbList","@id":"https:\/\/thummerer.hu\/en\/wines\/egri-chardonnay-battonage-2024\/#breadcrumb","itemListElement":[{"@type":"ListItem","position":1,"name":"Home","item":"https:\/\/thummerer.hu\/en\/"},{"@type":"ListItem","position":2,"name":"Egri Chardonnay Batonnage 2024"}]},{"@type":"WebSite","@id":"https:\/\/thummerer.hu\/#website","url":"https:\/\/thummerer.hu\/","name":"Thummerer","description":"Pinc\u00e9szet \u00e9s Sz\u0151l\u0151birtok","potentialAction":[{"@type":"SearchAction","target":{"@type":"EntryPoint","urlTemplate":"https:\/\/thummerer.hu\/?s={search_term_string}"},"query-input":{"@type":"PropertyValueSpecification","valueRequired":true,"valueName":"search_term_string"}}],"inLanguage":"en-US"}]}},"_links":{"self":[{"href":"https:\/\/thummerer.hu\/en\/wp-json\/wp\/v2\/product\/1362","targetHints":{"allow":["GET"]}}],"collection":[{"href":"https:\/\/thummerer.hu\/en\/wp-json\/wp\/v2\/product"}],"about":[{"href":"https:\/\/thummerer.hu\/en\/wp-json\/wp\/v2\/types\/product"}],"replies":[{"embeddable":true,"href":"https:\/\/thummerer.hu\/en\/wp-json\/wp\/v2\/comments?post=1362"}],"wp:featuredmedia":[{"embeddable":true,"href":"https:\/\/thummerer.hu\/en\/wp-json\/wp\/v2\/media\/14440"}],"wp:attachment":[{"href":"https:\/\/thummerer.hu\/en\/wp-json\/wp\/v2\/media?parent=1362"}],"wp:term":[{"taxonomy":"product_brand","embeddable":true,"href":"https:\/\/thummerer.hu\/en\/wp-json\/wp\/v2\/product_brand?post=1362"},{"taxonomy":"product_cat","embeddable":true,"href":"https:\/\/thummerer.hu\/en\/wp-json\/wp\/v2\/product_cat?post=1362"},{"taxonomy":"product_tag","embeddable":true,"href":"https:\/\/thummerer.hu\/en\/wp-json\/wp\/v2\/product_tag?post=1362"}],"curies":[{"name":"wp","href":"https:\/\/api.w.org\/{rel}","templated":true}]}}