{"id":1363,"date":"2018-02-27T08:43:58","date_gmt":"2018-02-27T08:43:58","guid":{"rendered":"https:\/\/thummerer.hu\/termek\/egri-csillag-grand-superior-2015\/"},"modified":"2025-07-10T12:24:59","modified_gmt":"2025-07-10T12:24:59","slug":"egri-csillag-superior-2018","status":"publish","type":"product","link":"https:\/\/thummerer.hu\/en\/wines\/egri-csillag-superior-2018\/","title":{"rendered":"Egri Csillag Superior 2024"},"content":{"rendered":"","protected":false},"excerpt":{"rendered":"<p>To spread Egri Csillag\u2019s fame to a higher level, we wanted to make a more complex and exclusive one, with the same characteristics. We kept Tramini and Zenit for a fruity base, as in the Classic one, but for the nice acids, we added Kir\u00e1lyle\u00e1nyka and Chardonnay. After gathering the grapes, we fermented them in barrique barrel \u2013 during the process, we used 10% new barrels \u2013 where we left the juice in them for half a year. Thanks to this method, we received a more bodied dry white wine, which has significant flavors which can be matured in the bottle for years. Best with fish-based dishes and charcuteries, or on its own as a follower of a summer night chatting, Cooled down to 10-12\u00b0C.<\/p>\n","protected":false},"featured_media":14464,"comment_status":"open","ping_status":"closed","template":"","meta":{"_acf_changed":false},"product_brand":[],"product_cat":[102],"product_tag":[191,170,198,194,195,172,173],"class_list":{"0":"post-1363","1":"product","2":"type-product","3":"status-publish","4":"has-post-thumbnail","6":"product_cat-white","7":"product_tag-chardonnay-en","8":"product_tag-cuvee-en","9":"product_tag-egri-csillag-en","10":"product_tag-leanyka-en","11":"product_tag-superior-en","12":"product_tag-tramini-en","13":"product_tag-zenit-en","14":"pa_acid-4-9-g-l-en","15":"pa_alcohol-15-en","16":"pa_fajtaosszetetel-zenit-kiralyleanyka-tramini-chardonnay-en","17":"pa_hova-ajanljuk-ajandekba-en","18":"pa_hova-ajanljuk-karakteres-en","19":"pa_specified-region-eger-winer-region","20":"pa_specified-region-noszvaj-kokoto-vineyard","21":"pa_volume-075-l-en","22":"pa_wine-type-whote","24":"first","25":"outofstock","26":"shipping-taxable","27":"purchasable","28":"product-type-simple"},"acf":[],"yoast_head":"<!-- This site is optimized with the Yoast SEO plugin v27.5 - https:\/\/yoast.com\/product\/yoast-seo-wordpress\/ -->\n<title>Egri Csillag Superior 2024 - Thummerer<\/title>\n<meta name=\"robots\" content=\"index, follow, max-snippet:-1, max-image-preview:large, max-video-preview:-1\" \/>\n<link rel=\"canonical\" href=\"https:\/\/thummerer.hu\/en\/wines\/egri-csillag-superior-2018\/\" \/>\n<meta property=\"og:locale\" content=\"en_US\" \/>\n<meta property=\"og:type\" content=\"article\" \/>\n<meta property=\"og:title\" content=\"Egri Csillag Superior 2024 - Thummerer\" \/>\n<meta property=\"og:description\" content=\"To spread Egri Csillag\u2019s fame to a higher level, we wanted to make a more complex and exclusive one, with the same characteristics. We kept Tramini and Zenit for a fruity base, as in the Classic one, but for the nice acids, we added Kir\u00e1lyle\u00e1nyka and Chardonnay. After gathering the grapes, we fermented them in barrique barrel \u2013 during the process, we used 10% new barrels \u2013 where we left the juice in them for half a year. Thanks to this method, we received a more bodied dry white wine, which has significant flavors which can be matured in the bottle for years. Best with fish-based dishes and charcuteries, or on its own as a follower of a summer night chatting, Cooled down to 10-12\u00b0C.\" \/>\n<meta property=\"og:url\" content=\"https:\/\/thummerer.hu\/en\/wines\/egri-csillag-superior-2018\/\" \/>\n<meta property=\"og:site_name\" content=\"Thummerer\" \/>\n<meta property=\"article:modified_time\" content=\"2025-07-10T12:24:59+00:00\" \/>\n<meta property=\"og:image\" content=\"https:\/\/thummerer.hu\/wp-content\/uploads\/2018\/02\/Egri-Csillag-Superior-2018.jpg\" \/>\n\t<meta property=\"og:image:width\" content=\"820\" \/>\n\t<meta property=\"og:image:height\" content=\"1230\" \/>\n\t<meta property=\"og:image:type\" content=\"image\/jpeg\" \/>\n<meta name=\"twitter:card\" content=\"summary_large_image\" \/>\n<meta name=\"twitter:label1\" content=\"Est. reading time\" \/>\n\t<meta name=\"twitter:data1\" content=\"1 minute\" \/>\n<script type=\"application\/ld+json\" class=\"yoast-schema-graph\">{\"@context\":\"https:\\\/\\\/schema.org\",\"@graph\":[{\"@type\":\"WebPage\",\"@id\":\"https:\\\/\\\/thummerer.hu\\\/en\\\/wines\\\/egri-csillag-superior-2018\\\/\",\"url\":\"https:\\\/\\\/thummerer.hu\\\/en\\\/wines\\\/egri-csillag-superior-2018\\\/\",\"name\":\"Egri Csillag Superior 2024 - Thummerer\",\"isPartOf\":{\"@id\":\"https:\\\/\\\/thummerer.hu\\\/#website\"},\"primaryImageOfPage\":{\"@id\":\"https:\\\/\\\/thummerer.hu\\\/en\\\/wines\\\/egri-csillag-superior-2018\\\/#primaryimage\"},\"image\":{\"@id\":\"https:\\\/\\\/thummerer.hu\\\/en\\\/wines\\\/egri-csillag-superior-2018\\\/#primaryimage\"},\"thumbnailUrl\":\"https:\\\/\\\/thummerer.hu\\\/wp-content\\\/uploads\\\/2018\\\/02\\\/Egri-Csillag-Superior-2018.jpg\",\"datePublished\":\"2018-02-27T08:43:58+00:00\",\"dateModified\":\"2025-07-10T12:24:59+00:00\",\"breadcrumb\":{\"@id\":\"https:\\\/\\\/thummerer.hu\\\/en\\\/wines\\\/egri-csillag-superior-2018\\\/#breadcrumb\"},\"inLanguage\":\"en-US\",\"potentialAction\":[{\"@type\":\"ReadAction\",\"target\":[\"https:\\\/\\\/thummerer.hu\\\/en\\\/wines\\\/egri-csillag-superior-2018\\\/\"]}]},{\"@type\":\"ImageObject\",\"inLanguage\":\"en-US\",\"@id\":\"https:\\\/\\\/thummerer.hu\\\/en\\\/wines\\\/egri-csillag-superior-2018\\\/#primaryimage\",\"url\":\"https:\\\/\\\/thummerer.hu\\\/wp-content\\\/uploads\\\/2018\\\/02\\\/Egri-Csillag-Superior-2018.jpg\",\"contentUrl\":\"https:\\\/\\\/thummerer.hu\\\/wp-content\\\/uploads\\\/2018\\\/02\\\/Egri-Csillag-Superior-2018.jpg\",\"width\":820,\"height\":1230},{\"@type\":\"BreadcrumbList\",\"@id\":\"https:\\\/\\\/thummerer.hu\\\/en\\\/wines\\\/egri-csillag-superior-2018\\\/#breadcrumb\",\"itemListElement\":[{\"@type\":\"ListItem\",\"position\":1,\"name\":\"Home\",\"item\":\"https:\\\/\\\/thummerer.hu\\\/en\\\/\"},{\"@type\":\"ListItem\",\"position\":2,\"name\":\"Egri Csillag Superior 2024\"}]},{\"@type\":\"WebSite\",\"@id\":\"https:\\\/\\\/thummerer.hu\\\/#website\",\"url\":\"https:\\\/\\\/thummerer.hu\\\/\",\"name\":\"Thummerer\",\"description\":\"Pinc\u00e9szet \u00e9s Sz\u0151l\u0151birtok\",\"potentialAction\":[{\"@type\":\"SearchAction\",\"target\":{\"@type\":\"EntryPoint\",\"urlTemplate\":\"https:\\\/\\\/thummerer.hu\\\/?s={search_term_string}\"},\"query-input\":{\"@type\":\"PropertyValueSpecification\",\"valueRequired\":true,\"valueName\":\"search_term_string\"}}],\"inLanguage\":\"en-US\"}]}<\/script>\n<!-- \/ Yoast SEO plugin. -->","yoast_head_json":{"title":"Egri Csillag Superior 2024 - Thummerer","robots":{"index":"index","follow":"follow","max-snippet":"max-snippet:-1","max-image-preview":"max-image-preview:large","max-video-preview":"max-video-preview:-1"},"canonical":"https:\/\/thummerer.hu\/en\/wines\/egri-csillag-superior-2018\/","og_locale":"en_US","og_type":"article","og_title":"Egri Csillag Superior 2024 - Thummerer","og_description":"To spread Egri Csillag\u2019s fame to a higher level, we wanted to make a more complex and exclusive one, with the same characteristics. We kept Tramini and Zenit for a fruity base, as in the Classic one, but for the nice acids, we added Kir\u00e1lyle\u00e1nyka and Chardonnay. After gathering the grapes, we fermented them in barrique barrel \u2013 during the process, we used 10% new barrels \u2013 where we left the juice in them for half a year. Thanks to this method, we received a more bodied dry white wine, which has significant flavors which can be matured in the bottle for years. Best with fish-based dishes and charcuteries, or on its own as a follower of a summer night chatting, Cooled down to 10-12\u00b0C.","og_url":"https:\/\/thummerer.hu\/en\/wines\/egri-csillag-superior-2018\/","og_site_name":"Thummerer","article_modified_time":"2025-07-10T12:24:59+00:00","og_image":[{"width":820,"height":1230,"url":"https:\/\/thummerer.hu\/wp-content\/uploads\/2018\/02\/Egri-Csillag-Superior-2018.jpg","type":"image\/jpeg"}],"twitter_card":"summary_large_image","twitter_misc":{"Est. reading time":"1 minute"},"schema":{"@context":"https:\/\/schema.org","@graph":[{"@type":"WebPage","@id":"https:\/\/thummerer.hu\/en\/wines\/egri-csillag-superior-2018\/","url":"https:\/\/thummerer.hu\/en\/wines\/egri-csillag-superior-2018\/","name":"Egri Csillag Superior 2024 - Thummerer","isPartOf":{"@id":"https:\/\/thummerer.hu\/#website"},"primaryImageOfPage":{"@id":"https:\/\/thummerer.hu\/en\/wines\/egri-csillag-superior-2018\/#primaryimage"},"image":{"@id":"https:\/\/thummerer.hu\/en\/wines\/egri-csillag-superior-2018\/#primaryimage"},"thumbnailUrl":"https:\/\/thummerer.hu\/wp-content\/uploads\/2018\/02\/Egri-Csillag-Superior-2018.jpg","datePublished":"2018-02-27T08:43:58+00:00","dateModified":"2025-07-10T12:24:59+00:00","breadcrumb":{"@id":"https:\/\/thummerer.hu\/en\/wines\/egri-csillag-superior-2018\/#breadcrumb"},"inLanguage":"en-US","potentialAction":[{"@type":"ReadAction","target":["https:\/\/thummerer.hu\/en\/wines\/egri-csillag-superior-2018\/"]}]},{"@type":"ImageObject","inLanguage":"en-US","@id":"https:\/\/thummerer.hu\/en\/wines\/egri-csillag-superior-2018\/#primaryimage","url":"https:\/\/thummerer.hu\/wp-content\/uploads\/2018\/02\/Egri-Csillag-Superior-2018.jpg","contentUrl":"https:\/\/thummerer.hu\/wp-content\/uploads\/2018\/02\/Egri-Csillag-Superior-2018.jpg","width":820,"height":1230},{"@type":"BreadcrumbList","@id":"https:\/\/thummerer.hu\/en\/wines\/egri-csillag-superior-2018\/#breadcrumb","itemListElement":[{"@type":"ListItem","position":1,"name":"Home","item":"https:\/\/thummerer.hu\/en\/"},{"@type":"ListItem","position":2,"name":"Egri Csillag Superior 2024"}]},{"@type":"WebSite","@id":"https:\/\/thummerer.hu\/#website","url":"https:\/\/thummerer.hu\/","name":"Thummerer","description":"Pinc\u00e9szet \u00e9s Sz\u0151l\u0151birtok","potentialAction":[{"@type":"SearchAction","target":{"@type":"EntryPoint","urlTemplate":"https:\/\/thummerer.hu\/?s={search_term_string}"},"query-input":{"@type":"PropertyValueSpecification","valueRequired":true,"valueName":"search_term_string"}}],"inLanguage":"en-US"}]}},"_links":{"self":[{"href":"https:\/\/thummerer.hu\/en\/wp-json\/wp\/v2\/product\/1363","targetHints":{"allow":["GET"]}}],"collection":[{"href":"https:\/\/thummerer.hu\/en\/wp-json\/wp\/v2\/product"}],"about":[{"href":"https:\/\/thummerer.hu\/en\/wp-json\/wp\/v2\/types\/product"}],"replies":[{"embeddable":true,"href":"https:\/\/thummerer.hu\/en\/wp-json\/wp\/v2\/comments?post=1363"}],"wp:featuredmedia":[{"embeddable":true,"href":"https:\/\/thummerer.hu\/en\/wp-json\/wp\/v2\/media\/14464"}],"wp:attachment":[{"href":"https:\/\/thummerer.hu\/en\/wp-json\/wp\/v2\/media?parent=1363"}],"wp:term":[{"taxonomy":"product_brand","embeddable":true,"href":"https:\/\/thummerer.hu\/en\/wp-json\/wp\/v2\/product_brand?post=1363"},{"taxonomy":"product_cat","embeddable":true,"href":"https:\/\/thummerer.hu\/en\/wp-json\/wp\/v2\/product_cat?post=1363"},{"taxonomy":"product_tag","embeddable":true,"href":"https:\/\/thummerer.hu\/en\/wp-json\/wp\/v2\/product_tag?post=1363"}],"curies":[{"name":"wp","href":"https:\/\/api.w.org\/{rel}","templated":true}]}}