{"id":14267,"date":"2018-02-26T13:39:44","date_gmt":"2018-02-26T13:39:44","guid":{"rendered":"https:\/\/shop.thummerer.hu\/boraink\/egri-bikaver-2020\/"},"modified":"2026-03-15T17:09:39","modified_gmt":"2026-03-15T17:09:39","slug":"egri-bikaver-2022","status":"publish","type":"product","link":"https:\/\/thummerer.hu\/en\/wines\/egri-bikaver-2022\/","title":{"rendered":"Egri Bikav\u00e9r 2022"},"content":{"rendered":"","protected":false},"excerpt":{"rendered":"<p>Classic dry red wine with a protected designation of origin<\/p>\n<p>Ruby color, rich, spicy and smooth tannins. Reminiscent of red currant in the nose and complementing the wonderful fragrance that resulted from the wooden barrel fermentation.<\/p>\n<p>Alcohol content: 14%, acid content: 5,6g\/l.<\/p>\n<p>Recommendation:<br \/>\nServe with pork, lamb and venison meals, cabbage dishes. It would accompany nicely pig roast and cabbage. It should be consumed at 16-18\u00b0C<\/p>\n<p>Storage:<br \/>\nLay bottles in standard temperature, cool, even climate, protected from direct sunlight.<\/p>\n","protected":false},"featured_media":14446,"comment_status":"open","ping_status":"closed","template":"","meta":{"_acf_changed":false},"product_brand":[],"product_cat":[98],"product_tag":[206,205,170,201,200,199],"class_list":{"0":"post-14267","1":"product","2":"type-product","3":"status-publish","4":"has-post-thumbnail","6":"product_cat-red","7":"product_tag-cabernet-franc-en","8":"product_tag-cabernet-sauvignon-en","9":"product_tag-cuvee-en","10":"product_tag-kekfrankos-en","11":"product_tag-merlot-en","12":"product_tag-pinot-noir-en","13":"pa_acid-53-g-l-en","14":"pa_alcohol-145-en","15":"pa_hova-ajanljuk-vadakhoz-en","16":"pa_hova-ajanljuk-gyumolcsos-en","17":"pa_specified-region-eger-winer-region","18":"pa_volume-075-l-en","19":"pa_wine-type-red","21":"first","22":"instock","23":"shipping-taxable","24":"purchasable","25":"product-type-simple"},"acf":[],"yoast_head":"<!-- This site is optimized with the Yoast SEO plugin v27.5 - https:\/\/yoast.com\/product\/yoast-seo-wordpress\/ -->\n<title>Egri Bikav\u00e9r 2022 - Thummerer<\/title>\n<meta name=\"robots\" content=\"index, follow, max-snippet:-1, max-image-preview:large, max-video-preview:-1\" \/>\n<link rel=\"canonical\" href=\"https:\/\/thummerer.hu\/en\/wines\/egri-bikaver-2022\/\" \/>\n<meta property=\"og:locale\" content=\"en_US\" \/>\n<meta property=\"og:type\" content=\"article\" \/>\n<meta property=\"og:title\" content=\"Egri Bikav\u00e9r 2022 - Thummerer\" \/>\n<meta property=\"og:description\" content=\"Classic dry red wine with a protected designation of origin  Ruby color, rich, spicy and smooth tannins. Reminiscent of red currant in the nose and complementing the wonderful fragrance that resulted from the wooden barrel fermentation.  Alcohol content: 14%, acid content: 5,6g\/l.  Recommendation: Serve with pork, lamb and venison meals, cabbage dishes. It would accompany nicely pig roast and cabbage. It should be consumed at 16-18\u00b0C  Storage: Lay bottles in standard temperature, cool, even climate, protected from direct sunlight.\" \/>\n<meta property=\"og:url\" content=\"https:\/\/thummerer.hu\/en\/wines\/egri-bikaver-2022\/\" \/>\n<meta property=\"og:site_name\" content=\"Thummerer\" \/>\n<meta property=\"article:modified_time\" content=\"2026-03-15T17:09:39+00:00\" \/>\n<meta property=\"og:image\" content=\"https:\/\/thummerer.hu\/wp-content\/uploads\/2018\/02\/Egri-Bikaver-Classicus-2020.jpg\" \/>\n\t<meta property=\"og:image:width\" content=\"820\" \/>\n\t<meta property=\"og:image:height\" content=\"1230\" \/>\n\t<meta property=\"og:image:type\" content=\"image\/jpeg\" \/>\n<meta name=\"twitter:card\" content=\"summary_large_image\" \/>\n<meta name=\"twitter:label1\" content=\"Est. reading time\" \/>\n\t<meta name=\"twitter:data1\" content=\"1 minute\" \/>\n<script type=\"application\/ld+json\" class=\"yoast-schema-graph\">{\"@context\":\"https:\\\/\\\/schema.org\",\"@graph\":[{\"@type\":\"WebPage\",\"@id\":\"https:\\\/\\\/thummerer.hu\\\/en\\\/wines\\\/egri-bikaver-2022\\\/\",\"url\":\"https:\\\/\\\/thummerer.hu\\\/en\\\/wines\\\/egri-bikaver-2022\\\/\",\"name\":\"Egri Bikav\u00e9r 2022 - Thummerer\",\"isPartOf\":{\"@id\":\"https:\\\/\\\/thummerer.hu\\\/#website\"},\"primaryImageOfPage\":{\"@id\":\"https:\\\/\\\/thummerer.hu\\\/en\\\/wines\\\/egri-bikaver-2022\\\/#primaryimage\"},\"image\":{\"@id\":\"https:\\\/\\\/thummerer.hu\\\/en\\\/wines\\\/egri-bikaver-2022\\\/#primaryimage\"},\"thumbnailUrl\":\"https:\\\/\\\/thummerer.hu\\\/wp-content\\\/uploads\\\/2018\\\/02\\\/Egri-Bikaver-Classicus-2020.jpg\",\"datePublished\":\"2018-02-26T13:39:44+00:00\",\"dateModified\":\"2026-03-15T17:09:39+00:00\",\"breadcrumb\":{\"@id\":\"https:\\\/\\\/thummerer.hu\\\/en\\\/wines\\\/egri-bikaver-2022\\\/#breadcrumb\"},\"inLanguage\":\"en-US\",\"potentialAction\":[{\"@type\":\"ReadAction\",\"target\":[\"https:\\\/\\\/thummerer.hu\\\/en\\\/wines\\\/egri-bikaver-2022\\\/\"]}]},{\"@type\":\"ImageObject\",\"inLanguage\":\"en-US\",\"@id\":\"https:\\\/\\\/thummerer.hu\\\/en\\\/wines\\\/egri-bikaver-2022\\\/#primaryimage\",\"url\":\"https:\\\/\\\/thummerer.hu\\\/wp-content\\\/uploads\\\/2018\\\/02\\\/Egri-Bikaver-Classicus-2020.jpg\",\"contentUrl\":\"https:\\\/\\\/thummerer.hu\\\/wp-content\\\/uploads\\\/2018\\\/02\\\/Egri-Bikaver-Classicus-2020.jpg\",\"width\":820,\"height\":1230},{\"@type\":\"BreadcrumbList\",\"@id\":\"https:\\\/\\\/thummerer.hu\\\/en\\\/wines\\\/egri-bikaver-2022\\\/#breadcrumb\",\"itemListElement\":[{\"@type\":\"ListItem\",\"position\":1,\"name\":\"Home\",\"item\":\"https:\\\/\\\/thummerer.hu\\\/en\\\/\"},{\"@type\":\"ListItem\",\"position\":2,\"name\":\"Egri Bikav\u00e9r 2022\"}]},{\"@type\":\"WebSite\",\"@id\":\"https:\\\/\\\/thummerer.hu\\\/#website\",\"url\":\"https:\\\/\\\/thummerer.hu\\\/\",\"name\":\"Thummerer\",\"description\":\"Pinc\u00e9szet \u00e9s Sz\u0151l\u0151birtok\",\"potentialAction\":[{\"@type\":\"SearchAction\",\"target\":{\"@type\":\"EntryPoint\",\"urlTemplate\":\"https:\\\/\\\/thummerer.hu\\\/?s={search_term_string}\"},\"query-input\":{\"@type\":\"PropertyValueSpecification\",\"valueRequired\":true,\"valueName\":\"search_term_string\"}}],\"inLanguage\":\"en-US\"}]}<\/script>\n<!-- \/ Yoast SEO plugin. -->","yoast_head_json":{"title":"Egri Bikav\u00e9r 2022 - Thummerer","robots":{"index":"index","follow":"follow","max-snippet":"max-snippet:-1","max-image-preview":"max-image-preview:large","max-video-preview":"max-video-preview:-1"},"canonical":"https:\/\/thummerer.hu\/en\/wines\/egri-bikaver-2022\/","og_locale":"en_US","og_type":"article","og_title":"Egri Bikav\u00e9r 2022 - Thummerer","og_description":"Classic dry red wine with a protected designation of origin  Ruby color, rich, spicy and smooth tannins. Reminiscent of red currant in the nose and complementing the wonderful fragrance that resulted from the wooden barrel fermentation.  Alcohol content: 14%, acid content: 5,6g\/l.  Recommendation: Serve with pork, lamb and venison meals, cabbage dishes. It would accompany nicely pig roast and cabbage. It should be consumed at 16-18\u00b0C  Storage: Lay bottles in standard temperature, cool, even climate, protected from direct sunlight.","og_url":"https:\/\/thummerer.hu\/en\/wines\/egri-bikaver-2022\/","og_site_name":"Thummerer","article_modified_time":"2026-03-15T17:09:39+00:00","og_image":[{"width":820,"height":1230,"url":"https:\/\/thummerer.hu\/wp-content\/uploads\/2018\/02\/Egri-Bikaver-Classicus-2020.jpg","type":"image\/jpeg"}],"twitter_card":"summary_large_image","twitter_misc":{"Est. reading time":"1 minute"},"schema":{"@context":"https:\/\/schema.org","@graph":[{"@type":"WebPage","@id":"https:\/\/thummerer.hu\/en\/wines\/egri-bikaver-2022\/","url":"https:\/\/thummerer.hu\/en\/wines\/egri-bikaver-2022\/","name":"Egri Bikav\u00e9r 2022 - Thummerer","isPartOf":{"@id":"https:\/\/thummerer.hu\/#website"},"primaryImageOfPage":{"@id":"https:\/\/thummerer.hu\/en\/wines\/egri-bikaver-2022\/#primaryimage"},"image":{"@id":"https:\/\/thummerer.hu\/en\/wines\/egri-bikaver-2022\/#primaryimage"},"thumbnailUrl":"https:\/\/thummerer.hu\/wp-content\/uploads\/2018\/02\/Egri-Bikaver-Classicus-2020.jpg","datePublished":"2018-02-26T13:39:44+00:00","dateModified":"2026-03-15T17:09:39+00:00","breadcrumb":{"@id":"https:\/\/thummerer.hu\/en\/wines\/egri-bikaver-2022\/#breadcrumb"},"inLanguage":"en-US","potentialAction":[{"@type":"ReadAction","target":["https:\/\/thummerer.hu\/en\/wines\/egri-bikaver-2022\/"]}]},{"@type":"ImageObject","inLanguage":"en-US","@id":"https:\/\/thummerer.hu\/en\/wines\/egri-bikaver-2022\/#primaryimage","url":"https:\/\/thummerer.hu\/wp-content\/uploads\/2018\/02\/Egri-Bikaver-Classicus-2020.jpg","contentUrl":"https:\/\/thummerer.hu\/wp-content\/uploads\/2018\/02\/Egri-Bikaver-Classicus-2020.jpg","width":820,"height":1230},{"@type":"BreadcrumbList","@id":"https:\/\/thummerer.hu\/en\/wines\/egri-bikaver-2022\/#breadcrumb","itemListElement":[{"@type":"ListItem","position":1,"name":"Home","item":"https:\/\/thummerer.hu\/en\/"},{"@type":"ListItem","position":2,"name":"Egri Bikav\u00e9r 2022"}]},{"@type":"WebSite","@id":"https:\/\/thummerer.hu\/#website","url":"https:\/\/thummerer.hu\/","name":"Thummerer","description":"Pinc\u00e9szet \u00e9s Sz\u0151l\u0151birtok","potentialAction":[{"@type":"SearchAction","target":{"@type":"EntryPoint","urlTemplate":"https:\/\/thummerer.hu\/?s={search_term_string}"},"query-input":{"@type":"PropertyValueSpecification","valueRequired":true,"valueName":"search_term_string"}}],"inLanguage":"en-US"}]}},"_links":{"self":[{"href":"https:\/\/thummerer.hu\/en\/wp-json\/wp\/v2\/product\/14267","targetHints":{"allow":["GET"]}}],"collection":[{"href":"https:\/\/thummerer.hu\/en\/wp-json\/wp\/v2\/product"}],"about":[{"href":"https:\/\/thummerer.hu\/en\/wp-json\/wp\/v2\/types\/product"}],"replies":[{"embeddable":true,"href":"https:\/\/thummerer.hu\/en\/wp-json\/wp\/v2\/comments?post=14267"}],"wp:featuredmedia":[{"embeddable":true,"href":"https:\/\/thummerer.hu\/en\/wp-json\/wp\/v2\/media\/14446"}],"wp:attachment":[{"href":"https:\/\/thummerer.hu\/en\/wp-json\/wp\/v2\/media?parent=14267"}],"wp:term":[{"taxonomy":"product_brand","embeddable":true,"href":"https:\/\/thummerer.hu\/en\/wp-json\/wp\/v2\/product_brand?post=14267"},{"taxonomy":"product_cat","embeddable":true,"href":"https:\/\/thummerer.hu\/en\/wp-json\/wp\/v2\/product_cat?post=14267"},{"taxonomy":"product_tag","embeddable":true,"href":"https:\/\/thummerer.hu\/en\/wp-json\/wp\/v2\/product_tag?post=14267"}],"curies":[{"name":"wp","href":"https:\/\/api.w.org\/{rel}","templated":true}]}}