{"id":14268,"date":"2018-02-26T15:08:11","date_gmt":"2018-02-26T15:08:11","guid":{"rendered":"https:\/\/shop.thummerer.hu\/boraink\/egri-cabernet-franc-merlot-2019\/"},"modified":"2026-02-18T08:08:15","modified_gmt":"2026-02-18T08:08:15","slug":"egri-cabernet-franc-merlot-2021","status":"publish","type":"product","link":"https:\/\/thummerer.hu\/en\/wines\/egri-cabernet-franc-merlot-2021\/","title":{"rendered":"Egri Cabernet Franc \u2013 Merlot 2021"},"content":{"rendered":"","protected":false},"excerpt":{"rendered":"<p style=\"font-weight: 400;\">Classic dry red wine with a protected designation of origin.<\/p>\n<p style=\"font-weight: 400;\">Region:\u00a0Eger wine region, Novaj Juhszalagos hill, Szomolya Nagyv\u00f6lgy hill.<\/p>\n<p style=\"font-weight: 400;\">Plantation:\u00a0Guyot cultivation method, planted in 240&#215;100 cm rows. Clayish loam soil with a 5% to 7% south by southwestern slope, and mild, basic clay-leaching brown forest earth.<\/p>\n<p style=\"font-weight: 400;\">Vintage, Vinification:\u00a0Healthy grapes, fine flaouvor could be harvested in 2015 as well. The hot, dry summer, early autumn sunshine with high sugar degrees in accordance with spacific acids.<\/p>\n<p style=\"font-weight: 400;\">Wine Description:\u00a0Friendly, nice tannin content, round by aging. Thanks to the two varieties the wine has spicy and fruity notes in addition to the barrique barrel aging that unifies the wine.<\/p>\n<p style=\"font-weight: 400;\">Alcohol content: 14%, acid content: 4,8 g\/l.<\/p>\n<p style=\"font-weight: 400;\">Recommendation:\u00a0Serve with grilled food, poultry feathered game, rabbit. It would perfectly accompany rabbit with vegetables made in an iron pot, preferably consumed at 16-18\u00b0C.<\/p>\n<p style=\"font-weight: 400;\">Storage:\u00a0Lay bottles in standard temperature, cool, even climate, protected from direct sunlight.<\/p>\n","protected":false},"featured_media":14434,"comment_status":"open","ping_status":"closed","template":"","meta":{"_acf_changed":false},"product_brand":[],"product_cat":[581,98],"product_tag":[206,170,200,582],"class_list":{"0":"post-14268","1":"product","2":"type-product","3":"status-publish","4":"has-post-thumbnail","6":"product_cat-bokreta-borcsalad-en","7":"product_cat-red","8":"product_tag-cabernet-franc-en","9":"product_tag-cuvee-en","10":"product_tag-merlot-en","11":"product_tag-vinagora-2023-ezust-en","12":"pa_acid-5-g-l-en","13":"pa_alcohol-14-en","14":"pa_fajtaosszetetel-cabernet-franc-merlot-en","15":"pa_ft-516","16":"pa_ft-1-l-517","17":"pa_hova-ajanljuk-konnyed-en","18":"pa_hova-ajanljuk-gyumolcsos-en","19":"pa_specified-region-novaj-juhszalagos-vineyard","20":"pa_specified-region-szomolya-nagyvolgy-teto-vineyard","21":"pa_volume-075-l-en","22":"pa_wine-type-red","24":"first","25":"instock","26":"shipping-taxable","27":"purchasable","28":"product-type-simple"},"acf":[],"yoast_head":"<!-- This site is optimized with the Yoast SEO plugin v27.1.1 - https:\/\/yoast.com\/product\/yoast-seo-wordpress\/ -->\n<title>Egri Cabernet Franc \u2013 Merlot 2021 - Thummerer<\/title>\n<meta name=\"robots\" content=\"index, follow, max-snippet:-1, max-image-preview:large, max-video-preview:-1\" \/>\n<link rel=\"canonical\" href=\"https:\/\/thummerer.hu\/en\/boraink\/egri-cabernet-franc-merlot-2021\/\" \/>\n<meta property=\"og:locale\" content=\"en_US\" \/>\n<meta property=\"og:type\" content=\"article\" \/>\n<meta property=\"og:title\" content=\"Egri Cabernet Franc \u2013 Merlot 2021 - Thummerer\" \/>\n<meta property=\"og:description\" content=\"Classic dry red wine with a protected designation of origin. Region:\u00a0Eger wine region, Novaj Juhszalagos hill, Szomolya Nagyv\u00f6lgy hill. Plantation:\u00a0Guyot cultivation method, planted in 240x100 cm rows. Clayish loam soil with a 5% to 7% south by southwestern slope, and mild, basic clay-leaching brown forest earth. Vintage, Vinification:\u00a0Healthy grapes, fine flaouvor could be harvested in 2015 as well. The hot, dry summer, early autumn sunshine with high sugar degrees in accordance with spacific acids. Wine Description:\u00a0Friendly, nice tannin content, round by aging. Thanks to the two varieties the wine has spicy and fruity notes in addition to the barrique barrel aging that unifies the wine. Alcohol content: 14%, acid content: 4,8 g\/l. Recommendation:\u00a0Serve with grilled food, poultry feathered game, rabbit. It would perfectly accompany rabbit with vegetables made in an iron pot, preferably consumed at 16-18\u00b0C. Storage:\u00a0Lay bottles in standard temperature, cool, even climate, protected from direct sunlight.\" \/>\n<meta property=\"og:url\" content=\"https:\/\/thummerer.hu\/en\/boraink\/egri-cabernet-franc-merlot-2021\/\" \/>\n<meta property=\"og:site_name\" content=\"Thummerer\" \/>\n<meta property=\"article:modified_time\" content=\"2026-02-18T08:08:15+00:00\" \/>\n<meta property=\"og:image\" content=\"https:\/\/thummerer.hu\/wp-content\/uploads\/2018\/02\/Cabernet-Franc-Merlot.jpg\" \/>\n\t<meta property=\"og:image:width\" content=\"820\" \/>\n\t<meta property=\"og:image:height\" content=\"1230\" \/>\n\t<meta property=\"og:image:type\" content=\"image\/jpeg\" \/>\n<meta name=\"twitter:card\" content=\"summary_large_image\" \/>\n<meta name=\"twitter:label1\" content=\"Est. reading time\" \/>\n\t<meta name=\"twitter:data1\" content=\"1 minute\" \/>\n<script type=\"application\/ld+json\" class=\"yoast-schema-graph\">{\"@context\":\"https:\/\/schema.org\",\"@graph\":[{\"@type\":\"WebPage\",\"@id\":\"https:\/\/thummerer.hu\/en\/boraink\/egri-cabernet-franc-merlot-2021\/\",\"url\":\"https:\/\/thummerer.hu\/en\/boraink\/egri-cabernet-franc-merlot-2021\/\",\"name\":\"Egri Cabernet Franc \u2013 Merlot 2021 - Thummerer\",\"isPartOf\":{\"@id\":\"https:\/\/thummerer.hu\/#website\"},\"primaryImageOfPage\":{\"@id\":\"https:\/\/thummerer.hu\/en\/boraink\/egri-cabernet-franc-merlot-2021\/#primaryimage\"},\"image\":{\"@id\":\"https:\/\/thummerer.hu\/en\/boraink\/egri-cabernet-franc-merlot-2021\/#primaryimage\"},\"thumbnailUrl\":\"https:\/\/thummerer.hu\/wp-content\/uploads\/2018\/02\/Cabernet-Franc-Merlot.jpg\",\"datePublished\":\"2018-02-26T15:08:11+00:00\",\"dateModified\":\"2026-02-18T08:08:15+00:00\",\"breadcrumb\":{\"@id\":\"https:\/\/thummerer.hu\/en\/boraink\/egri-cabernet-franc-merlot-2021\/#breadcrumb\"},\"inLanguage\":\"en-US\",\"potentialAction\":[{\"@type\":\"ReadAction\",\"target\":[\"https:\/\/thummerer.hu\/en\/boraink\/egri-cabernet-franc-merlot-2021\/\"]}]},{\"@type\":\"ImageObject\",\"inLanguage\":\"en-US\",\"@id\":\"https:\/\/thummerer.hu\/en\/boraink\/egri-cabernet-franc-merlot-2021\/#primaryimage\",\"url\":\"https:\/\/thummerer.hu\/wp-content\/uploads\/2018\/02\/Cabernet-Franc-Merlot.jpg\",\"contentUrl\":\"https:\/\/thummerer.hu\/wp-content\/uploads\/2018\/02\/Cabernet-Franc-Merlot.jpg\",\"width\":820,\"height\":1230},{\"@type\":\"BreadcrumbList\",\"@id\":\"https:\/\/thummerer.hu\/en\/boraink\/egri-cabernet-franc-merlot-2021\/#breadcrumb\",\"itemListElement\":[{\"@type\":\"ListItem\",\"position\":1,\"name\":\"Home\",\"item\":\"https:\/\/thummerer.hu\/en\/\"},{\"@type\":\"ListItem\",\"position\":2,\"name\":\"Egri Cabernet Franc \u2013 Merlot 2021\"}]},{\"@type\":\"WebSite\",\"@id\":\"https:\/\/thummerer.hu\/#website\",\"url\":\"https:\/\/thummerer.hu\/\",\"name\":\"Thummerer\",\"description\":\"Pinc\u00e9szet \u00e9s Sz\u0151l\u0151birtok\",\"potentialAction\":[{\"@type\":\"SearchAction\",\"target\":{\"@type\":\"EntryPoint\",\"urlTemplate\":\"https:\/\/thummerer.hu\/?s={search_term_string}\"},\"query-input\":{\"@type\":\"PropertyValueSpecification\",\"valueRequired\":true,\"valueName\":\"search_term_string\"}}],\"inLanguage\":\"en-US\"}]}<\/script>\n<!-- \/ Yoast SEO plugin. -->","yoast_head_json":{"title":"Egri Cabernet Franc \u2013 Merlot 2021 - Thummerer","robots":{"index":"index","follow":"follow","max-snippet":"max-snippet:-1","max-image-preview":"max-image-preview:large","max-video-preview":"max-video-preview:-1"},"canonical":"https:\/\/thummerer.hu\/en\/boraink\/egri-cabernet-franc-merlot-2021\/","og_locale":"en_US","og_type":"article","og_title":"Egri Cabernet Franc \u2013 Merlot 2021 - Thummerer","og_description":"Classic dry red wine with a protected designation of origin. Region:\u00a0Eger wine region, Novaj Juhszalagos hill, Szomolya Nagyv\u00f6lgy hill. Plantation:\u00a0Guyot cultivation method, planted in 240x100 cm rows. Clayish loam soil with a 5% to 7% south by southwestern slope, and mild, basic clay-leaching brown forest earth. Vintage, Vinification:\u00a0Healthy grapes, fine flaouvor could be harvested in 2015 as well. The hot, dry summer, early autumn sunshine with high sugar degrees in accordance with spacific acids. Wine Description:\u00a0Friendly, nice tannin content, round by aging. Thanks to the two varieties the wine has spicy and fruity notes in addition to the barrique barrel aging that unifies the wine. Alcohol content: 14%, acid content: 4,8 g\/l. Recommendation:\u00a0Serve with grilled food, poultry feathered game, rabbit. It would perfectly accompany rabbit with vegetables made in an iron pot, preferably consumed at 16-18\u00b0C. Storage:\u00a0Lay bottles in standard temperature, cool, even climate, protected from direct sunlight.","og_url":"https:\/\/thummerer.hu\/en\/boraink\/egri-cabernet-franc-merlot-2021\/","og_site_name":"Thummerer","article_modified_time":"2026-02-18T08:08:15+00:00","og_image":[{"width":820,"height":1230,"url":"https:\/\/thummerer.hu\/wp-content\/uploads\/2018\/02\/Cabernet-Franc-Merlot.jpg","type":"image\/jpeg"}],"twitter_card":"summary_large_image","twitter_misc":{"Est. reading time":"1 minute"},"schema":{"@context":"https:\/\/schema.org","@graph":[{"@type":"WebPage","@id":"https:\/\/thummerer.hu\/en\/boraink\/egri-cabernet-franc-merlot-2021\/","url":"https:\/\/thummerer.hu\/en\/boraink\/egri-cabernet-franc-merlot-2021\/","name":"Egri Cabernet Franc \u2013 Merlot 2021 - Thummerer","isPartOf":{"@id":"https:\/\/thummerer.hu\/#website"},"primaryImageOfPage":{"@id":"https:\/\/thummerer.hu\/en\/boraink\/egri-cabernet-franc-merlot-2021\/#primaryimage"},"image":{"@id":"https:\/\/thummerer.hu\/en\/boraink\/egri-cabernet-franc-merlot-2021\/#primaryimage"},"thumbnailUrl":"https:\/\/thummerer.hu\/wp-content\/uploads\/2018\/02\/Cabernet-Franc-Merlot.jpg","datePublished":"2018-02-26T15:08:11+00:00","dateModified":"2026-02-18T08:08:15+00:00","breadcrumb":{"@id":"https:\/\/thummerer.hu\/en\/boraink\/egri-cabernet-franc-merlot-2021\/#breadcrumb"},"inLanguage":"en-US","potentialAction":[{"@type":"ReadAction","target":["https:\/\/thummerer.hu\/en\/boraink\/egri-cabernet-franc-merlot-2021\/"]}]},{"@type":"ImageObject","inLanguage":"en-US","@id":"https:\/\/thummerer.hu\/en\/boraink\/egri-cabernet-franc-merlot-2021\/#primaryimage","url":"https:\/\/thummerer.hu\/wp-content\/uploads\/2018\/02\/Cabernet-Franc-Merlot.jpg","contentUrl":"https:\/\/thummerer.hu\/wp-content\/uploads\/2018\/02\/Cabernet-Franc-Merlot.jpg","width":820,"height":1230},{"@type":"BreadcrumbList","@id":"https:\/\/thummerer.hu\/en\/boraink\/egri-cabernet-franc-merlot-2021\/#breadcrumb","itemListElement":[{"@type":"ListItem","position":1,"name":"Home","item":"https:\/\/thummerer.hu\/en\/"},{"@type":"ListItem","position":2,"name":"Egri Cabernet Franc \u2013 Merlot 2021"}]},{"@type":"WebSite","@id":"https:\/\/thummerer.hu\/#website","url":"https:\/\/thummerer.hu\/","name":"Thummerer","description":"Pinc\u00e9szet \u00e9s Sz\u0151l\u0151birtok","potentialAction":[{"@type":"SearchAction","target":{"@type":"EntryPoint","urlTemplate":"https:\/\/thummerer.hu\/?s={search_term_string}"},"query-input":{"@type":"PropertyValueSpecification","valueRequired":true,"valueName":"search_term_string"}}],"inLanguage":"en-US"}]}},"_links":{"self":[{"href":"https:\/\/thummerer.hu\/en\/wp-json\/wp\/v2\/product\/14268","targetHints":{"allow":["GET"]}}],"collection":[{"href":"https:\/\/thummerer.hu\/en\/wp-json\/wp\/v2\/product"}],"about":[{"href":"https:\/\/thummerer.hu\/en\/wp-json\/wp\/v2\/types\/product"}],"replies":[{"embeddable":true,"href":"https:\/\/thummerer.hu\/en\/wp-json\/wp\/v2\/comments?post=14268"}],"wp:featuredmedia":[{"embeddable":true,"href":"https:\/\/thummerer.hu\/en\/wp-json\/wp\/v2\/media\/14434"}],"wp:attachment":[{"href":"https:\/\/thummerer.hu\/en\/wp-json\/wp\/v2\/media?parent=14268"}],"wp:term":[{"taxonomy":"product_brand","embeddable":true,"href":"https:\/\/thummerer.hu\/en\/wp-json\/wp\/v2\/product_brand?post=14268"},{"taxonomy":"product_cat","embeddable":true,"href":"https:\/\/thummerer.hu\/en\/wp-json\/wp\/v2\/product_cat?post=14268"},{"taxonomy":"product_tag","embeddable":true,"href":"https:\/\/thummerer.hu\/en\/wp-json\/wp\/v2\/product_tag?post=14268"}],"curies":[{"name":"wp","href":"https:\/\/api.w.org\/{rel}","templated":true}]}}