{"id":1452,"date":"2018-04-20T11:25:38","date_gmt":"2018-04-20T11:25:38","guid":{"rendered":"https:\/\/thummerer.hu\/termek\/egri-kadarka-grand-superior-2015\/"},"modified":"2024-11-18T19:11:02","modified_gmt":"2024-11-18T19:11:02","slug":"egri-kadarka-grand-superior-2015","status":"publish","type":"product","link":"https:\/\/thummerer.hu\/en\/wines\/egri-kadarka-grand-superior-2015\/","title":{"rendered":"Egri Kadarka Grand Superior 2015"},"content":{"rendered":"","protected":false},"excerpt":{"rendered":"<p>Thanks to the weather in 2015, we were able to pick our grapes on the 29th of September. It has the typical \u201eKadarka\u201d tone in its color, which is followed by its nice characteristic smell. This exciting and unique taste keeps its form for long years. The highly restrained produced grapes, after the harvest, were fermented in wood barrels for long months.<br \/>\nCould be the perfect choice for lamb or red meat poultry, served at 18-20\u00b0C.<\/p>\n","protected":false},"featured_media":14470,"comment_status":"open","ping_status":"closed","template":"","meta":{"_acf_changed":false},"product_brand":[],"product_cat":[610,98],"product_tag":[214],"class_list":{"0":"post-1452","1":"product","2":"type-product","3":"status-publish","4":"has-post-thumbnail","6":"product_cat-our-christmas-offer","7":"product_cat-red","8":"product_tag-kadarka-en","9":"pa_acid-57-g-l-en","10":"pa_alcohol-135-en","11":"pa_fajtaosszetetel-100-kadarka-en","12":"pa_ft-524","13":"pa_ft-1-l-525","14":"pa_specified-region-eger-winer-region","15":"pa_volume-075-l-en","16":"pa_wine-type-red","18":"first","19":"instock","20":"shipping-taxable","21":"purchasable","22":"product-type-simple"},"acf":[],"yoast_head":"<!-- This site is optimized with the Yoast SEO plugin v27.5 - https:\/\/yoast.com\/product\/yoast-seo-wordpress\/ -->\n<title>Egri Kadarka Grand Superior 2015 - Thummerer<\/title>\n<meta name=\"robots\" content=\"index, follow, max-snippet:-1, max-image-preview:large, max-video-preview:-1\" \/>\n<link rel=\"canonical\" href=\"https:\/\/thummerer.hu\/en\/wines\/egri-kadarka-grand-superior-2015\/\" \/>\n<meta property=\"og:locale\" content=\"en_US\" \/>\n<meta property=\"og:type\" content=\"article\" \/>\n<meta property=\"og:title\" content=\"Egri Kadarka Grand Superior 2015 - Thummerer\" \/>\n<meta property=\"og:description\" content=\"Thanks to the weather in 2015, we were able to pick our grapes on the 29th of September. It has the typical \u201eKadarka\u201d tone in its color, which is followed by its nice characteristic smell. This exciting and unique taste keeps its form for long years. The highly restrained produced grapes, after the harvest, were fermented in wood barrels for long months. Could be the perfect choice for lamb or red meat poultry, served at 18-20\u00b0C.\" \/>\n<meta property=\"og:url\" content=\"https:\/\/thummerer.hu\/en\/wines\/egri-kadarka-grand-superior-2015\/\" \/>\n<meta property=\"og:site_name\" content=\"Thummerer\" \/>\n<meta property=\"article:modified_time\" content=\"2024-11-18T19:11:02+00:00\" \/>\n<meta property=\"og:image\" content=\"https:\/\/thummerer.hu\/wp-content\/uploads\/2018\/04\/Egri-Kadarka-Grand-Superior-2015.jpg\" \/>\n\t<meta property=\"og:image:width\" content=\"820\" \/>\n\t<meta property=\"og:image:height\" content=\"1230\" \/>\n\t<meta property=\"og:image:type\" content=\"image\/jpeg\" \/>\n<meta name=\"twitter:card\" content=\"summary_large_image\" \/>\n<script type=\"application\/ld+json\" class=\"yoast-schema-graph\">{\"@context\":\"https:\\\/\\\/schema.org\",\"@graph\":[{\"@type\":\"WebPage\",\"@id\":\"https:\\\/\\\/thummerer.hu\\\/en\\\/wines\\\/egri-kadarka-grand-superior-2015\\\/\",\"url\":\"https:\\\/\\\/thummerer.hu\\\/en\\\/wines\\\/egri-kadarka-grand-superior-2015\\\/\",\"name\":\"Egri Kadarka Grand Superior 2015 - Thummerer\",\"isPartOf\":{\"@id\":\"https:\\\/\\\/thummerer.hu\\\/#website\"},\"primaryImageOfPage\":{\"@id\":\"https:\\\/\\\/thummerer.hu\\\/en\\\/wines\\\/egri-kadarka-grand-superior-2015\\\/#primaryimage\"},\"image\":{\"@id\":\"https:\\\/\\\/thummerer.hu\\\/en\\\/wines\\\/egri-kadarka-grand-superior-2015\\\/#primaryimage\"},\"thumbnailUrl\":\"https:\\\/\\\/thummerer.hu\\\/wp-content\\\/uploads\\\/2018\\\/04\\\/Egri-Kadarka-Grand-Superior-2015.jpg\",\"datePublished\":\"2018-04-20T11:25:38+00:00\",\"dateModified\":\"2024-11-18T19:11:02+00:00\",\"breadcrumb\":{\"@id\":\"https:\\\/\\\/thummerer.hu\\\/en\\\/wines\\\/egri-kadarka-grand-superior-2015\\\/#breadcrumb\"},\"inLanguage\":\"en-US\",\"potentialAction\":[{\"@type\":\"ReadAction\",\"target\":[\"https:\\\/\\\/thummerer.hu\\\/en\\\/wines\\\/egri-kadarka-grand-superior-2015\\\/\"]}]},{\"@type\":\"ImageObject\",\"inLanguage\":\"en-US\",\"@id\":\"https:\\\/\\\/thummerer.hu\\\/en\\\/wines\\\/egri-kadarka-grand-superior-2015\\\/#primaryimage\",\"url\":\"https:\\\/\\\/thummerer.hu\\\/wp-content\\\/uploads\\\/2018\\\/04\\\/Egri-Kadarka-Grand-Superior-2015.jpg\",\"contentUrl\":\"https:\\\/\\\/thummerer.hu\\\/wp-content\\\/uploads\\\/2018\\\/04\\\/Egri-Kadarka-Grand-Superior-2015.jpg\",\"width\":820,\"height\":1230},{\"@type\":\"BreadcrumbList\",\"@id\":\"https:\\\/\\\/thummerer.hu\\\/en\\\/wines\\\/egri-kadarka-grand-superior-2015\\\/#breadcrumb\",\"itemListElement\":[{\"@type\":\"ListItem\",\"position\":1,\"name\":\"Home\",\"item\":\"https:\\\/\\\/thummerer.hu\\\/en\\\/\"},{\"@type\":\"ListItem\",\"position\":2,\"name\":\"Egri Kadarka Grand Superior 2015\"}]},{\"@type\":\"WebSite\",\"@id\":\"https:\\\/\\\/thummerer.hu\\\/#website\",\"url\":\"https:\\\/\\\/thummerer.hu\\\/\",\"name\":\"Thummerer\",\"description\":\"Pinc\u00e9szet \u00e9s Sz\u0151l\u0151birtok\",\"potentialAction\":[{\"@type\":\"SearchAction\",\"target\":{\"@type\":\"EntryPoint\",\"urlTemplate\":\"https:\\\/\\\/thummerer.hu\\\/?s={search_term_string}\"},\"query-input\":{\"@type\":\"PropertyValueSpecification\",\"valueRequired\":true,\"valueName\":\"search_term_string\"}}],\"inLanguage\":\"en-US\"}]}<\/script>\n<!-- \/ Yoast SEO plugin. -->","yoast_head_json":{"title":"Egri Kadarka Grand Superior 2015 - Thummerer","robots":{"index":"index","follow":"follow","max-snippet":"max-snippet:-1","max-image-preview":"max-image-preview:large","max-video-preview":"max-video-preview:-1"},"canonical":"https:\/\/thummerer.hu\/en\/wines\/egri-kadarka-grand-superior-2015\/","og_locale":"en_US","og_type":"article","og_title":"Egri Kadarka Grand Superior 2015 - Thummerer","og_description":"Thanks to the weather in 2015, we were able to pick our grapes on the 29th of September. It has the typical \u201eKadarka\u201d tone in its color, which is followed by its nice characteristic smell. This exciting and unique taste keeps its form for long years. The highly restrained produced grapes, after the harvest, were fermented in wood barrels for long months. Could be the perfect choice for lamb or red meat poultry, served at 18-20\u00b0C.","og_url":"https:\/\/thummerer.hu\/en\/wines\/egri-kadarka-grand-superior-2015\/","og_site_name":"Thummerer","article_modified_time":"2024-11-18T19:11:02+00:00","og_image":[{"width":820,"height":1230,"url":"https:\/\/thummerer.hu\/wp-content\/uploads\/2018\/04\/Egri-Kadarka-Grand-Superior-2015.jpg","type":"image\/jpeg"}],"twitter_card":"summary_large_image","schema":{"@context":"https:\/\/schema.org","@graph":[{"@type":"WebPage","@id":"https:\/\/thummerer.hu\/en\/wines\/egri-kadarka-grand-superior-2015\/","url":"https:\/\/thummerer.hu\/en\/wines\/egri-kadarka-grand-superior-2015\/","name":"Egri Kadarka Grand Superior 2015 - Thummerer","isPartOf":{"@id":"https:\/\/thummerer.hu\/#website"},"primaryImageOfPage":{"@id":"https:\/\/thummerer.hu\/en\/wines\/egri-kadarka-grand-superior-2015\/#primaryimage"},"image":{"@id":"https:\/\/thummerer.hu\/en\/wines\/egri-kadarka-grand-superior-2015\/#primaryimage"},"thumbnailUrl":"https:\/\/thummerer.hu\/wp-content\/uploads\/2018\/04\/Egri-Kadarka-Grand-Superior-2015.jpg","datePublished":"2018-04-20T11:25:38+00:00","dateModified":"2024-11-18T19:11:02+00:00","breadcrumb":{"@id":"https:\/\/thummerer.hu\/en\/wines\/egri-kadarka-grand-superior-2015\/#breadcrumb"},"inLanguage":"en-US","potentialAction":[{"@type":"ReadAction","target":["https:\/\/thummerer.hu\/en\/wines\/egri-kadarka-grand-superior-2015\/"]}]},{"@type":"ImageObject","inLanguage":"en-US","@id":"https:\/\/thummerer.hu\/en\/wines\/egri-kadarka-grand-superior-2015\/#primaryimage","url":"https:\/\/thummerer.hu\/wp-content\/uploads\/2018\/04\/Egri-Kadarka-Grand-Superior-2015.jpg","contentUrl":"https:\/\/thummerer.hu\/wp-content\/uploads\/2018\/04\/Egri-Kadarka-Grand-Superior-2015.jpg","width":820,"height":1230},{"@type":"BreadcrumbList","@id":"https:\/\/thummerer.hu\/en\/wines\/egri-kadarka-grand-superior-2015\/#breadcrumb","itemListElement":[{"@type":"ListItem","position":1,"name":"Home","item":"https:\/\/thummerer.hu\/en\/"},{"@type":"ListItem","position":2,"name":"Egri Kadarka Grand Superior 2015"}]},{"@type":"WebSite","@id":"https:\/\/thummerer.hu\/#website","url":"https:\/\/thummerer.hu\/","name":"Thummerer","description":"Pinc\u00e9szet \u00e9s Sz\u0151l\u0151birtok","potentialAction":[{"@type":"SearchAction","target":{"@type":"EntryPoint","urlTemplate":"https:\/\/thummerer.hu\/?s={search_term_string}"},"query-input":{"@type":"PropertyValueSpecification","valueRequired":true,"valueName":"search_term_string"}}],"inLanguage":"en-US"}]}},"_links":{"self":[{"href":"https:\/\/thummerer.hu\/en\/wp-json\/wp\/v2\/product\/1452","targetHints":{"allow":["GET"]}}],"collection":[{"href":"https:\/\/thummerer.hu\/en\/wp-json\/wp\/v2\/product"}],"about":[{"href":"https:\/\/thummerer.hu\/en\/wp-json\/wp\/v2\/types\/product"}],"replies":[{"embeddable":true,"href":"https:\/\/thummerer.hu\/en\/wp-json\/wp\/v2\/comments?post=1452"}],"wp:featuredmedia":[{"embeddable":true,"href":"https:\/\/thummerer.hu\/en\/wp-json\/wp\/v2\/media\/14470"}],"wp:attachment":[{"href":"https:\/\/thummerer.hu\/en\/wp-json\/wp\/v2\/media?parent=1452"}],"wp:term":[{"taxonomy":"product_brand","embeddable":true,"href":"https:\/\/thummerer.hu\/en\/wp-json\/wp\/v2\/product_brand?post=1452"},{"taxonomy":"product_cat","embeddable":true,"href":"https:\/\/thummerer.hu\/en\/wp-json\/wp\/v2\/product_cat?post=1452"},{"taxonomy":"product_tag","embeddable":true,"href":"https:\/\/thummerer.hu\/en\/wp-json\/wp\/v2\/product_tag?post=1452"}],"curies":[{"name":"wp","href":"https:\/\/api.w.org\/{rel}","templated":true}]}}