{"id":15585,"date":"2025-01-23T11:44:45","date_gmt":"2025-01-23T11:44:45","guid":{"rendered":"https:\/\/shop.thummerer.hu\/?post_type=product&#038;p=15585"},"modified":"2026-04-01T10:24:50","modified_gmt":"2026-04-01T10:24:50","slug":"vili-papa-cuvee-superior-2021","status":"publish","type":"product","link":"https:\/\/thummerer.hu\/en\/wines\/vili-papa-cuvee-superior-2021\/","title":{"rendered":"Vili Papa Cuv\u00e9e Superior 2021"},"content":{"rendered":"","protected":false},"excerpt":{"rendered":"<p> <a href=\"https:\/\/thummerer.hu\/en\/wines\/vili-papa-cuvee-superior-2021\/\">Read more<\/a><\/p>\n","protected":false},"featured_media":15588,"comment_status":"open","ping_status":"closed","template":"","meta":{"_acf_changed":false},"product_brand":[],"product_cat":[98],"product_tag":[206,205,200],"class_list":{"0":"post-15585","1":"product","2":"type-product","3":"status-publish","4":"has-post-thumbnail","6":"product_cat-red","7":"product_tag-cabernet-franc-en","8":"product_tag-cabernet-sauvignon-en","9":"product_tag-merlot-en","10":"pa_acid-5-g-l-en","11":"pa_alcohol-15-en","12":"pa_fajtaosszetetel-cabernet-franc-merlot-cabernet-sauvignon-en","13":"pa_ft-414","14":"pa_specified-region-eger-winer-region","15":"pa_volume-075-l-en","16":"pa_wine-type-red","18":"first","19":"instock","20":"shipping-taxable","21":"purchasable","22":"product-type-simple"},"acf":[],"yoast_head":"<!-- This site is optimized with the Yoast SEO plugin v27.1.1 - https:\/\/yoast.com\/product\/yoast-seo-wordpress\/ -->\n<title>Vili Papa Cuv\u00e9e Superior 2021 - Thummerer<\/title>\n<meta name=\"robots\" content=\"index, follow, max-snippet:-1, max-image-preview:large, max-video-preview:-1\" \/>\n<link rel=\"canonical\" href=\"https:\/\/thummerer.hu\/en\/boraink\/vili-papa-cuvee-superior-2021\/\" \/>\n<meta property=\"og:locale\" content=\"en_US\" \/>\n<meta property=\"og:type\" content=\"article\" \/>\n<meta property=\"og:title\" content=\"Vili Papa Cuv\u00e9e Superior 2021 - Thummerer\" \/>\n<meta property=\"og:description\" content=\"Read more\" \/>\n<meta property=\"og:url\" content=\"https:\/\/thummerer.hu\/en\/boraink\/vili-papa-cuvee-superior-2021\/\" \/>\n<meta property=\"og:site_name\" content=\"Thummerer\" \/>\n<meta property=\"article:modified_time\" content=\"2026-04-01T10:24:50+00:00\" \/>\n<meta property=\"og:image\" content=\"https:\/\/thummerer.hu\/wp-content\/uploads\/2025\/01\/vilipapa-2021.png\" \/>\n\t<meta property=\"og:image:width\" content=\"652\" \/>\n\t<meta property=\"og:image:height\" content=\"977\" \/>\n\t<meta property=\"og:image:type\" content=\"image\/png\" \/>\n<meta name=\"twitter:card\" content=\"summary_large_image\" \/>\n<meta name=\"twitter:label1\" content=\"Est. reading time\" \/>\n\t<meta name=\"twitter:data1\" content=\"1 minute\" \/>\n<script type=\"application\/ld+json\" class=\"yoast-schema-graph\">{\"@context\":\"https:\/\/schema.org\",\"@graph\":[{\"@type\":\"WebPage\",\"@id\":\"https:\/\/thummerer.hu\/en\/boraink\/vili-papa-cuvee-superior-2021\/\",\"url\":\"https:\/\/thummerer.hu\/en\/boraink\/vili-papa-cuvee-superior-2021\/\",\"name\":\"Vili Papa Cuv\u00e9e Superior 2021 - Thummerer\",\"isPartOf\":{\"@id\":\"https:\/\/thummerer.hu\/#website\"},\"primaryImageOfPage\":{\"@id\":\"https:\/\/thummerer.hu\/en\/boraink\/vili-papa-cuvee-superior-2021\/#primaryimage\"},\"image\":{\"@id\":\"https:\/\/thummerer.hu\/en\/boraink\/vili-papa-cuvee-superior-2021\/#primaryimage\"},\"thumbnailUrl\":\"https:\/\/thummerer.hu\/wp-content\/uploads\/2025\/01\/vilipapa-2021.png\",\"datePublished\":\"2025-01-23T11:44:45+00:00\",\"dateModified\":\"2026-04-01T10:24:50+00:00\",\"breadcrumb\":{\"@id\":\"https:\/\/thummerer.hu\/en\/boraink\/vili-papa-cuvee-superior-2021\/#breadcrumb\"},\"inLanguage\":\"en-US\",\"potentialAction\":[{\"@type\":\"ReadAction\",\"target\":[\"https:\/\/thummerer.hu\/en\/boraink\/vili-papa-cuvee-superior-2021\/\"]}]},{\"@type\":\"ImageObject\",\"inLanguage\":\"en-US\",\"@id\":\"https:\/\/thummerer.hu\/en\/boraink\/vili-papa-cuvee-superior-2021\/#primaryimage\",\"url\":\"https:\/\/thummerer.hu\/wp-content\/uploads\/2025\/01\/vilipapa-2021.png\",\"contentUrl\":\"https:\/\/thummerer.hu\/wp-content\/uploads\/2025\/01\/vilipapa-2021.png\",\"width\":652,\"height\":977},{\"@type\":\"BreadcrumbList\",\"@id\":\"https:\/\/thummerer.hu\/en\/boraink\/vili-papa-cuvee-superior-2021\/#breadcrumb\",\"itemListElement\":[{\"@type\":\"ListItem\",\"position\":1,\"name\":\"Home\",\"item\":\"https:\/\/thummerer.hu\/en\/\"},{\"@type\":\"ListItem\",\"position\":2,\"name\":\"Vili Papa Cuv\u00e9e Superior 2021\"}]},{\"@type\":\"WebSite\",\"@id\":\"https:\/\/thummerer.hu\/#website\",\"url\":\"https:\/\/thummerer.hu\/\",\"name\":\"Thummerer\",\"description\":\"Pinc\u00e9szet \u00e9s Sz\u0151l\u0151birtok\",\"potentialAction\":[{\"@type\":\"SearchAction\",\"target\":{\"@type\":\"EntryPoint\",\"urlTemplate\":\"https:\/\/thummerer.hu\/?s={search_term_string}\"},\"query-input\":{\"@type\":\"PropertyValueSpecification\",\"valueRequired\":true,\"valueName\":\"search_term_string\"}}],\"inLanguage\":\"en-US\"}]}<\/script>\n<!-- \/ Yoast SEO plugin. -->","yoast_head_json":{"title":"Vili Papa Cuv\u00e9e Superior 2021 - Thummerer","robots":{"index":"index","follow":"follow","max-snippet":"max-snippet:-1","max-image-preview":"max-image-preview:large","max-video-preview":"max-video-preview:-1"},"canonical":"https:\/\/thummerer.hu\/en\/boraink\/vili-papa-cuvee-superior-2021\/","og_locale":"en_US","og_type":"article","og_title":"Vili Papa Cuv\u00e9e Superior 2021 - Thummerer","og_description":"Read more","og_url":"https:\/\/thummerer.hu\/en\/boraink\/vili-papa-cuvee-superior-2021\/","og_site_name":"Thummerer","article_modified_time":"2026-04-01T10:24:50+00:00","og_image":[{"width":652,"height":977,"url":"https:\/\/thummerer.hu\/wp-content\/uploads\/2025\/01\/vilipapa-2021.png","type":"image\/png"}],"twitter_card":"summary_large_image","twitter_misc":{"Est. reading time":"1 minute"},"schema":{"@context":"https:\/\/schema.org","@graph":[{"@type":"WebPage","@id":"https:\/\/thummerer.hu\/en\/boraink\/vili-papa-cuvee-superior-2021\/","url":"https:\/\/thummerer.hu\/en\/boraink\/vili-papa-cuvee-superior-2021\/","name":"Vili Papa Cuv\u00e9e Superior 2021 - Thummerer","isPartOf":{"@id":"https:\/\/thummerer.hu\/#website"},"primaryImageOfPage":{"@id":"https:\/\/thummerer.hu\/en\/boraink\/vili-papa-cuvee-superior-2021\/#primaryimage"},"image":{"@id":"https:\/\/thummerer.hu\/en\/boraink\/vili-papa-cuvee-superior-2021\/#primaryimage"},"thumbnailUrl":"https:\/\/thummerer.hu\/wp-content\/uploads\/2025\/01\/vilipapa-2021.png","datePublished":"2025-01-23T11:44:45+00:00","dateModified":"2026-04-01T10:24:50+00:00","breadcrumb":{"@id":"https:\/\/thummerer.hu\/en\/boraink\/vili-papa-cuvee-superior-2021\/#breadcrumb"},"inLanguage":"en-US","potentialAction":[{"@type":"ReadAction","target":["https:\/\/thummerer.hu\/en\/boraink\/vili-papa-cuvee-superior-2021\/"]}]},{"@type":"ImageObject","inLanguage":"en-US","@id":"https:\/\/thummerer.hu\/en\/boraink\/vili-papa-cuvee-superior-2021\/#primaryimage","url":"https:\/\/thummerer.hu\/wp-content\/uploads\/2025\/01\/vilipapa-2021.png","contentUrl":"https:\/\/thummerer.hu\/wp-content\/uploads\/2025\/01\/vilipapa-2021.png","width":652,"height":977},{"@type":"BreadcrumbList","@id":"https:\/\/thummerer.hu\/en\/boraink\/vili-papa-cuvee-superior-2021\/#breadcrumb","itemListElement":[{"@type":"ListItem","position":1,"name":"Home","item":"https:\/\/thummerer.hu\/en\/"},{"@type":"ListItem","position":2,"name":"Vili Papa Cuv\u00e9e Superior 2021"}]},{"@type":"WebSite","@id":"https:\/\/thummerer.hu\/#website","url":"https:\/\/thummerer.hu\/","name":"Thummerer","description":"Pinc\u00e9szet \u00e9s Sz\u0151l\u0151birtok","potentialAction":[{"@type":"SearchAction","target":{"@type":"EntryPoint","urlTemplate":"https:\/\/thummerer.hu\/?s={search_term_string}"},"query-input":{"@type":"PropertyValueSpecification","valueRequired":true,"valueName":"search_term_string"}}],"inLanguage":"en-US"}]}},"_links":{"self":[{"href":"https:\/\/thummerer.hu\/en\/wp-json\/wp\/v2\/product\/15585","targetHints":{"allow":["GET"]}}],"collection":[{"href":"https:\/\/thummerer.hu\/en\/wp-json\/wp\/v2\/product"}],"about":[{"href":"https:\/\/thummerer.hu\/en\/wp-json\/wp\/v2\/types\/product"}],"replies":[{"embeddable":true,"href":"https:\/\/thummerer.hu\/en\/wp-json\/wp\/v2\/comments?post=15585"}],"wp:featuredmedia":[{"embeddable":true,"href":"https:\/\/thummerer.hu\/en\/wp-json\/wp\/v2\/media\/15588"}],"wp:attachment":[{"href":"https:\/\/thummerer.hu\/en\/wp-json\/wp\/v2\/media?parent=15585"}],"wp:term":[{"taxonomy":"product_brand","embeddable":true,"href":"https:\/\/thummerer.hu\/en\/wp-json\/wp\/v2\/product_brand?post=15585"},{"taxonomy":"product_cat","embeddable":true,"href":"https:\/\/thummerer.hu\/en\/wp-json\/wp\/v2\/product_cat?post=15585"},{"taxonomy":"product_tag","embeddable":true,"href":"https:\/\/thummerer.hu\/en\/wp-json\/wp\/v2\/product_tag?post=15585"}],"curies":[{"name":"wp","href":"https:\/\/api.w.org\/{rel}","templated":true}]}}