{"id":4359,"date":"2021-04-19T10:25:40","date_gmt":"2021-04-19T10:25:40","guid":{"rendered":"http:\/\/thummerer.davidnagy.hu\/boraink\/2-es-boros-fadoboz-ablakos\/"},"modified":"2025-10-06T10:27:02","modified_gmt":"2025-10-06T10:27:02","slug":"2-packed-wine-box","status":"publish","type":"product","link":"https:\/\/thummerer.hu\/en\/wines\/2-packed-wine-box\/","title":{"rendered":"2 packed wine box"},"content":{"rendered":"","protected":false},"excerpt":{"rendered":"<p>Eger winereligion has two item, which known worldwide: Bikav\u00e9r and it\u2019s white pair, Egri Csillag. Every year thousands of turist come to our city, as a holiday destination, so it wasn\u2019t a question for us to provide them the Eger\u2019s most famous products in a not just portable save, but unique and elegant package. While Bikav\u00e9r is a bodied, dry red wine with nice tannins and historical background, Egri Csillag is an absolute greenhorn next to it, with it\u2019s 10 years experience in the market. In taste and look they are perfect contrast of each other, because the latter one is more light and fruity, with a hint of freshness in it \u2013 basically the typical reductive. In this double package format everyone could taste and find out what the hype is about. Perfect gift for others or yourself after the holiday, or could bring back great memories about trips \u2013 but one thing is stable: the quality.<\/p>\n<p>Egri Csillag Classicus 2024, Egri Bikav\u00e9r Classicus 2022 \/ pack<\/p>\n<p>Only in our webshop!<\/p>\n","protected":false},"featured_media":12491,"comment_status":"open","ping_status":"closed","template":"","meta":{"_acf_changed":false},"product_brand":[],"product_cat":[262],"product_tag":[],"class_list":{"0":"post-4359","1":"product","2":"type-product","3":"status-publish","4":"has-post-thumbnail","6":"product_cat-borcsomag-en","7":"pa_hova-ajanljuk-ajandekba-en","9":"first","10":"instock","11":"shipping-taxable","12":"purchasable","13":"product-type-simple"},"acf":[],"yoast_head":"<!-- This site is optimized with the Yoast SEO plugin v27.5 - https:\/\/yoast.com\/product\/yoast-seo-wordpress\/ -->\n<title>2 packed wine box - Thummerer<\/title>\n<meta name=\"robots\" content=\"index, follow, max-snippet:-1, max-image-preview:large, max-video-preview:-1\" \/>\n<link rel=\"canonical\" href=\"https:\/\/thummerer.hu\/en\/wines\/2-packed-wine-box\/\" \/>\n<meta property=\"og:locale\" content=\"en_US\" \/>\n<meta property=\"og:type\" content=\"article\" \/>\n<meta property=\"og:title\" content=\"2 packed wine box - Thummerer\" \/>\n<meta property=\"og:description\" content=\"Eger winereligion has two item, which known worldwide: Bikav\u00e9r and it\u2019s white pair, Egri Csillag. Every year thousands of turist come to our city, as a holiday destination, so it wasn\u2019t a question for us to provide them the Eger\u2019s most famous products in a not just portable save, but unique and elegant package. While Bikav\u00e9r is a bodied, dry red wine with nice tannins and historical background, Egri Csillag is an absolute greenhorn next to it, with it\u2019s 10 years experience in the market. In taste and look they are perfect contrast of each other, because the latter one is more light and fruity, with a hint of freshness in it \u2013 basically the typical reductive. In this double package format everyone could taste and find out what the hype is about. Perfect gift for others or yourself after the holiday, or could bring back great memories about trips \u2013 but one thing is stable: the quality.  Egri Csillag Classicus 2024, Egri Bikav\u00e9r Classicus 2022 \/ pack  Only in our webshop!\" \/>\n<meta property=\"og:url\" content=\"https:\/\/thummerer.hu\/en\/wines\/2-packed-wine-box\/\" \/>\n<meta property=\"og:site_name\" content=\"Thummerer\" \/>\n<meta property=\"article:modified_time\" content=\"2025-10-06T10:27:02+00:00\" \/>\n<meta property=\"og:image\" content=\"https:\/\/thummerer.hu\/wp-content\/uploads\/2021\/04\/220331-DF-Thummerer-Csillag-Bikaver-csomag-2.jpg\" \/>\n\t<meta property=\"og:image:width\" content=\"820\" \/>\n\t<meta property=\"og:image:height\" content=\"1230\" \/>\n\t<meta property=\"og:image:type\" content=\"image\/jpeg\" \/>\n<meta name=\"twitter:card\" content=\"summary_large_image\" \/>\n<meta name=\"twitter:label1\" content=\"Est. reading time\" \/>\n\t<meta name=\"twitter:data1\" content=\"1 minute\" \/>\n<script type=\"application\/ld+json\" class=\"yoast-schema-graph\">{\"@context\":\"https:\\\/\\\/schema.org\",\"@graph\":[{\"@type\":\"WebPage\",\"@id\":\"https:\\\/\\\/thummerer.hu\\\/en\\\/wines\\\/2-packed-wine-box\\\/\",\"url\":\"https:\\\/\\\/thummerer.hu\\\/en\\\/wines\\\/2-packed-wine-box\\\/\",\"name\":\"2 packed wine box - Thummerer\",\"isPartOf\":{\"@id\":\"https:\\\/\\\/thummerer.hu\\\/#website\"},\"primaryImageOfPage\":{\"@id\":\"https:\\\/\\\/thummerer.hu\\\/en\\\/wines\\\/2-packed-wine-box\\\/#primaryimage\"},\"image\":{\"@id\":\"https:\\\/\\\/thummerer.hu\\\/en\\\/wines\\\/2-packed-wine-box\\\/#primaryimage\"},\"thumbnailUrl\":\"https:\\\/\\\/thummerer.hu\\\/wp-content\\\/uploads\\\/2021\\\/04\\\/220331-DF-Thummerer-Csillag-Bikaver-csomag-2.jpg\",\"datePublished\":\"2021-04-19T10:25:40+00:00\",\"dateModified\":\"2025-10-06T10:27:02+00:00\",\"breadcrumb\":{\"@id\":\"https:\\\/\\\/thummerer.hu\\\/en\\\/wines\\\/2-packed-wine-box\\\/#breadcrumb\"},\"inLanguage\":\"en-US\",\"potentialAction\":[{\"@type\":\"ReadAction\",\"target\":[\"https:\\\/\\\/thummerer.hu\\\/en\\\/wines\\\/2-packed-wine-box\\\/\"]}]},{\"@type\":\"ImageObject\",\"inLanguage\":\"en-US\",\"@id\":\"https:\\\/\\\/thummerer.hu\\\/en\\\/wines\\\/2-packed-wine-box\\\/#primaryimage\",\"url\":\"https:\\\/\\\/thummerer.hu\\\/wp-content\\\/uploads\\\/2021\\\/04\\\/220331-DF-Thummerer-Csillag-Bikaver-csomag-2.jpg\",\"contentUrl\":\"https:\\\/\\\/thummerer.hu\\\/wp-content\\\/uploads\\\/2021\\\/04\\\/220331-DF-Thummerer-Csillag-Bikaver-csomag-2.jpg\",\"width\":820,\"height\":1230},{\"@type\":\"BreadcrumbList\",\"@id\":\"https:\\\/\\\/thummerer.hu\\\/en\\\/wines\\\/2-packed-wine-box\\\/#breadcrumb\",\"itemListElement\":[{\"@type\":\"ListItem\",\"position\":1,\"name\":\"Home\",\"item\":\"https:\\\/\\\/thummerer.hu\\\/en\\\/\"},{\"@type\":\"ListItem\",\"position\":2,\"name\":\"2 packed wine box\"}]},{\"@type\":\"WebSite\",\"@id\":\"https:\\\/\\\/thummerer.hu\\\/#website\",\"url\":\"https:\\\/\\\/thummerer.hu\\\/\",\"name\":\"Thummerer\",\"description\":\"Pinc\u00e9szet \u00e9s Sz\u0151l\u0151birtok\",\"potentialAction\":[{\"@type\":\"SearchAction\",\"target\":{\"@type\":\"EntryPoint\",\"urlTemplate\":\"https:\\\/\\\/thummerer.hu\\\/?s={search_term_string}\"},\"query-input\":{\"@type\":\"PropertyValueSpecification\",\"valueRequired\":true,\"valueName\":\"search_term_string\"}}],\"inLanguage\":\"en-US\"}]}<\/script>\n<!-- \/ Yoast SEO plugin. -->","yoast_head_json":{"title":"2 packed wine box - Thummerer","robots":{"index":"index","follow":"follow","max-snippet":"max-snippet:-1","max-image-preview":"max-image-preview:large","max-video-preview":"max-video-preview:-1"},"canonical":"https:\/\/thummerer.hu\/en\/wines\/2-packed-wine-box\/","og_locale":"en_US","og_type":"article","og_title":"2 packed wine box - Thummerer","og_description":"Eger winereligion has two item, which known worldwide: Bikav\u00e9r and it\u2019s white pair, Egri Csillag. Every year thousands of turist come to our city, as a holiday destination, so it wasn\u2019t a question for us to provide them the Eger\u2019s most famous products in a not just portable save, but unique and elegant package. While Bikav\u00e9r is a bodied, dry red wine with nice tannins and historical background, Egri Csillag is an absolute greenhorn next to it, with it\u2019s 10 years experience in the market. In taste and look they are perfect contrast of each other, because the latter one is more light and fruity, with a hint of freshness in it \u2013 basically the typical reductive. In this double package format everyone could taste and find out what the hype is about. Perfect gift for others or yourself after the holiday, or could bring back great memories about trips \u2013 but one thing is stable: the quality.  Egri Csillag Classicus 2024, Egri Bikav\u00e9r Classicus 2022 \/ pack  Only in our webshop!","og_url":"https:\/\/thummerer.hu\/en\/wines\/2-packed-wine-box\/","og_site_name":"Thummerer","article_modified_time":"2025-10-06T10:27:02+00:00","og_image":[{"width":820,"height":1230,"url":"https:\/\/thummerer.hu\/wp-content\/uploads\/2021\/04\/220331-DF-Thummerer-Csillag-Bikaver-csomag-2.jpg","type":"image\/jpeg"}],"twitter_card":"summary_large_image","twitter_misc":{"Est. reading time":"1 minute"},"schema":{"@context":"https:\/\/schema.org","@graph":[{"@type":"WebPage","@id":"https:\/\/thummerer.hu\/en\/wines\/2-packed-wine-box\/","url":"https:\/\/thummerer.hu\/en\/wines\/2-packed-wine-box\/","name":"2 packed wine box - Thummerer","isPartOf":{"@id":"https:\/\/thummerer.hu\/#website"},"primaryImageOfPage":{"@id":"https:\/\/thummerer.hu\/en\/wines\/2-packed-wine-box\/#primaryimage"},"image":{"@id":"https:\/\/thummerer.hu\/en\/wines\/2-packed-wine-box\/#primaryimage"},"thumbnailUrl":"https:\/\/thummerer.hu\/wp-content\/uploads\/2021\/04\/220331-DF-Thummerer-Csillag-Bikaver-csomag-2.jpg","datePublished":"2021-04-19T10:25:40+00:00","dateModified":"2025-10-06T10:27:02+00:00","breadcrumb":{"@id":"https:\/\/thummerer.hu\/en\/wines\/2-packed-wine-box\/#breadcrumb"},"inLanguage":"en-US","potentialAction":[{"@type":"ReadAction","target":["https:\/\/thummerer.hu\/en\/wines\/2-packed-wine-box\/"]}]},{"@type":"ImageObject","inLanguage":"en-US","@id":"https:\/\/thummerer.hu\/en\/wines\/2-packed-wine-box\/#primaryimage","url":"https:\/\/thummerer.hu\/wp-content\/uploads\/2021\/04\/220331-DF-Thummerer-Csillag-Bikaver-csomag-2.jpg","contentUrl":"https:\/\/thummerer.hu\/wp-content\/uploads\/2021\/04\/220331-DF-Thummerer-Csillag-Bikaver-csomag-2.jpg","width":820,"height":1230},{"@type":"BreadcrumbList","@id":"https:\/\/thummerer.hu\/en\/wines\/2-packed-wine-box\/#breadcrumb","itemListElement":[{"@type":"ListItem","position":1,"name":"Home","item":"https:\/\/thummerer.hu\/en\/"},{"@type":"ListItem","position":2,"name":"2 packed wine box"}]},{"@type":"WebSite","@id":"https:\/\/thummerer.hu\/#website","url":"https:\/\/thummerer.hu\/","name":"Thummerer","description":"Pinc\u00e9szet \u00e9s Sz\u0151l\u0151birtok","potentialAction":[{"@type":"SearchAction","target":{"@type":"EntryPoint","urlTemplate":"https:\/\/thummerer.hu\/?s={search_term_string}"},"query-input":{"@type":"PropertyValueSpecification","valueRequired":true,"valueName":"search_term_string"}}],"inLanguage":"en-US"}]}},"_links":{"self":[{"href":"https:\/\/thummerer.hu\/en\/wp-json\/wp\/v2\/product\/4359","targetHints":{"allow":["GET"]}}],"collection":[{"href":"https:\/\/thummerer.hu\/en\/wp-json\/wp\/v2\/product"}],"about":[{"href":"https:\/\/thummerer.hu\/en\/wp-json\/wp\/v2\/types\/product"}],"replies":[{"embeddable":true,"href":"https:\/\/thummerer.hu\/en\/wp-json\/wp\/v2\/comments?post=4359"}],"wp:featuredmedia":[{"embeddable":true,"href":"https:\/\/thummerer.hu\/en\/wp-json\/wp\/v2\/media\/12491"}],"wp:attachment":[{"href":"https:\/\/thummerer.hu\/en\/wp-json\/wp\/v2\/media?parent=4359"}],"wp:term":[{"taxonomy":"product_brand","embeddable":true,"href":"https:\/\/thummerer.hu\/en\/wp-json\/wp\/v2\/product_brand?post=4359"},{"taxonomy":"product_cat","embeddable":true,"href":"https:\/\/thummerer.hu\/en\/wp-json\/wp\/v2\/product_cat?post=4359"},{"taxonomy":"product_tag","embeddable":true,"href":"https:\/\/thummerer.hu\/en\/wp-json\/wp\/v2\/product_tag?post=4359"}],"curies":[{"name":"wp","href":"https:\/\/api.w.org\/{rel}","templated":true}]}}