{"id":4367,"date":"2021-04-19T10:28:57","date_gmt":"2021-04-19T10:28:57","guid":{"rendered":"http:\/\/thummerer.davidnagy.hu\/boraink\/2-es-pezsgos-fadoboz-ablakos\/"},"modified":"2023-11-08T11:11:41","modified_gmt":"2023-11-08T11:11:41","slug":"2-packed-champagne-box","status":"publish","type":"product","link":"https:\/\/thummerer.hu\/en\/wines\/2-packed-champagne-box\/","title":{"rendered":"2 packed champagne box"},"content":{"rendered":"","protected":false},"excerpt":{"rendered":"<p>For the knowledge and device, to could produce champagne we went to France, because we belive that you could only be the best when you learn from the best. We wanted to provide the highest quality possible from our grapes, and after the process give them the perfect package. This double packed, wooden box is suitable for every occasion, anniversary or as a gift for your loved one, or yourself. Celebrate every moment!<\/p>\n<div>Package contents:<\/div>\n<div>1 bottle Blanc Brut Nature 2017<\/div>\n<div>1 bottle Ros\u00e9 Brut Nature 2017<\/div>\n<div><\/div>\n<div>Only in our webshop!<\/div>\n","protected":false},"featured_media":14569,"comment_status":"open","ping_status":"closed","template":"","meta":{"_acf_changed":false},"product_brand":[],"product_cat":[262],"product_tag":[],"class_list":{"0":"post-4367","1":"product","2":"type-product","3":"status-publish","4":"has-post-thumbnail","6":"product_cat-borcsomag-en","7":"pa_hova-ajanljuk-ajandekba-en","9":"first","10":"instock","11":"shipping-taxable","12":"purchasable","13":"product-type-simple"},"acf":[],"yoast_head":"<!-- This site is optimized with the Yoast SEO plugin v27.1.1 - https:\/\/yoast.com\/product\/yoast-seo-wordpress\/ -->\n<title>2 packed champagne box - Thummerer<\/title>\n<meta name=\"robots\" content=\"index, follow, max-snippet:-1, max-image-preview:large, max-video-preview:-1\" \/>\n<link rel=\"canonical\" href=\"https:\/\/thummerer.hu\/en\/boraink\/2-packed-champagne-box\/\" \/>\n<meta property=\"og:locale\" content=\"en_US\" \/>\n<meta property=\"og:type\" content=\"article\" \/>\n<meta property=\"og:title\" content=\"2 packed champagne box - Thummerer\" \/>\n<meta property=\"og:description\" content=\"For the knowledge and device, to could produce champagne we went to France, because we belive that you could only be the best when you learn from the best. We wanted to provide the highest quality possible from our grapes, and after the process give them the perfect package. This double packed, wooden box is suitable for every occasion, anniversary or as a gift for your loved one, or yourself. Celebrate every moment! Package contents: 1 bottle Blanc Brut Nature 2017 1 bottle Ros\u00e9 Brut Nature 2017  Only in our webshop!\" \/>\n<meta property=\"og:url\" content=\"https:\/\/thummerer.hu\/en\/boraink\/2-packed-champagne-box\/\" \/>\n<meta property=\"og:site_name\" content=\"Thummerer\" \/>\n<meta property=\"article:modified_time\" content=\"2023-11-08T11:11:41+00:00\" \/>\n<meta property=\"og:image\" content=\"https:\/\/thummerer.hu\/wp-content\/uploads\/2021\/04\/210121-DF-Thummerer-Pezsgo-csomag.jpg\" \/>\n\t<meta property=\"og:image:width\" content=\"820\" \/>\n\t<meta property=\"og:image:height\" content=\"1230\" \/>\n\t<meta property=\"og:image:type\" content=\"image\/jpeg\" \/>\n<meta name=\"twitter:card\" content=\"summary_large_image\" \/>\n<script type=\"application\/ld+json\" class=\"yoast-schema-graph\">{\"@context\":\"https:\/\/schema.org\",\"@graph\":[{\"@type\":\"WebPage\",\"@id\":\"https:\/\/thummerer.hu\/en\/boraink\/2-packed-champagne-box\/\",\"url\":\"https:\/\/thummerer.hu\/en\/boraink\/2-packed-champagne-box\/\",\"name\":\"2 packed champagne box - Thummerer\",\"isPartOf\":{\"@id\":\"https:\/\/thummerer.hu\/#website\"},\"primaryImageOfPage\":{\"@id\":\"https:\/\/thummerer.hu\/en\/boraink\/2-packed-champagne-box\/#primaryimage\"},\"image\":{\"@id\":\"https:\/\/thummerer.hu\/en\/boraink\/2-packed-champagne-box\/#primaryimage\"},\"thumbnailUrl\":\"https:\/\/thummerer.hu\/wp-content\/uploads\/2021\/04\/Pezsgocsomag-Faladaban.jpg\",\"datePublished\":\"2021-04-19T10:28:57+00:00\",\"dateModified\":\"2023-11-08T11:11:41+00:00\",\"breadcrumb\":{\"@id\":\"https:\/\/thummerer.hu\/en\/boraink\/2-packed-champagne-box\/#breadcrumb\"},\"inLanguage\":\"en-US\",\"potentialAction\":[{\"@type\":\"ReadAction\",\"target\":[\"https:\/\/thummerer.hu\/en\/boraink\/2-packed-champagne-box\/\"]}]},{\"@type\":\"ImageObject\",\"inLanguage\":\"en-US\",\"@id\":\"https:\/\/thummerer.hu\/en\/boraink\/2-packed-champagne-box\/#primaryimage\",\"url\":\"https:\/\/thummerer.hu\/wp-content\/uploads\/2021\/04\/Pezsgocsomag-Faladaban.jpg\",\"contentUrl\":\"https:\/\/thummerer.hu\/wp-content\/uploads\/2021\/04\/Pezsgocsomag-Faladaban.jpg\",\"width\":820,\"height\":1230},{\"@type\":\"BreadcrumbList\",\"@id\":\"https:\/\/thummerer.hu\/en\/boraink\/2-packed-champagne-box\/#breadcrumb\",\"itemListElement\":[{\"@type\":\"ListItem\",\"position\":1,\"name\":\"Home\",\"item\":\"https:\/\/thummerer.hu\/en\/\"},{\"@type\":\"ListItem\",\"position\":2,\"name\":\"2 packed champagne box\"}]},{\"@type\":\"WebSite\",\"@id\":\"https:\/\/thummerer.hu\/#website\",\"url\":\"https:\/\/thummerer.hu\/\",\"name\":\"Thummerer\",\"description\":\"Pinc\u00e9szet \u00e9s Sz\u0151l\u0151birtok\",\"potentialAction\":[{\"@type\":\"SearchAction\",\"target\":{\"@type\":\"EntryPoint\",\"urlTemplate\":\"https:\/\/thummerer.hu\/?s={search_term_string}\"},\"query-input\":{\"@type\":\"PropertyValueSpecification\",\"valueRequired\":true,\"valueName\":\"search_term_string\"}}],\"inLanguage\":\"en-US\"}]}<\/script>\n<!-- \/ Yoast SEO plugin. -->","yoast_head_json":{"title":"2 packed champagne box - Thummerer","robots":{"index":"index","follow":"follow","max-snippet":"max-snippet:-1","max-image-preview":"max-image-preview:large","max-video-preview":"max-video-preview:-1"},"canonical":"https:\/\/thummerer.hu\/en\/boraink\/2-packed-champagne-box\/","og_locale":"en_US","og_type":"article","og_title":"2 packed champagne box - Thummerer","og_description":"For the knowledge and device, to could produce champagne we went to France, because we belive that you could only be the best when you learn from the best. We wanted to provide the highest quality possible from our grapes, and after the process give them the perfect package. This double packed, wooden box is suitable for every occasion, anniversary or as a gift for your loved one, or yourself. Celebrate every moment! Package contents: 1 bottle Blanc Brut Nature 2017 1 bottle Ros\u00e9 Brut Nature 2017  Only in our webshop!","og_url":"https:\/\/thummerer.hu\/en\/boraink\/2-packed-champagne-box\/","og_site_name":"Thummerer","article_modified_time":"2023-11-08T11:11:41+00:00","og_image":[{"width":820,"height":1230,"url":"https:\/\/thummerer.hu\/wp-content\/uploads\/2021\/04\/210121-DF-Thummerer-Pezsgo-csomag.jpg","type":"image\/jpeg"}],"twitter_card":"summary_large_image","schema":{"@context":"https:\/\/schema.org","@graph":[{"@type":"WebPage","@id":"https:\/\/thummerer.hu\/en\/boraink\/2-packed-champagne-box\/","url":"https:\/\/thummerer.hu\/en\/boraink\/2-packed-champagne-box\/","name":"2 packed champagne box - Thummerer","isPartOf":{"@id":"https:\/\/thummerer.hu\/#website"},"primaryImageOfPage":{"@id":"https:\/\/thummerer.hu\/en\/boraink\/2-packed-champagne-box\/#primaryimage"},"image":{"@id":"https:\/\/thummerer.hu\/en\/boraink\/2-packed-champagne-box\/#primaryimage"},"thumbnailUrl":"https:\/\/thummerer.hu\/wp-content\/uploads\/2021\/04\/Pezsgocsomag-Faladaban.jpg","datePublished":"2021-04-19T10:28:57+00:00","dateModified":"2023-11-08T11:11:41+00:00","breadcrumb":{"@id":"https:\/\/thummerer.hu\/en\/boraink\/2-packed-champagne-box\/#breadcrumb"},"inLanguage":"en-US","potentialAction":[{"@type":"ReadAction","target":["https:\/\/thummerer.hu\/en\/boraink\/2-packed-champagne-box\/"]}]},{"@type":"ImageObject","inLanguage":"en-US","@id":"https:\/\/thummerer.hu\/en\/boraink\/2-packed-champagne-box\/#primaryimage","url":"https:\/\/thummerer.hu\/wp-content\/uploads\/2021\/04\/Pezsgocsomag-Faladaban.jpg","contentUrl":"https:\/\/thummerer.hu\/wp-content\/uploads\/2021\/04\/Pezsgocsomag-Faladaban.jpg","width":820,"height":1230},{"@type":"BreadcrumbList","@id":"https:\/\/thummerer.hu\/en\/boraink\/2-packed-champagne-box\/#breadcrumb","itemListElement":[{"@type":"ListItem","position":1,"name":"Home","item":"https:\/\/thummerer.hu\/en\/"},{"@type":"ListItem","position":2,"name":"2 packed champagne box"}]},{"@type":"WebSite","@id":"https:\/\/thummerer.hu\/#website","url":"https:\/\/thummerer.hu\/","name":"Thummerer","description":"Pinc\u00e9szet \u00e9s Sz\u0151l\u0151birtok","potentialAction":[{"@type":"SearchAction","target":{"@type":"EntryPoint","urlTemplate":"https:\/\/thummerer.hu\/?s={search_term_string}"},"query-input":{"@type":"PropertyValueSpecification","valueRequired":true,"valueName":"search_term_string"}}],"inLanguage":"en-US"}]}},"_links":{"self":[{"href":"https:\/\/thummerer.hu\/en\/wp-json\/wp\/v2\/product\/4367","targetHints":{"allow":["GET"]}}],"collection":[{"href":"https:\/\/thummerer.hu\/en\/wp-json\/wp\/v2\/product"}],"about":[{"href":"https:\/\/thummerer.hu\/en\/wp-json\/wp\/v2\/types\/product"}],"replies":[{"embeddable":true,"href":"https:\/\/thummerer.hu\/en\/wp-json\/wp\/v2\/comments?post=4367"}],"wp:featuredmedia":[{"embeddable":true,"href":"https:\/\/thummerer.hu\/en\/wp-json\/wp\/v2\/media\/14569"}],"wp:attachment":[{"href":"https:\/\/thummerer.hu\/en\/wp-json\/wp\/v2\/media?parent=4367"}],"wp:term":[{"taxonomy":"product_brand","embeddable":true,"href":"https:\/\/thummerer.hu\/en\/wp-json\/wp\/v2\/product_brand?post=4367"},{"taxonomy":"product_cat","embeddable":true,"href":"https:\/\/thummerer.hu\/en\/wp-json\/wp\/v2\/product_cat?post=4367"},{"taxonomy":"product_tag","embeddable":true,"href":"https:\/\/thummerer.hu\/en\/wp-json\/wp\/v2\/product_tag?post=4367"}],"curies":[{"name":"wp","href":"https:\/\/api.w.org\/{rel}","templated":true}]}}