{"id":4375,"date":"2021-04-19T10:38:39","date_gmt":"2021-04-19T10:38:39","guid":{"rendered":"http:\/\/thummerer.davidnagy.hu\/boraink\/tramini\/"},"modified":"2025-08-26T12:01:52","modified_gmt":"2025-08-26T12:01:52","slug":"tramini-2018","status":"publish","type":"product","link":"https:\/\/thummerer.hu\/en\/wines\/tramini-2018\/","title":{"rendered":"Egri Tramini 2018"},"content":{"rendered":"","protected":false},"excerpt":{"rendered":"<p>Our Tramini from 2018 is one of the most exciting wine from our Winery. This wine has a unique feature \u2013 it has unusually high sugar content (51,8g\/l), which comes from late harvest. This reductive wine is great for those, who\u2019s just started to meet and drink white wines. The Cs\u00f3k\u00e1s vineyard has the ability, to bring the aromas and the uniqueness from this type of grape. You can find a natural sweetness in perfect harmony in every bottle of this wine. You can easily taste the tropical fruits and the honeycomb toffee aromas in this sweet reductive white wine. Best paired with creamy desserts with lots of fresh fruit in them cooled down to 10-12\u00b0C.<\/p>\n","protected":false},"featured_media":14539,"comment_status":"open","ping_status":"closed","template":"","meta":{"_acf_changed":false},"product_brand":[],"product_cat":[102],"product_tag":[172],"class_list":{"0":"post-4375","1":"product","2":"type-product","3":"status-publish","4":"has-post-thumbnail","6":"product_cat-white","7":"product_tag-tramini-en","8":"pa_acid-51-g-l-en","9":"pa_alcohol-11-5-en","10":"pa_fajtaosszetetel-100-tramini-en","11":"pa_ft-518","12":"pa_ft-1-l-519","13":"pa_hova-ajanljuk-ajandekba-en","14":"pa_hova-ajanljuk-desszertekhez-en","15":"pa_maradek-cukortartalom-518-g-l-en","16":"pa_specified-region-eger-winer-region","17":"pa_volume-075-l-en","18":"pa_wine-type-sweet","19":"pa_wine-type-whote","21":"first","22":"outofstock","23":"shipping-taxable","24":"purchasable","25":"product-type-simple"},"acf":[],"yoast_head":"<!-- This site is optimized with the Yoast SEO plugin v27.5 - https:\/\/yoast.com\/product\/yoast-seo-wordpress\/ -->\n<title>Egri Tramini 2018 - Thummerer<\/title>\n<meta name=\"robots\" content=\"index, follow, max-snippet:-1, max-image-preview:large, max-video-preview:-1\" \/>\n<link rel=\"canonical\" href=\"https:\/\/thummerer.hu\/en\/boraink\/tramini-2018\/\" \/>\n<meta property=\"og:locale\" content=\"en_US\" \/>\n<meta property=\"og:type\" content=\"article\" \/>\n<meta property=\"og:title\" content=\"Egri Tramini 2018 - Thummerer\" \/>\n<meta property=\"og:description\" content=\"Our Tramini from 2018 is one of the most exciting wine from our Winery. This wine has a unique feature \u2013 it has unusually high sugar content (51,8g\/l), which comes from late harvest. This reductive wine is great for those, who\u2019s just started to meet and drink white wines. The Cs\u00f3k\u00e1s vineyard has the ability, to bring the aromas and the uniqueness from this type of grape. You can find a natural sweetness in perfect harmony in every bottle of this wine. You can easily taste the tropical fruits and the honeycomb toffee aromas in this sweet reductive white wine. Best paired with creamy desserts with lots of fresh fruit in them cooled down to 10-12\u00b0C.\" \/>\n<meta property=\"og:url\" content=\"https:\/\/thummerer.hu\/en\/boraink\/tramini-2018\/\" \/>\n<meta property=\"og:site_name\" content=\"Thummerer\" \/>\n<meta property=\"article:modified_time\" content=\"2025-08-26T12:01:52+00:00\" \/>\n<meta property=\"og:image\" content=\"https:\/\/thummerer.hu\/wp-content\/uploads\/2021\/04\/210121-DF-Thummerer-Tramini.jpg\" \/>\n\t<meta property=\"og:image:width\" content=\"820\" \/>\n\t<meta property=\"og:image:height\" content=\"1230\" \/>\n\t<meta property=\"og:image:type\" content=\"image\/jpeg\" \/>\n<meta name=\"twitter:card\" content=\"summary_large_image\" \/>\n<script type=\"application\/ld+json\" class=\"yoast-schema-graph\">{\"@context\":\"https:\\\/\\\/schema.org\",\"@graph\":[{\"@type\":\"WebPage\",\"@id\":\"https:\\\/\\\/thummerer.hu\\\/en\\\/boraink\\\/tramini-2018\\\/\",\"url\":\"https:\\\/\\\/thummerer.hu\\\/en\\\/boraink\\\/tramini-2018\\\/\",\"name\":\"Egri Tramini 2018 - Thummerer\",\"isPartOf\":{\"@id\":\"https:\\\/\\\/thummerer.hu\\\/#website\"},\"primaryImageOfPage\":{\"@id\":\"https:\\\/\\\/thummerer.hu\\\/en\\\/boraink\\\/tramini-2018\\\/#primaryimage\"},\"image\":{\"@id\":\"https:\\\/\\\/thummerer.hu\\\/en\\\/boraink\\\/tramini-2018\\\/#primaryimage\"},\"thumbnailUrl\":\"https:\\\/\\\/thummerer.hu\\\/wp-content\\\/uploads\\\/2021\\\/04\\\/Tramini-2018.jpg\",\"datePublished\":\"2021-04-19T10:38:39+00:00\",\"dateModified\":\"2025-08-26T12:01:52+00:00\",\"breadcrumb\":{\"@id\":\"https:\\\/\\\/thummerer.hu\\\/en\\\/boraink\\\/tramini-2018\\\/#breadcrumb\"},\"inLanguage\":\"en-US\",\"potentialAction\":[{\"@type\":\"ReadAction\",\"target\":[\"https:\\\/\\\/thummerer.hu\\\/en\\\/boraink\\\/tramini-2018\\\/\"]}]},{\"@type\":\"ImageObject\",\"inLanguage\":\"en-US\",\"@id\":\"https:\\\/\\\/thummerer.hu\\\/en\\\/boraink\\\/tramini-2018\\\/#primaryimage\",\"url\":\"https:\\\/\\\/thummerer.hu\\\/wp-content\\\/uploads\\\/2021\\\/04\\\/Tramini-2018.jpg\",\"contentUrl\":\"https:\\\/\\\/thummerer.hu\\\/wp-content\\\/uploads\\\/2021\\\/04\\\/Tramini-2018.jpg\",\"width\":820,\"height\":1230},{\"@type\":\"BreadcrumbList\",\"@id\":\"https:\\\/\\\/thummerer.hu\\\/en\\\/boraink\\\/tramini-2018\\\/#breadcrumb\",\"itemListElement\":[{\"@type\":\"ListItem\",\"position\":1,\"name\":\"Home\",\"item\":\"https:\\\/\\\/thummerer.hu\\\/en\\\/\"},{\"@type\":\"ListItem\",\"position\":2,\"name\":\"Egri Tramini 2018\"}]},{\"@type\":\"WebSite\",\"@id\":\"https:\\\/\\\/thummerer.hu\\\/#website\",\"url\":\"https:\\\/\\\/thummerer.hu\\\/\",\"name\":\"Thummerer\",\"description\":\"Pinc\u00e9szet \u00e9s Sz\u0151l\u0151birtok\",\"potentialAction\":[{\"@type\":\"SearchAction\",\"target\":{\"@type\":\"EntryPoint\",\"urlTemplate\":\"https:\\\/\\\/thummerer.hu\\\/?s={search_term_string}\"},\"query-input\":{\"@type\":\"PropertyValueSpecification\",\"valueRequired\":true,\"valueName\":\"search_term_string\"}}],\"inLanguage\":\"en-US\"}]}<\/script>\n<!-- \/ Yoast SEO plugin. -->","yoast_head_json":{"title":"Egri Tramini 2018 - Thummerer","robots":{"index":"index","follow":"follow","max-snippet":"max-snippet:-1","max-image-preview":"max-image-preview:large","max-video-preview":"max-video-preview:-1"},"canonical":"https:\/\/thummerer.hu\/en\/boraink\/tramini-2018\/","og_locale":"en_US","og_type":"article","og_title":"Egri Tramini 2018 - Thummerer","og_description":"Our Tramini from 2018 is one of the most exciting wine from our Winery. This wine has a unique feature \u2013 it has unusually high sugar content (51,8g\/l), which comes from late harvest. This reductive wine is great for those, who\u2019s just started to meet and drink white wines. The Cs\u00f3k\u00e1s vineyard has the ability, to bring the aromas and the uniqueness from this type of grape. You can find a natural sweetness in perfect harmony in every bottle of this wine. You can easily taste the tropical fruits and the honeycomb toffee aromas in this sweet reductive white wine. Best paired with creamy desserts with lots of fresh fruit in them cooled down to 10-12\u00b0C.","og_url":"https:\/\/thummerer.hu\/en\/boraink\/tramini-2018\/","og_site_name":"Thummerer","article_modified_time":"2025-08-26T12:01:52+00:00","og_image":[{"width":820,"height":1230,"url":"https:\/\/thummerer.hu\/wp-content\/uploads\/2021\/04\/210121-DF-Thummerer-Tramini.jpg","type":"image\/jpeg"}],"twitter_card":"summary_large_image","schema":{"@context":"https:\/\/schema.org","@graph":[{"@type":"WebPage","@id":"https:\/\/thummerer.hu\/en\/boraink\/tramini-2018\/","url":"https:\/\/thummerer.hu\/en\/boraink\/tramini-2018\/","name":"Egri Tramini 2018 - Thummerer","isPartOf":{"@id":"https:\/\/thummerer.hu\/#website"},"primaryImageOfPage":{"@id":"https:\/\/thummerer.hu\/en\/boraink\/tramini-2018\/#primaryimage"},"image":{"@id":"https:\/\/thummerer.hu\/en\/boraink\/tramini-2018\/#primaryimage"},"thumbnailUrl":"https:\/\/thummerer.hu\/wp-content\/uploads\/2021\/04\/Tramini-2018.jpg","datePublished":"2021-04-19T10:38:39+00:00","dateModified":"2025-08-26T12:01:52+00:00","breadcrumb":{"@id":"https:\/\/thummerer.hu\/en\/boraink\/tramini-2018\/#breadcrumb"},"inLanguage":"en-US","potentialAction":[{"@type":"ReadAction","target":["https:\/\/thummerer.hu\/en\/boraink\/tramini-2018\/"]}]},{"@type":"ImageObject","inLanguage":"en-US","@id":"https:\/\/thummerer.hu\/en\/boraink\/tramini-2018\/#primaryimage","url":"https:\/\/thummerer.hu\/wp-content\/uploads\/2021\/04\/Tramini-2018.jpg","contentUrl":"https:\/\/thummerer.hu\/wp-content\/uploads\/2021\/04\/Tramini-2018.jpg","width":820,"height":1230},{"@type":"BreadcrumbList","@id":"https:\/\/thummerer.hu\/en\/boraink\/tramini-2018\/#breadcrumb","itemListElement":[{"@type":"ListItem","position":1,"name":"Home","item":"https:\/\/thummerer.hu\/en\/"},{"@type":"ListItem","position":2,"name":"Egri Tramini 2018"}]},{"@type":"WebSite","@id":"https:\/\/thummerer.hu\/#website","url":"https:\/\/thummerer.hu\/","name":"Thummerer","description":"Pinc\u00e9szet \u00e9s Sz\u0151l\u0151birtok","potentialAction":[{"@type":"SearchAction","target":{"@type":"EntryPoint","urlTemplate":"https:\/\/thummerer.hu\/?s={search_term_string}"},"query-input":{"@type":"PropertyValueSpecification","valueRequired":true,"valueName":"search_term_string"}}],"inLanguage":"en-US"}]}},"_links":{"self":[{"href":"https:\/\/thummerer.hu\/en\/wp-json\/wp\/v2\/product\/4375","targetHints":{"allow":["GET"]}}],"collection":[{"href":"https:\/\/thummerer.hu\/en\/wp-json\/wp\/v2\/product"}],"about":[{"href":"https:\/\/thummerer.hu\/en\/wp-json\/wp\/v2\/types\/product"}],"replies":[{"embeddable":true,"href":"https:\/\/thummerer.hu\/en\/wp-json\/wp\/v2\/comments?post=4375"}],"wp:featuredmedia":[{"embeddable":true,"href":"https:\/\/thummerer.hu\/en\/wp-json\/wp\/v2\/media\/14539"}],"wp:attachment":[{"href":"https:\/\/thummerer.hu\/en\/wp-json\/wp\/v2\/media?parent=4375"}],"wp:term":[{"taxonomy":"product_brand","embeddable":true,"href":"https:\/\/thummerer.hu\/en\/wp-json\/wp\/v2\/product_brand?post=4375"},{"taxonomy":"product_cat","embeddable":true,"href":"https:\/\/thummerer.hu\/en\/wp-json\/wp\/v2\/product_cat?post=4375"},{"taxonomy":"product_tag","embeddable":true,"href":"https:\/\/thummerer.hu\/en\/wp-json\/wp\/v2\/product_tag?post=4375"}],"curies":[{"name":"wp","href":"https:\/\/api.w.org\/{rel}","templated":true}]}}