{"id":4404,"date":"2021-04-19T11:17:06","date_gmt":"2021-04-19T11:17:06","guid":{"rendered":"http:\/\/thummerer.davidnagy.hu\/boraink\/3-as-falada\/"},"modified":"2021-07-05T08:59:25","modified_gmt":"2021-07-05T08:59:25","slug":"3-pack-wooden-box","status":"publish","type":"product","link":"https:\/\/thummerer.hu\/en\/wines\/3-pack-wooden-box\/","title":{"rendered":"3 pack wooden box"},"content":{"rendered":"","protected":false},"excerpt":{"rendered":"<p>Our goal was to make a durable and traditional, but still elegant-looking package alternative, beyond our standard paper boxes. Fortunatelly we didn\u2019t have to wait for too long from the idea to actually acheving it, our dream came true with these recycled wooden boxes. We are offering now 5 kinds of them, with our logo written on it of course.<\/p>\n<p>The one box, which provide the most freedom must be this crate. From the beginning of the designing process, we fell in love with it\u2019s littlest detailts and safe-portable abilities. It can be used for long ages, and also one of the best ornament we could imagine for wine-lovers.<\/p>\n","protected":false},"featured_media":4399,"comment_status":"open","ping_status":"closed","template":"","meta":{"_acf_changed":false},"product_brand":[],"product_cat":[264],"product_tag":[],"class_list":{"0":"post-4404","1":"product","2":"type-product","3":"status-publish","4":"has-post-thumbnail","6":"product_cat-doboz-en","7":"pa_hova-ajanljuk-ajandekba-en","9":"first","10":"instock","11":"shipping-taxable","12":"purchasable","13":"product-type-simple"},"acf":[],"yoast_head":"<!-- This site is optimized with the Yoast SEO plugin v27.5 - https:\/\/yoast.com\/product\/yoast-seo-wordpress\/ -->\n<title>3 pack wooden box - Thummerer<\/title>\n<meta name=\"robots\" content=\"index, follow, max-snippet:-1, max-image-preview:large, max-video-preview:-1\" \/>\n<link rel=\"canonical\" href=\"https:\/\/thummerer.hu\/en\/boraink\/3-pack-wooden-box\/\" \/>\n<meta property=\"og:locale\" content=\"en_US\" \/>\n<meta property=\"og:type\" content=\"article\" \/>\n<meta property=\"og:title\" content=\"3 pack wooden box - Thummerer\" \/>\n<meta property=\"og:description\" content=\"Our goal was to make a durable and traditional, but still elegant-looking package alternative, beyond our standard paper boxes. Fortunatelly we didn\u2019t have to wait for too long from the idea to actually acheving it, our dream came true with these recycled wooden boxes. We are offering now 5 kinds of them, with our logo written on it of course.  The one box, which provide the most freedom must be this crate. From the beginning of the designing process, we fell in love with it\u2019s littlest detailts and safe-portable abilities. It can be used for long ages, and also one of the best ornament we could imagine for wine-lovers.\" \/>\n<meta property=\"og:url\" content=\"https:\/\/thummerer.hu\/en\/boraink\/3-pack-wooden-box\/\" \/>\n<meta property=\"og:site_name\" content=\"Thummerer\" \/>\n<meta property=\"article:modified_time\" content=\"2021-07-05T08:59:25+00:00\" \/>\n<meta property=\"og:image\" content=\"https:\/\/thummerer.hu\/wp-content\/uploads\/2021\/04\/210121-DF-Thummerer-Palackfotok14667.jpg\" \/>\n\t<meta property=\"og:image:width\" content=\"820\" \/>\n\t<meta property=\"og:image:height\" content=\"1230\" \/>\n\t<meta property=\"og:image:type\" content=\"image\/jpeg\" \/>\n<meta name=\"twitter:card\" content=\"summary_large_image\" \/>\n<script type=\"application\/ld+json\" class=\"yoast-schema-graph\">{\"@context\":\"https:\\\/\\\/schema.org\",\"@graph\":[{\"@type\":\"WebPage\",\"@id\":\"https:\\\/\\\/thummerer.hu\\\/en\\\/boraink\\\/3-pack-wooden-box\\\/\",\"url\":\"https:\\\/\\\/thummerer.hu\\\/en\\\/boraink\\\/3-pack-wooden-box\\\/\",\"name\":\"3 pack wooden box - Thummerer\",\"isPartOf\":{\"@id\":\"https:\\\/\\\/thummerer.hu\\\/#website\"},\"primaryImageOfPage\":{\"@id\":\"https:\\\/\\\/thummerer.hu\\\/en\\\/boraink\\\/3-pack-wooden-box\\\/#primaryimage\"},\"image\":{\"@id\":\"https:\\\/\\\/thummerer.hu\\\/en\\\/boraink\\\/3-pack-wooden-box\\\/#primaryimage\"},\"thumbnailUrl\":\"https:\\\/\\\/thummerer.hu\\\/wp-content\\\/uploads\\\/2021\\\/04\\\/210121-DF-Thummerer-Palackfotok14667.jpg\",\"datePublished\":\"2021-04-19T11:17:06+00:00\",\"dateModified\":\"2021-07-05T08:59:25+00:00\",\"breadcrumb\":{\"@id\":\"https:\\\/\\\/thummerer.hu\\\/en\\\/boraink\\\/3-pack-wooden-box\\\/#breadcrumb\"},\"inLanguage\":\"en-US\",\"potentialAction\":[{\"@type\":\"ReadAction\",\"target\":[\"https:\\\/\\\/thummerer.hu\\\/en\\\/boraink\\\/3-pack-wooden-box\\\/\"]}]},{\"@type\":\"ImageObject\",\"inLanguage\":\"en-US\",\"@id\":\"https:\\\/\\\/thummerer.hu\\\/en\\\/boraink\\\/3-pack-wooden-box\\\/#primaryimage\",\"url\":\"https:\\\/\\\/thummerer.hu\\\/wp-content\\\/uploads\\\/2021\\\/04\\\/210121-DF-Thummerer-Palackfotok14667.jpg\",\"contentUrl\":\"https:\\\/\\\/thummerer.hu\\\/wp-content\\\/uploads\\\/2021\\\/04\\\/210121-DF-Thummerer-Palackfotok14667.jpg\",\"width\":820,\"height\":1230},{\"@type\":\"BreadcrumbList\",\"@id\":\"https:\\\/\\\/thummerer.hu\\\/en\\\/boraink\\\/3-pack-wooden-box\\\/#breadcrumb\",\"itemListElement\":[{\"@type\":\"ListItem\",\"position\":1,\"name\":\"Home\",\"item\":\"https:\\\/\\\/thummerer.hu\\\/en\\\/\"},{\"@type\":\"ListItem\",\"position\":2,\"name\":\"3 pack wooden box\"}]},{\"@type\":\"WebSite\",\"@id\":\"https:\\\/\\\/thummerer.hu\\\/#website\",\"url\":\"https:\\\/\\\/thummerer.hu\\\/\",\"name\":\"Thummerer\",\"description\":\"Pinc\u00e9szet \u00e9s Sz\u0151l\u0151birtok\",\"potentialAction\":[{\"@type\":\"SearchAction\",\"target\":{\"@type\":\"EntryPoint\",\"urlTemplate\":\"https:\\\/\\\/thummerer.hu\\\/?s={search_term_string}\"},\"query-input\":{\"@type\":\"PropertyValueSpecification\",\"valueRequired\":true,\"valueName\":\"search_term_string\"}}],\"inLanguage\":\"en-US\"}]}<\/script>\n<!-- \/ Yoast SEO plugin. -->","yoast_head_json":{"title":"3 pack wooden box - Thummerer","robots":{"index":"index","follow":"follow","max-snippet":"max-snippet:-1","max-image-preview":"max-image-preview:large","max-video-preview":"max-video-preview:-1"},"canonical":"https:\/\/thummerer.hu\/en\/boraink\/3-pack-wooden-box\/","og_locale":"en_US","og_type":"article","og_title":"3 pack wooden box - Thummerer","og_description":"Our goal was to make a durable and traditional, but still elegant-looking package alternative, beyond our standard paper boxes. Fortunatelly we didn\u2019t have to wait for too long from the idea to actually acheving it, our dream came true with these recycled wooden boxes. We are offering now 5 kinds of them, with our logo written on it of course.  The one box, which provide the most freedom must be this crate. From the beginning of the designing process, we fell in love with it\u2019s littlest detailts and safe-portable abilities. It can be used for long ages, and also one of the best ornament we could imagine for wine-lovers.","og_url":"https:\/\/thummerer.hu\/en\/boraink\/3-pack-wooden-box\/","og_site_name":"Thummerer","article_modified_time":"2021-07-05T08:59:25+00:00","og_image":[{"width":820,"height":1230,"url":"https:\/\/thummerer.hu\/wp-content\/uploads\/2021\/04\/210121-DF-Thummerer-Palackfotok14667.jpg","type":"image\/jpeg"}],"twitter_card":"summary_large_image","schema":{"@context":"https:\/\/schema.org","@graph":[{"@type":"WebPage","@id":"https:\/\/thummerer.hu\/en\/boraink\/3-pack-wooden-box\/","url":"https:\/\/thummerer.hu\/en\/boraink\/3-pack-wooden-box\/","name":"3 pack wooden box - Thummerer","isPartOf":{"@id":"https:\/\/thummerer.hu\/#website"},"primaryImageOfPage":{"@id":"https:\/\/thummerer.hu\/en\/boraink\/3-pack-wooden-box\/#primaryimage"},"image":{"@id":"https:\/\/thummerer.hu\/en\/boraink\/3-pack-wooden-box\/#primaryimage"},"thumbnailUrl":"https:\/\/thummerer.hu\/wp-content\/uploads\/2021\/04\/210121-DF-Thummerer-Palackfotok14667.jpg","datePublished":"2021-04-19T11:17:06+00:00","dateModified":"2021-07-05T08:59:25+00:00","breadcrumb":{"@id":"https:\/\/thummerer.hu\/en\/boraink\/3-pack-wooden-box\/#breadcrumb"},"inLanguage":"en-US","potentialAction":[{"@type":"ReadAction","target":["https:\/\/thummerer.hu\/en\/boraink\/3-pack-wooden-box\/"]}]},{"@type":"ImageObject","inLanguage":"en-US","@id":"https:\/\/thummerer.hu\/en\/boraink\/3-pack-wooden-box\/#primaryimage","url":"https:\/\/thummerer.hu\/wp-content\/uploads\/2021\/04\/210121-DF-Thummerer-Palackfotok14667.jpg","contentUrl":"https:\/\/thummerer.hu\/wp-content\/uploads\/2021\/04\/210121-DF-Thummerer-Palackfotok14667.jpg","width":820,"height":1230},{"@type":"BreadcrumbList","@id":"https:\/\/thummerer.hu\/en\/boraink\/3-pack-wooden-box\/#breadcrumb","itemListElement":[{"@type":"ListItem","position":1,"name":"Home","item":"https:\/\/thummerer.hu\/en\/"},{"@type":"ListItem","position":2,"name":"3 pack wooden box"}]},{"@type":"WebSite","@id":"https:\/\/thummerer.hu\/#website","url":"https:\/\/thummerer.hu\/","name":"Thummerer","description":"Pinc\u00e9szet \u00e9s Sz\u0151l\u0151birtok","potentialAction":[{"@type":"SearchAction","target":{"@type":"EntryPoint","urlTemplate":"https:\/\/thummerer.hu\/?s={search_term_string}"},"query-input":{"@type":"PropertyValueSpecification","valueRequired":true,"valueName":"search_term_string"}}],"inLanguage":"en-US"}]}},"_links":{"self":[{"href":"https:\/\/thummerer.hu\/en\/wp-json\/wp\/v2\/product\/4404","targetHints":{"allow":["GET"]}}],"collection":[{"href":"https:\/\/thummerer.hu\/en\/wp-json\/wp\/v2\/product"}],"about":[{"href":"https:\/\/thummerer.hu\/en\/wp-json\/wp\/v2\/types\/product"}],"replies":[{"embeddable":true,"href":"https:\/\/thummerer.hu\/en\/wp-json\/wp\/v2\/comments?post=4404"}],"wp:featuredmedia":[{"embeddable":true,"href":"https:\/\/thummerer.hu\/en\/wp-json\/wp\/v2\/media\/4399"}],"wp:attachment":[{"href":"https:\/\/thummerer.hu\/en\/wp-json\/wp\/v2\/media?parent=4404"}],"wp:term":[{"taxonomy":"product_brand","embeddable":true,"href":"https:\/\/thummerer.hu\/en\/wp-json\/wp\/v2\/product_brand?post=4404"},{"taxonomy":"product_cat","embeddable":true,"href":"https:\/\/thummerer.hu\/en\/wp-json\/wp\/v2\/product_cat?post=4404"},{"taxonomy":"product_tag","embeddable":true,"href":"https:\/\/thummerer.hu\/en\/wp-json\/wp\/v2\/product_tag?post=4404"}],"curies":[{"name":"wp","href":"https:\/\/api.w.org\/{rel}","templated":true}]}}