{"id":4438,"date":"2021-04-19T11:29:35","date_gmt":"2021-04-19T11:29:35","guid":{"rendered":"http:\/\/thummerer.davidnagy.hu\/boraink\/bikaver-csomag\/"},"modified":"2026-04-26T12:51:24","modified_gmt":"2026-04-26T12:51:24","slug":"bikaver-pack","status":"publish","type":"product","link":"https:\/\/thummerer.hu\/en\/wines\/bikaver-pack\/","title":{"rendered":"Bikav\u00e9r pack"},"content":{"rendered":"","protected":false},"excerpt":{"rendered":"<p>Eger\u2019s most famous wine, the Bullsblood. According to a legend, Dob\u00f3 Istv\u00e1n\u2019s fighters drank this in 1552, before and along the protection of the castle againts the turkish horde. We are very proud of this tale, so every winery trying to keep it\u2019s great name. We weren\u2019t be satisfied just for this title, our mission is to bring it to a higher level. 2016 was a really successful year for us, especially when we talk about the grapes. The weather was soo warm, we could harvest them with high sugar level, which lead it to a perfect ripening. To give it the Superior title, it has to be at a higher level from the haervesting to the actual taste, so we only make this type of wine from the best vintages. We used 50-50% of the grapes from Pannonian Basis and secular types. We added Merlot, Cabernet franc, Cabernet sauvignon and Syrah to the Blauburger base. Due to this blend, final product is a well-bodied red dry wine, with the smell of fruits and spicies. The fermentation process took 18 months in wood barrels, with whole malolactic fermentation, which was followed by a long period of bottle maturing to maximalize it\u2019s complexity.<\/p>\n<p>It can give the prefect harmony with beef and proud flesh based dishes, sevred in 16-18\u00b0C.<\/p>\n<p>6 bottle Egri Bikav\u00e9r Classicus 2022\/ pack<\/p>\n<p>Only in our webshop!<\/p>\n","protected":false},"featured_media":4433,"comment_status":"open","ping_status":"closed","template":"","meta":{"_acf_changed":false},"product_brand":[],"product_cat":[262],"product_tag":[],"class_list":{"0":"post-4438","1":"product","2":"type-product","3":"status-publish","4":"has-post-thumbnail","6":"product_cat-borcsomag-en","7":"pa_hova-ajanljuk-ajandekba-en","9":"first","10":"instock","11":"shipping-taxable","12":"purchasable","13":"product-type-simple"},"acf":[],"yoast_head":"<!-- This site is optimized with the Yoast SEO plugin v27.1.1 - https:\/\/yoast.com\/product\/yoast-seo-wordpress\/ -->\n<title>Bikav\u00e9r pack - Thummerer<\/title>\n<meta name=\"robots\" content=\"index, follow, max-snippet:-1, max-image-preview:large, max-video-preview:-1\" \/>\n<link rel=\"canonical\" href=\"https:\/\/thummerer.hu\/en\/wines\/bikaver-pack\/\" \/>\n<meta property=\"og:locale\" content=\"en_US\" \/>\n<meta property=\"og:type\" content=\"article\" \/>\n<meta property=\"og:title\" content=\"Bikav\u00e9r pack - Thummerer\" \/>\n<meta property=\"og:description\" content=\"Eger\u2019s most famous wine, the Bullsblood. According to a legend, Dob\u00f3 Istv\u00e1n\u2019s fighters drank this in 1552, before and along the protection of the castle againts the turkish horde. We are very proud of this tale, so every winery trying to keep it\u2019s great name. We weren\u2019t be satisfied just for this title, our mission is to bring it to a higher level. 2016 was a really successful year for us, especially when we talk about the grapes. The weather was soo warm, we could harvest them with high sugar level, which lead it to a perfect ripening. To give it the Superior title, it has to be at a higher level from the haervesting to the actual taste, so we only make this type of wine from the best vintages. We used 50-50% of the grapes from Pannonian Basis and secular types. We added Merlot, Cabernet franc, Cabernet sauvignon and Syrah to the Blauburger base. Due to this blend, final product is a well-bodied red dry wine, with the smell of fruits and spicies. The fermentation process took 18 months in wood barrels, with whole malolactic fermentation, which was followed by a long period of bottle maturing to maximalize it\u2019s complexity.  It can give the prefect harmony with beef and proud flesh based dishes, sevred in 16-18\u00b0C.  6 bottle Egri Bikav\u00e9r Classicus 2022\/ pack  Only in our webshop!\" \/>\n<meta property=\"og:url\" content=\"https:\/\/thummerer.hu\/en\/wines\/bikaver-pack\/\" \/>\n<meta property=\"og:site_name\" content=\"Thummerer\" \/>\n<meta property=\"article:modified_time\" content=\"2026-04-26T12:51:24+00:00\" \/>\n<meta property=\"og:image\" content=\"https:\/\/thummerer.hu\/wp-content\/uploads\/2021\/04\/210121-DF-Thummerer-Egri-Bikaver-Classicus-csomag.jpg\" \/>\n\t<meta property=\"og:image:width\" content=\"820\" \/>\n\t<meta property=\"og:image:height\" content=\"1230\" \/>\n\t<meta property=\"og:image:type\" content=\"image\/jpeg\" \/>\n<meta name=\"twitter:card\" content=\"summary_large_image\" \/>\n<meta name=\"twitter:label1\" content=\"Est. reading time\" \/>\n\t<meta name=\"twitter:data1\" content=\"1 minute\" \/>\n<script type=\"application\/ld+json\" class=\"yoast-schema-graph\">{\"@context\":\"https:\/\/schema.org\",\"@graph\":[{\"@type\":\"WebPage\",\"@id\":\"https:\/\/thummerer.hu\/en\/wines\/bikaver-pack\/\",\"url\":\"https:\/\/thummerer.hu\/en\/wines\/bikaver-pack\/\",\"name\":\"Bikav\u00e9r pack - Thummerer\",\"isPartOf\":{\"@id\":\"https:\/\/thummerer.hu\/#website\"},\"primaryImageOfPage\":{\"@id\":\"https:\/\/thummerer.hu\/en\/wines\/bikaver-pack\/#primaryimage\"},\"image\":{\"@id\":\"https:\/\/thummerer.hu\/en\/wines\/bikaver-pack\/#primaryimage\"},\"thumbnailUrl\":\"https:\/\/thummerer.hu\/wp-content\/uploads\/2021\/04\/210121-DF-Thummerer-Egri-Bikaver-Classicus-csomag.jpg\",\"datePublished\":\"2021-04-19T11:29:35+00:00\",\"dateModified\":\"2026-04-26T12:51:24+00:00\",\"breadcrumb\":{\"@id\":\"https:\/\/thummerer.hu\/en\/wines\/bikaver-pack\/#breadcrumb\"},\"inLanguage\":\"en-US\",\"potentialAction\":[{\"@type\":\"ReadAction\",\"target\":[\"https:\/\/thummerer.hu\/en\/wines\/bikaver-pack\/\"]}]},{\"@type\":\"ImageObject\",\"inLanguage\":\"en-US\",\"@id\":\"https:\/\/thummerer.hu\/en\/wines\/bikaver-pack\/#primaryimage\",\"url\":\"https:\/\/thummerer.hu\/wp-content\/uploads\/2021\/04\/210121-DF-Thummerer-Egri-Bikaver-Classicus-csomag.jpg\",\"contentUrl\":\"https:\/\/thummerer.hu\/wp-content\/uploads\/2021\/04\/210121-DF-Thummerer-Egri-Bikaver-Classicus-csomag.jpg\",\"width\":820,\"height\":1230},{\"@type\":\"BreadcrumbList\",\"@id\":\"https:\/\/thummerer.hu\/en\/wines\/bikaver-pack\/#breadcrumb\",\"itemListElement\":[{\"@type\":\"ListItem\",\"position\":1,\"name\":\"Home\",\"item\":\"https:\/\/thummerer.hu\/en\/\"},{\"@type\":\"ListItem\",\"position\":2,\"name\":\"Bikav\u00e9r pack\"}]},{\"@type\":\"WebSite\",\"@id\":\"https:\/\/thummerer.hu\/#website\",\"url\":\"https:\/\/thummerer.hu\/\",\"name\":\"Thummerer\",\"description\":\"Pinc\u00e9szet \u00e9s Sz\u0151l\u0151birtok\",\"potentialAction\":[{\"@type\":\"SearchAction\",\"target\":{\"@type\":\"EntryPoint\",\"urlTemplate\":\"https:\/\/thummerer.hu\/?s={search_term_string}\"},\"query-input\":{\"@type\":\"PropertyValueSpecification\",\"valueRequired\":true,\"valueName\":\"search_term_string\"}}],\"inLanguage\":\"en-US\"}]}<\/script>\n<!-- \/ Yoast SEO plugin. -->","yoast_head_json":{"title":"Bikav\u00e9r pack - Thummerer","robots":{"index":"index","follow":"follow","max-snippet":"max-snippet:-1","max-image-preview":"max-image-preview:large","max-video-preview":"max-video-preview:-1"},"canonical":"https:\/\/thummerer.hu\/en\/wines\/bikaver-pack\/","og_locale":"en_US","og_type":"article","og_title":"Bikav\u00e9r pack - Thummerer","og_description":"Eger\u2019s most famous wine, the Bullsblood. According to a legend, Dob\u00f3 Istv\u00e1n\u2019s fighters drank this in 1552, before and along the protection of the castle againts the turkish horde. We are very proud of this tale, so every winery trying to keep it\u2019s great name. We weren\u2019t be satisfied just for this title, our mission is to bring it to a higher level. 2016 was a really successful year for us, especially when we talk about the grapes. The weather was soo warm, we could harvest them with high sugar level, which lead it to a perfect ripening. To give it the Superior title, it has to be at a higher level from the haervesting to the actual taste, so we only make this type of wine from the best vintages. We used 50-50% of the grapes from Pannonian Basis and secular types. We added Merlot, Cabernet franc, Cabernet sauvignon and Syrah to the Blauburger base. Due to this blend, final product is a well-bodied red dry wine, with the smell of fruits and spicies. The fermentation process took 18 months in wood barrels, with whole malolactic fermentation, which was followed by a long period of bottle maturing to maximalize it\u2019s complexity.  It can give the prefect harmony with beef and proud flesh based dishes, sevred in 16-18\u00b0C.  6 bottle Egri Bikav\u00e9r Classicus 2022\/ pack  Only in our webshop!","og_url":"https:\/\/thummerer.hu\/en\/wines\/bikaver-pack\/","og_site_name":"Thummerer","article_modified_time":"2026-04-26T12:51:24+00:00","og_image":[{"width":820,"height":1230,"url":"https:\/\/thummerer.hu\/wp-content\/uploads\/2021\/04\/210121-DF-Thummerer-Egri-Bikaver-Classicus-csomag.jpg","type":"image\/jpeg"}],"twitter_card":"summary_large_image","twitter_misc":{"Est. reading time":"1 minute"},"schema":{"@context":"https:\/\/schema.org","@graph":[{"@type":"WebPage","@id":"https:\/\/thummerer.hu\/en\/wines\/bikaver-pack\/","url":"https:\/\/thummerer.hu\/en\/wines\/bikaver-pack\/","name":"Bikav\u00e9r pack - Thummerer","isPartOf":{"@id":"https:\/\/thummerer.hu\/#website"},"primaryImageOfPage":{"@id":"https:\/\/thummerer.hu\/en\/wines\/bikaver-pack\/#primaryimage"},"image":{"@id":"https:\/\/thummerer.hu\/en\/wines\/bikaver-pack\/#primaryimage"},"thumbnailUrl":"https:\/\/thummerer.hu\/wp-content\/uploads\/2021\/04\/210121-DF-Thummerer-Egri-Bikaver-Classicus-csomag.jpg","datePublished":"2021-04-19T11:29:35+00:00","dateModified":"2026-04-26T12:51:24+00:00","breadcrumb":{"@id":"https:\/\/thummerer.hu\/en\/wines\/bikaver-pack\/#breadcrumb"},"inLanguage":"en-US","potentialAction":[{"@type":"ReadAction","target":["https:\/\/thummerer.hu\/en\/wines\/bikaver-pack\/"]}]},{"@type":"ImageObject","inLanguage":"en-US","@id":"https:\/\/thummerer.hu\/en\/wines\/bikaver-pack\/#primaryimage","url":"https:\/\/thummerer.hu\/wp-content\/uploads\/2021\/04\/210121-DF-Thummerer-Egri-Bikaver-Classicus-csomag.jpg","contentUrl":"https:\/\/thummerer.hu\/wp-content\/uploads\/2021\/04\/210121-DF-Thummerer-Egri-Bikaver-Classicus-csomag.jpg","width":820,"height":1230},{"@type":"BreadcrumbList","@id":"https:\/\/thummerer.hu\/en\/wines\/bikaver-pack\/#breadcrumb","itemListElement":[{"@type":"ListItem","position":1,"name":"Home","item":"https:\/\/thummerer.hu\/en\/"},{"@type":"ListItem","position":2,"name":"Bikav\u00e9r pack"}]},{"@type":"WebSite","@id":"https:\/\/thummerer.hu\/#website","url":"https:\/\/thummerer.hu\/","name":"Thummerer","description":"Pinc\u00e9szet \u00e9s Sz\u0151l\u0151birtok","potentialAction":[{"@type":"SearchAction","target":{"@type":"EntryPoint","urlTemplate":"https:\/\/thummerer.hu\/?s={search_term_string}"},"query-input":{"@type":"PropertyValueSpecification","valueRequired":true,"valueName":"search_term_string"}}],"inLanguage":"en-US"}]}},"_links":{"self":[{"href":"https:\/\/thummerer.hu\/en\/wp-json\/wp\/v2\/product\/4438","targetHints":{"allow":["GET"]}}],"collection":[{"href":"https:\/\/thummerer.hu\/en\/wp-json\/wp\/v2\/product"}],"about":[{"href":"https:\/\/thummerer.hu\/en\/wp-json\/wp\/v2\/types\/product"}],"replies":[{"embeddable":true,"href":"https:\/\/thummerer.hu\/en\/wp-json\/wp\/v2\/comments?post=4438"}],"wp:featuredmedia":[{"embeddable":true,"href":"https:\/\/thummerer.hu\/en\/wp-json\/wp\/v2\/media\/4433"}],"wp:attachment":[{"href":"https:\/\/thummerer.hu\/en\/wp-json\/wp\/v2\/media?parent=4438"}],"wp:term":[{"taxonomy":"product_brand","embeddable":true,"href":"https:\/\/thummerer.hu\/en\/wp-json\/wp\/v2\/product_brand?post=4438"},{"taxonomy":"product_cat","embeddable":true,"href":"https:\/\/thummerer.hu\/en\/wp-json\/wp\/v2\/product_cat?post=4438"},{"taxonomy":"product_tag","embeddable":true,"href":"https:\/\/thummerer.hu\/en\/wp-json\/wp\/v2\/product_tag?post=4438"}],"curies":[{"name":"wp","href":"https:\/\/api.w.org\/{rel}","templated":true}]}}