{"id":4462,"date":"2021-04-19T11:36:58","date_gmt":"2021-04-19T11:36:58","guid":{"rendered":"http:\/\/thummerer.davidnagy.hu\/boraink\/feher-pezsgo-csomag\/"},"modified":"2023-11-08T11:10:22","modified_gmt":"2023-11-08T11:10:22","slug":"brut-nature-champagne-pack","status":"publish","type":"product","link":"https:\/\/thummerer.hu\/en\/wines\/brut-nature-champagne-pack\/","title":{"rendered":"Brut Nature Champagne pack"},"content":{"rendered":"","protected":false},"excerpt":{"rendered":"<p>Elegance and celebration inside a bottle! Our Nature champagne was born from a mix of traditional and innovative ways. You can easily discover the fructed character from the taste and from the scent too. The most noticeable ones are definitely the lady apple, peach, and citruses. This outstanding sparkling wine \u2013 due to its nice acids \u2013 could provide a memorable experience in every season. It has a light rosy color, thanks to Pinot Noir, Chardonnay, and traditional Hungarian Kir\u00e1lyle\u00e1nyka. Thanks to our technology, the CO2 sparkles swim away really slow, so it is suitable for every special event.<\/p>\n<p>The description can\u2019t be completed without mentioning the technological background, because that is our champagne&#8217;s strongest feature. We are the ones who control the process, from the planting of the grape to disgorging the base wine. When we decided to try ourselves in the sparkling wine field too, we traveled to France, to learn every important detail about it. We were able to buy most of our tools in Epernay, France. The fermentation of the base wine took 24 months and after that, we started the disgorging process.<\/p>\n<p>To complement the memorable moments, you could always choose this rose champagne\u00a0next to an aperitif, served at 6-8\u00b0C.<\/p>\n<p>6 bottle Blanc Brut Nature Champagne 2017 \/ pack<\/p>\n<p>Only in our webshop!<\/p>\n","protected":false},"featured_media":4457,"comment_status":"open","ping_status":"closed","template":"","meta":{"_acf_changed":false},"product_brand":[],"product_cat":[262],"product_tag":[],"class_list":{"0":"post-4462","1":"product","2":"type-product","3":"status-publish","4":"has-post-thumbnail","6":"product_cat-borcsomag-en","7":"pa_hova-ajanljuk-ajandekba-en","9":"first","10":"instock","11":"shipping-taxable","12":"purchasable","13":"product-type-simple"},"acf":[],"yoast_head":"<!-- This site is optimized with the Yoast SEO plugin v27.5 - https:\/\/yoast.com\/product\/yoast-seo-wordpress\/ -->\n<title>Brut Nature Champagne pack - Thummerer<\/title>\n<meta name=\"robots\" content=\"index, follow, max-snippet:-1, max-image-preview:large, max-video-preview:-1\" \/>\n<link rel=\"canonical\" href=\"https:\/\/thummerer.hu\/en\/boraink\/brut-nature-champagne-pack\/\" \/>\n<meta property=\"og:locale\" content=\"en_US\" \/>\n<meta property=\"og:type\" content=\"article\" \/>\n<meta property=\"og:title\" content=\"Brut Nature Champagne pack - Thummerer\" \/>\n<meta property=\"og:description\" content=\"Elegance and celebration inside a bottle! Our Nature champagne was born from a mix of traditional and innovative ways. You can easily discover the fructed character from the taste and from the scent too. The most noticeable ones are definitely the lady apple, peach, and citruses. This outstanding sparkling wine \u2013 due to its nice acids \u2013 could provide a memorable experience in every season. It has a light rosy color, thanks to Pinot Noir, Chardonnay, and traditional Hungarian Kir\u00e1lyle\u00e1nyka. Thanks to our technology, the CO2 sparkles swim away really slow, so it is suitable for every special event.  The description can\u2019t be completed without mentioning the technological background, because that is our champagne&#039;s strongest feature. We are the ones who control the process, from the planting of the grape to disgorging the base wine. When we decided to try ourselves in the sparkling wine field too, we traveled to France, to learn every important detail about it. We were able to buy most of our tools in Epernay, France. The fermentation of the base wine took 24 months and after that, we started the disgorging process.  To complement the memorable moments, you could always choose this rose champagne\u00a0next to an aperitif, served at 6-8\u00b0C.  6 bottle Blanc Brut Nature Champagne 2017 \/ pack  Only in our webshop!\" \/>\n<meta property=\"og:url\" content=\"https:\/\/thummerer.hu\/en\/boraink\/brut-nature-champagne-pack\/\" \/>\n<meta property=\"og:site_name\" content=\"Thummerer\" \/>\n<meta property=\"article:modified_time\" content=\"2023-11-08T11:10:22+00:00\" \/>\n<meta property=\"og:image\" content=\"https:\/\/thummerer.hu\/wp-content\/uploads\/2021\/04\/210121-DF-Thummerer-Palackfotok14521.jpg\" \/>\n\t<meta property=\"og:image:width\" content=\"820\" \/>\n\t<meta property=\"og:image:height\" content=\"1230\" \/>\n\t<meta property=\"og:image:type\" content=\"image\/jpeg\" \/>\n<meta name=\"twitter:card\" content=\"summary_large_image\" \/>\n<script type=\"application\/ld+json\" class=\"yoast-schema-graph\">{\"@context\":\"https:\\\/\\\/schema.org\",\"@graph\":[{\"@type\":\"WebPage\",\"@id\":\"https:\\\/\\\/thummerer.hu\\\/en\\\/boraink\\\/brut-nature-champagne-pack\\\/\",\"url\":\"https:\\\/\\\/thummerer.hu\\\/en\\\/boraink\\\/brut-nature-champagne-pack\\\/\",\"name\":\"Brut Nature Champagne pack - Thummerer\",\"isPartOf\":{\"@id\":\"https:\\\/\\\/thummerer.hu\\\/#website\"},\"primaryImageOfPage\":{\"@id\":\"https:\\\/\\\/thummerer.hu\\\/en\\\/boraink\\\/brut-nature-champagne-pack\\\/#primaryimage\"},\"image\":{\"@id\":\"https:\\\/\\\/thummerer.hu\\\/en\\\/boraink\\\/brut-nature-champagne-pack\\\/#primaryimage\"},\"thumbnailUrl\":\"https:\\\/\\\/thummerer.hu\\\/wp-content\\\/uploads\\\/2021\\\/04\\\/210121-DF-Thummerer-Palackfotok14521.jpg\",\"datePublished\":\"2021-04-19T11:36:58+00:00\",\"dateModified\":\"2023-11-08T11:10:22+00:00\",\"breadcrumb\":{\"@id\":\"https:\\\/\\\/thummerer.hu\\\/en\\\/boraink\\\/brut-nature-champagne-pack\\\/#breadcrumb\"},\"inLanguage\":\"en-US\",\"potentialAction\":[{\"@type\":\"ReadAction\",\"target\":[\"https:\\\/\\\/thummerer.hu\\\/en\\\/boraink\\\/brut-nature-champagne-pack\\\/\"]}]},{\"@type\":\"ImageObject\",\"inLanguage\":\"en-US\",\"@id\":\"https:\\\/\\\/thummerer.hu\\\/en\\\/boraink\\\/brut-nature-champagne-pack\\\/#primaryimage\",\"url\":\"https:\\\/\\\/thummerer.hu\\\/wp-content\\\/uploads\\\/2021\\\/04\\\/210121-DF-Thummerer-Palackfotok14521.jpg\",\"contentUrl\":\"https:\\\/\\\/thummerer.hu\\\/wp-content\\\/uploads\\\/2021\\\/04\\\/210121-DF-Thummerer-Palackfotok14521.jpg\",\"width\":820,\"height\":1230},{\"@type\":\"BreadcrumbList\",\"@id\":\"https:\\\/\\\/thummerer.hu\\\/en\\\/boraink\\\/brut-nature-champagne-pack\\\/#breadcrumb\",\"itemListElement\":[{\"@type\":\"ListItem\",\"position\":1,\"name\":\"Home\",\"item\":\"https:\\\/\\\/thummerer.hu\\\/en\\\/\"},{\"@type\":\"ListItem\",\"position\":2,\"name\":\"Brut Nature Champagne pack\"}]},{\"@type\":\"WebSite\",\"@id\":\"https:\\\/\\\/thummerer.hu\\\/#website\",\"url\":\"https:\\\/\\\/thummerer.hu\\\/\",\"name\":\"Thummerer\",\"description\":\"Pinc\u00e9szet \u00e9s Sz\u0151l\u0151birtok\",\"potentialAction\":[{\"@type\":\"SearchAction\",\"target\":{\"@type\":\"EntryPoint\",\"urlTemplate\":\"https:\\\/\\\/thummerer.hu\\\/?s={search_term_string}\"},\"query-input\":{\"@type\":\"PropertyValueSpecification\",\"valueRequired\":true,\"valueName\":\"search_term_string\"}}],\"inLanguage\":\"en-US\"}]}<\/script>\n<!-- \/ Yoast SEO plugin. -->","yoast_head_json":{"title":"Brut Nature Champagne pack - Thummerer","robots":{"index":"index","follow":"follow","max-snippet":"max-snippet:-1","max-image-preview":"max-image-preview:large","max-video-preview":"max-video-preview:-1"},"canonical":"https:\/\/thummerer.hu\/en\/boraink\/brut-nature-champagne-pack\/","og_locale":"en_US","og_type":"article","og_title":"Brut Nature Champagne pack - Thummerer","og_description":"Elegance and celebration inside a bottle! Our Nature champagne was born from a mix of traditional and innovative ways. You can easily discover the fructed character from the taste and from the scent too. The most noticeable ones are definitely the lady apple, peach, and citruses. This outstanding sparkling wine \u2013 due to its nice acids \u2013 could provide a memorable experience in every season. It has a light rosy color, thanks to Pinot Noir, Chardonnay, and traditional Hungarian Kir\u00e1lyle\u00e1nyka. Thanks to our technology, the CO2 sparkles swim away really slow, so it is suitable for every special event.  The description can\u2019t be completed without mentioning the technological background, because that is our champagne's strongest feature. We are the ones who control the process, from the planting of the grape to disgorging the base wine. When we decided to try ourselves in the sparkling wine field too, we traveled to France, to learn every important detail about it. We were able to buy most of our tools in Epernay, France. The fermentation of the base wine took 24 months and after that, we started the disgorging process.  To complement the memorable moments, you could always choose this rose champagne\u00a0next to an aperitif, served at 6-8\u00b0C.  6 bottle Blanc Brut Nature Champagne 2017 \/ pack  Only in our webshop!","og_url":"https:\/\/thummerer.hu\/en\/boraink\/brut-nature-champagne-pack\/","og_site_name":"Thummerer","article_modified_time":"2023-11-08T11:10:22+00:00","og_image":[{"width":820,"height":1230,"url":"https:\/\/thummerer.hu\/wp-content\/uploads\/2021\/04\/210121-DF-Thummerer-Palackfotok14521.jpg","type":"image\/jpeg"}],"twitter_card":"summary_large_image","schema":{"@context":"https:\/\/schema.org","@graph":[{"@type":"WebPage","@id":"https:\/\/thummerer.hu\/en\/boraink\/brut-nature-champagne-pack\/","url":"https:\/\/thummerer.hu\/en\/boraink\/brut-nature-champagne-pack\/","name":"Brut Nature Champagne pack - Thummerer","isPartOf":{"@id":"https:\/\/thummerer.hu\/#website"},"primaryImageOfPage":{"@id":"https:\/\/thummerer.hu\/en\/boraink\/brut-nature-champagne-pack\/#primaryimage"},"image":{"@id":"https:\/\/thummerer.hu\/en\/boraink\/brut-nature-champagne-pack\/#primaryimage"},"thumbnailUrl":"https:\/\/thummerer.hu\/wp-content\/uploads\/2021\/04\/210121-DF-Thummerer-Palackfotok14521.jpg","datePublished":"2021-04-19T11:36:58+00:00","dateModified":"2023-11-08T11:10:22+00:00","breadcrumb":{"@id":"https:\/\/thummerer.hu\/en\/boraink\/brut-nature-champagne-pack\/#breadcrumb"},"inLanguage":"en-US","potentialAction":[{"@type":"ReadAction","target":["https:\/\/thummerer.hu\/en\/boraink\/brut-nature-champagne-pack\/"]}]},{"@type":"ImageObject","inLanguage":"en-US","@id":"https:\/\/thummerer.hu\/en\/boraink\/brut-nature-champagne-pack\/#primaryimage","url":"https:\/\/thummerer.hu\/wp-content\/uploads\/2021\/04\/210121-DF-Thummerer-Palackfotok14521.jpg","contentUrl":"https:\/\/thummerer.hu\/wp-content\/uploads\/2021\/04\/210121-DF-Thummerer-Palackfotok14521.jpg","width":820,"height":1230},{"@type":"BreadcrumbList","@id":"https:\/\/thummerer.hu\/en\/boraink\/brut-nature-champagne-pack\/#breadcrumb","itemListElement":[{"@type":"ListItem","position":1,"name":"Home","item":"https:\/\/thummerer.hu\/en\/"},{"@type":"ListItem","position":2,"name":"Brut Nature Champagne pack"}]},{"@type":"WebSite","@id":"https:\/\/thummerer.hu\/#website","url":"https:\/\/thummerer.hu\/","name":"Thummerer","description":"Pinc\u00e9szet \u00e9s Sz\u0151l\u0151birtok","potentialAction":[{"@type":"SearchAction","target":{"@type":"EntryPoint","urlTemplate":"https:\/\/thummerer.hu\/?s={search_term_string}"},"query-input":{"@type":"PropertyValueSpecification","valueRequired":true,"valueName":"search_term_string"}}],"inLanguage":"en-US"}]}},"_links":{"self":[{"href":"https:\/\/thummerer.hu\/en\/wp-json\/wp\/v2\/product\/4462","targetHints":{"allow":["GET"]}}],"collection":[{"href":"https:\/\/thummerer.hu\/en\/wp-json\/wp\/v2\/product"}],"about":[{"href":"https:\/\/thummerer.hu\/en\/wp-json\/wp\/v2\/types\/product"}],"replies":[{"embeddable":true,"href":"https:\/\/thummerer.hu\/en\/wp-json\/wp\/v2\/comments?post=4462"}],"wp:featuredmedia":[{"embeddable":true,"href":"https:\/\/thummerer.hu\/en\/wp-json\/wp\/v2\/media\/4457"}],"wp:attachment":[{"href":"https:\/\/thummerer.hu\/en\/wp-json\/wp\/v2\/media?parent=4462"}],"wp:term":[{"taxonomy":"product_brand","embeddable":true,"href":"https:\/\/thummerer.hu\/en\/wp-json\/wp\/v2\/product_brand?post=4462"},{"taxonomy":"product_cat","embeddable":true,"href":"https:\/\/thummerer.hu\/en\/wp-json\/wp\/v2\/product_cat?post=4462"},{"taxonomy":"product_tag","embeddable":true,"href":"https:\/\/thummerer.hu\/en\/wp-json\/wp\/v2\/product_tag?post=4462"}],"curies":[{"name":"wp","href":"https:\/\/api.w.org\/{rel}","templated":true}]}}